{"id":8560,"date":"2022-06-02T16:48:50","date_gmt":"2022-06-02T07:48:50","guid":{"rendered":"https:\/\/xavier.vizensoft.com\/wp\/?page_id=8560"},"modified":"2025-12-03T14:04:37","modified_gmt":"2025-12-03T05:04:37","slug":"covid-19","status":"publish","type":"page","link":"https:\/\/xavier.sc.kr\/wp\/?page_id=8560","title":{"rendered":"Covid-19"},"content":{"rendered":"\t\t<div data-elementor-type=\"wp-page\" data-elementor-id=\"8560\" class=\"elementor elementor-8560\" data-elementor-settings=\"[]\">\n\t\t\t\t\t\t\t<div class=\"elementor-section-wrap\">\n\t\t\t\t\t\t\t<div class=\"elementor-section elementor-top-section elementor-element elementor-element-92ef3cb elementor-section-full_width elementor-section-stretched sub_visual elementor-section-height-default elementor-section-height-default\" data-id=\"92ef3cb\" data-element_type=\"section\" data-settings=\"{&quot;stretch_section&quot;:&quot;section-stretched&quot;,&quot;background_background&quot;:&quot;classic&quot;}\">\n\t\t\t\t\t\t<div class=\"elementor-container elementor-column-gap-default\">\n\t\t\t\t\t<div class=\"elementor-column elementor-col-100 elementor-top-column elementor-element elementor-element-d97c5d9\" data-id=\"d97c5d9\" data-element_type=\"column\">\n\t\t\t<div class=\"elementor-widget-wrap elementor-element-populated\">\n\t\t\t\t\t\t\t\t<div class=\"elementor-element elementor-element-ae2ef5c elementor-widget elementor-widget-heading\" data-id=\"ae2ef5c\" data-element_type=\"widget\" data-widget_type=\"heading.default\">\n\t\t\t\t<div class=\"elementor-widget-container\">\n\t\t\t<style>\/*! elementor - v3.5.5 - 03-02-2022 *\/\n.elementor-heading-title{padding:0;margin:0;line-height:1}.elementor-widget-heading .elementor-heading-title[class*=elementor-size-]>a{color:inherit;font-size:inherit;line-height:inherit}.elementor-widget-heading .elementor-heading-title.elementor-size-small{font-size:15px}.elementor-widget-heading .elementor-heading-title.elementor-size-medium{font-size:19px}.elementor-widget-heading .elementor-heading-title.elementor-size-large{font-size:29px}.elementor-widget-heading .elementor-heading-title.elementor-size-xl{font-size:39px}.elementor-widget-heading .elementor-heading-title.elementor-size-xxl{font-size:59px}<\/style><h2 class=\"elementor-heading-title elementor-size-default\">\uad50\ub0b4\uc815\ubcf4<\/h2>\t\t<\/div>\n\t\t\t\t<\/div>\n\t\t\t\t<div class=\"elementor-element elementor-element-3b5ce69 elementor-widget elementor-widget-html\" data-id=\"3b5ce69\" data-element_type=\"widget\" data-widget_type=\"html.default\">\n\t\t\t\t<div class=\"elementor-widget-container\">\n\t\t\t<div class=\"sub_path\">\n    <a class=\"home\" href=\"\/wp\/\">\n        <img decoding=\"async\" src=\"\/image\/sub_visual_home_btn.png\"\/>\n    <\/a>\n    <div class=\"depth01\">\n        <p>\uad50\ub0b4\uc815\ubcf4<\/p>\n    <\/div>\n    <div class=\"depth02\">\n        <p>\uc8fc\uc694 \uc815\ubcf4<\/p>\n    <\/div>\n<\/div>\t\t<\/div>\n\t\t\t\t<\/div>\n\t\t\t\t\t<\/div>\n\t\t<\/div>\n\t\t\t\t\t\t\t<\/div>\n\t\t<\/div>\n\t\t\t\t<div class=\"elementor-section elementor-top-section elementor-element elementor-element-1c41bf2 tab_contents elementor-section-boxed elementor-section-height-default elementor-section-height-default\" data-id=\"1c41bf2\" data-element_type=\"section\">\n\t\t\t\t\t\t<div class=\"elementor-container elementor-column-gap-default\">\n\t\t\t\t\t<div class=\"elementor-column elementor-col-100 elementor-top-column elementor-element elementor-element-af84a80\" data-id=\"af84a80\" data-element_type=\"column\">\n\t\t\t<div class=\"elementor-widget-wrap elementor-element-populated\">\n\t\t\t\t\t\t\t\t<div class=\"elementor-element elementor-element-c0d6fee elementor-widget elementor-widget-html\" data-id=\"c0d6fee\" data-element_type=\"widget\" data-widget_type=\"html.default\">\n\t\t\t\t<div class=\"elementor-widget-container\">\n\t\t\t<div class=\"sub_tab grid7\">\r\n    <ul>\r\n        <li><a href=\"\/wp\/?page_id=9907\"><span>\uad50\ub0b4\uaddc\uce59<\/span><\/a><\/li>\r\n        <li><a href=\"\/wp\/?page_id=8558\"><span>\uac00\uc815\ud1b5\uc2e0\ubb38<\/span><\/a><\/li>\r\n        <li class=\"on\"><a href=\"\/wp\/?page_id=8560\"><span>\ub300\ud55c\ubbfc\uad6d\uc5d0\uc11c\uc758 \ud504\ub791\uc2a4 \ud559\uc81c<\/span><\/a><\/li>\r\n        <li><a href=\"\/wp\/?page_id=8562\"><span>\uae30\uc219\uc0ac<\/span><\/a><\/li>\r\n        <br\/>\r\n        <li><a href=\"\/wp\/?page_id=8564\"><span>\uad50\ubcf5<\/span><\/a><\/li>\r\n        <li><a href=\"\/wp\/?page_id=8566\"><span>\ud559\uce59<\/span><\/a><\/li>\r\n        <li><a href=\"\/wp\/?page_id=8568\"><span>\uce74\ud398\ud14c\ub9ac\uc544 \uba54\ub274<\/span><\/a><\/li>\r\n        <li><a href=\"\/wp\/?page_id=8570\"><span>\ub300\uae30\uc624\uc5fc\uc815\ubcf4<\/span><\/a><\/li>\r\n    <\/ul>\r\n<\/div>\r\n<div class=\"sub_tit\">\r\n\t<h3 class=\"poppins\">\ub300\ud55c\ubbfc\uad6d\uc5d0\uc11c\uc758 \ud504\ub791\uc2a4 \ud559\uc81c<\/h3>\r\n<\/div>\r\n\r\n\r\n\r\n<br><br>\r\n\r\n<div class=\"rule_top\">\r\n\r\n\t<!-- SECTION 1 -->\r\n\t<div class=\"box\">\r\n\t\t<div class=\"tit01\">\r\n\t\t\t<span class=\"num poppins\">1<\/span>\r\n\t\t\t<p>\uac1c\uc694<\/p>\r\n\t\t<\/div>\r\n\t\t<div class=\"desc\">\r\n\t\t\t<p>\uc774 \ud398\uc774\uc9c0\ub294 \ub300\ud55c\ubbfc\uad6d\uc5d0\uc11c \uc790\ub140\ub97c \ud504\ub791\uc2a4 \ud559\uc81c\uc5d0 \ub4f1\ub85d\ud558\uace0\uc790 \ud558\ub294 \ud504\ub791\uc2a4 \uad6d\uc801\uc790 \ubc0f \ud559\ubd80\ubaa8\ub97c \uc704\ud55c \uc548\ub0b4\uc785\ub2c8\ub2e4.<\/p>\r\n\t\t\t<br>\r\n\t\t\t<p>\uc774\uacf3\uc5d0\uc11c\ub294 \uc120\ud0dd \uac00\ub2a5\ud55c \uad50\uc721 \uc635\uc158, \uad00\ub828 \uc81c\uc57d\uc0ac\ud56d, \uadf8\ub9ac\uace0 \ub4f1\ub85d \uc870\uac74\uc744 \uc18c\uac1c\ud569\ub2c8\ub2e4.<br>\r\n\t\t\t\ub300\ud55c\ubbfc\uad6d \ub0b4\uc5d0\uc11c \ud504\ub791\uc2a4\uc2dd \uad50\uc721\uc744 \ubc1b\uc744 \uc218 \uc788\ub294 \uc8fc\uc694 \uc120\ud0dd\uc9c0\ub294 \ub2e4\uc74c \uc138 \uac00\uc9c0\uc785\ub2c8\ub2e4.<\/p>\r\n\t\t<\/div>\r\n\t\t<div class=\"note\">\r\n\t\t\t<ul>\r\n\t\t\t\t<li>\uc635\uc158 1 : AEFE \uc18c\uc18d \ud559\uad50 \ub4f1\ub85d<\/li>\r\n\t\t\t\t<li>\uc635\uc158 2 : CNED (\ud504\ub791\uc2a4 \uc6d0\uaca9\uad50\uc721\uc13c\ud130)<\/li>\r\n\t\t\t\t<li>\uc635\uc158 3 : \ud604\uc9c0 \ud559\uad50 \uc7ac\ud559 + \ud504\ub791\uc2a4 \ubcf4\ucda9 \uad50\uc721 (SCI)<\/li>\r\n\t\t\t<\/ul>\r\n\t\t<\/div>\r\n\t<\/div>\r\n\r\n\t<!-- SECTION 2 AEFE -->\r\n\t<div class=\"box\">\r\n\t\t<div class=\"tit01\">\r\n\t\t\t<span class=\"num poppins\">2<\/span>\r\n\t\t\t<p>\uc635\uc158 1 : AEFE (\ud504\ub791\uc2a4 \ud574\uc678\uad50\uc721\uccad)<\/p>\r\n\t\t<\/div>\r\n\r\n\t\t<div class=\"box02\">\r\n\t\t\t<div class=\"tit02\">\r\n\t\t\t\t<span class=\"poppins\">2.1<\/span>\r\n\t\t\t\t<p>AEFE \uc18c\uc18d \ud559\uad50 \ub4f1\ub85d<\/p>\r\n\t\t\t<\/div>\r\n\t\t\t<div class=\"desc\">\r\n\t\t\t\t<p>\ub300\ud55c\ubbfc\uad6d \uc218\ub3c4\uad8c\uc5d0\ub294 \ub450 \uac1c\uc758 AEFE \uc18c\uc18d \ud559\uad50\uac00 \uc788\uc2b5\ub2c8\ub2e4 :<\/p>\r\n\t\t\t\t<p>\u2022 \uc11c\uc6b8\ud504\ub791\uc2a4\ud559\uad50 (Lyc\u00e9e Fran\u00e7ais de S\u00e9oul)<br>\r\n\t\t\t\t\u2022 \ud558\ube44\uc5d0\ub974 \uad6d\uc81c\ud559\uad50 (Lyc\u00e9e International Xavier)<\/p>\r\n\t\t\t\t<br>\r\n\t\t\t\t<p>\uc774 \ub450 \ud559\uad50\ub294 \uc7a5\uae30 \uccb4\ub958\uc790\ub97c \ub300\uc0c1\uc73c\ub85c \ud569\ub2c8\ub2e4.<\/p>\r\n\t\t\t<\/div>\r\n\t\t<\/div>\r\n\r\n\t\t<div class=\"box02\">\r\n\t\t\t<div class=\"tit02\">\r\n\t\t\t\t<span class=\"poppins\">2.2<\/span>\r\n\t\t\t\t<p>\ub4f1\ub85d \uc870\uac74<\/p>\r\n\t\t\t<\/div>\r\n\t\t\t<div class=\"note\">\r\n\t\t\t\t<ul class=\"list_number\">\r\n\t\t\t\t\t<li>\uc790\ub140\ub294 \uc720\ud6a8\ud55c \uac70\uc8fc\ube44\uc790\ub97c \ubcf4\uc720\ud574\uc57c \ud558\uba70, \ub2e8\uae30 \uad00\uad11\ube44\uc790\ub85c\ub294 \ub4f1\ub85d\uc774 \ubd88\uac00\ud569\ub2c8\ub2e4.<\/li>\r\n\t\t\t\t\t<li>\ub4f1\ub85d\uc740 \uc815\uc6d0\uc5d0 \ub530\ub77c \uc81c\ud55c\ub420 \uc218 \uc788\uc73c\uba70, \uc790\ub3d9\uc73c\ub85c \uc774\ub8e8\uc5b4\uc9c0\uc9c0 \uc54a\uc2b5\ub2c8\ub2e4.<\/li>\r\n\t\t\t\t\t<li>\ud559\uc0dd\uc758 \ud559\ub144 \ubc0f \uc218\uc900\uc774 \ud559\uad50\uc5d0\uc11c \uc81c\uacf5\ud558\ub294 \uad50\uc721\uacfc\uc815\uacfc \uc77c\uce58\ud574\uc57c \ud569\ub2c8\ub2e4.<\/li>\r\n\t\t\t\t<\/ul>\r\n\t\t\t<\/div>\r\n\t\t<\/div>\r\n\t<\/div>\r\n\r\n\t<!-- SECTION 3 CNED -->\r\n\t<div class=\"box\">\r\n\t\t<div class=\"tit01\">\r\n\t\t\t<span class=\"num poppins\">3<\/span>\r\n\t\t\t<p>\uc635\uc158 2 : CNED (\ud504\ub791\uc2a4 \uc6d0\uaca9\uad50\uc721\uc13c\ud130)<\/p>\r\n\t\t<\/div>\r\n\r\n\t\t<div class=\"desc\">\r\n\t\t\t<p>CNED\ub97c \ud1b5\ud574 \uc790\ub140\ub294 \ud504\ub791\uc2a4 \uacf5\uc2dd \uad50\uc721\uacfc\uc815\uc744 \uc6d0\uaca9\uc73c\ub85c \uc218\uac15\ud560 \uc218 \uc788\uc2b5\ub2c8\ub2e4. \ub2e4\ub9cc, \ub2e4\uc74c\uacfc \uac19\uc740 \uc870\uac74\uc774 \uc788\uc2b5\ub2c8\ub2e4.<\/p>\r\n\t\t<\/div>\r\n\r\n\t\t<div class=\"note\">\r\n\t\t\t<p><b>CNED \uaddc\uc81c \uacfc\uc815 \uc2e0\uccad \uc0ac\uc720 :<\/b><\/p>\r\n\t\t\t<ul class=\"list_number\">\r\n\t\t\t\t<li>\uc790\ub140\uc758 \uac74\uac15 \uc0c1\ud0dc \ub610\ub294 \uc7a5\uc560<\/li>\r\n\t\t\t\t<li>\uc608\uc220\u00b7\uccb4\uc721 \ud65c\ub3d9\uc758 \uc9d1\uc911 \uc218\ud589<\/li>\r\n\t\t\t\t<li>\uac00\uc871\uc758 \uc774\ub3d9\uc131 \ub610\ub294 \uc778\uadfc\uc5d0 \uacf5\ub9bd\ud559\uad50 \ubd80\uc7ac<\/li>\r\n\t\t\t<\/ul>\r\n\t\t<\/div>\r\n\r\n\t\t<div class=\"box02\">\r\n\t\t\t<div class=\"tit02\">\r\n\t\t\t\t<span class=\"poppins\">3.1<\/span>\r\n\t\t\t\t<p>\uc870\uac74<\/p>\r\n\t\t\t<\/div>\r\n\t\t\t<div class=\"desc\">\r\n\t\t\t\t<p><b>1. \ub300\uc0ac\uad00 \uc2b9\uc778 \ud544\uc218 :<\/b><\/p>\r\n\t\t\t\t<p>\ub300\ud55c\ubbfc\uad6d \ub0b4 CNED \ub4f1\ub85d\uc740 \ubc18\ub4dc\uc2dc \uc8fc\ud55c \ud504\ub791\uc2a4\ub300\uc0ac\uad00\uc758 \uc2b9\uc778\uc744 \ubc1b\uc544\uc57c \ud569\ub2c8\ub2e4.<\/p>\r\n\t\t\t\t<p>\uc2b9\uc778\uc740 \uc790\ub3d9\uc73c\ub85c \uc774\ub8e8\uc5b4\uc9c0\uc9c0 \uc54a\uc73c\uba70, \uad8c\ub9ac\ub85c \uac04\uc8fc\ub418\uc9c0 \uc54a\uc2b5\ub2c8\ub2e4.<\/p>\r\n\t\t\t\t<br>\r\n\r\n\t\t\t\t<p><b>2. \ub300\uc0c1\uc790 :<\/b><\/p>\r\n\t\t\t\t<p>\ub300\ud55c\ubbfc\uad6d\uc5d0 \ud569\ubc95\uc801\uc774\uace0 \uc7a5\uae30\uc801\uc73c\ub85c \uac70\uc8fc\ud558\ub294 \uc544\ub3d9\uc744 \ub300\uc0c1\uc73c\ub85c \ud569\ub2c8\ub2e4.<\/p>\r\n\t\t\t\t<p>\ub2e8\uae30 \uad00\uad11\ube44\uc790\ub85c\uc758 \ub4f1\ub85d\uc740 \ubd88\uac00\ud569\ub2c8\ub2e4.<\/p>\r\n\t\t\t\t<br>\r\n\r\n\t\t\t\t<p><b>3. \uad50\uc721\uc801 \ud55c\uacc4\uc640 \uc81c\uc57d :<\/b><\/p>\r\n\t\t\t\t<p>CNED\ub294 \ud559\uad50\uc0dd\ud65c\uc744 \uc644\uc804\ud788 \ub300\uccb4\ud558\uc9c0 \uc54a\uc73c\uba70, \uccb4\uc721\u00b7\ubb38\ud654\u00b7\ubc29\uacfc\ud6c4 \ud65c\ub3d9\uc740 \ud3ec\ud568\ub418\uc9c0 \uc54a\uc2b5\ub2c8\ub2e4.<\/p>\r\n\t\t\t\t<p>\uc6d0\uaca9 \uc218\uc5c5\uc740 \uc790\ub140\uc758 \ub192\uc740 \uc790\uc728\uc131\uacfc \ubd80\ubaa8\uc758 \uc9c0\uc18d\uc801\uc778 \ucc38\uc5ec\uac00 \ud544\uc694\ud569\ub2c8\ub2e4.<\/p>\r\n\t\t\t\t<p>\ud504\ub791\uc2a4 \uad50\uc721\uacfc\uc815\uc744 \ub530\ub974\uc9c0\ub9cc, \ub610\ub798\uc640\uc758 \uc0ac\ud68c\uc801 \uad50\ub958\uac00 \uc81c\ud55c\ub429\ub2c8\ub2e4.<\/p>\r\n\t\t\t\t<br>\r\n\r\n\t\t\t\t<p>\r\n    \ucc38\uace0 :\r\n    <a href=\"https:\/\/www.cned.fr\/l-actualite-de-la-formation\/ecole-primaire-college-et-lycee-a-l-international-au-cned-le-mode-d-emploi\"\r\n   target=\"_blank\"\r\n   rel=\"noopener noreferrer\"\r\n   style=\"color: inherit; text-decoration: none;\">\r\n   CNED \uacf5\uc2dd \ud648\ud398\uc774\uc9c0 \u2013 \uad6d\uc81c \ucd08\u00b7\uc911\u00b7\uace0\ub4f1 \uad50\uc721 \uc548\ub0b4  <span style=\"font-size: 13px; margin-left:4px;\">\u2197<\/span>\r\n<\/a>\r\n\r\n<\/p>\r\n\r\n\t\t\t<\/div>\r\n\t\t<\/div>\r\n\r\n\t\t<div class=\"note\">\r\n\t\t\t<p><b>\ucc38\uc870 \ubc95\ub839 :<\/b><br>\r\n    <a href=\"https:\/\/www.legifrance.gouv.fr\/jorf\/id\/JORFTEXT000045174568\"\r\n       target=\"_blank\"\r\n       rel=\"noopener noreferrer\"\r\n       style=\"color: inherit !important; text-decoration: none;\">\r\n        2022\ub144 2\uc6d4 15\uc77c\uc790 \ubc95\ub839 \uc81c2022-182\ud638 (\uac00\uc815 \ub0b4 \uad50\uc721 \ud5c8\uac00 \uc808\ucc28\uc5d0 \uad00\ud55c \uaddc\uc815)\r\n        <span style=\"font-size: 13px; margin-left:4px;\">\u2197<\/span>\r\n    <\/a>\r\n<\/p>\r\n\r\n\r\n\r\n\t\t<\/div>\r\n\t<\/div>\r\n\r\n\t<!-- SECTION 4 SCI -->\r\n\t<div class=\"box\">\r\n\t\t<div class=\"tit01\">\r\n\t\t\t<span class=\"num poppins\">4<\/span>\r\n\t\t\t<p>\uc635\uc158 3 : \ud604\uc9c0 \ud559\uad50 \uc7ac\ud559 + \ud504\ub791\uc2a4 \ubcf4\ucda9 \uad50\uc721 (SCI)<\/p>\r\n\t\t<\/div>\r\n\r\n\t\t<div class=\"desc\">\r\n\t\t\t<p>\uad6d\uc81c\ubcf4\ucda9\uad50\uc721 (Scolarit\u00e9 Compl\u00e9mentaire Internationale, SCI)\uc740 \uc790\ub140\uac00 \ud604\uc9c0 \ud559\uad50\uc5d0 \uc7ac\ud559\ud558\uba74\uc11c, \ud504\ub791\uc2a4\uc5b4 \uc911\uc2ec\uc758 3\uac1c \uc8fc\uc694 \uacfc\ubaa9\uc744 \uc6d0\uaca9\uc73c\ub85c \ubcf4\ucda9 \ud559\uc2b5\ud560 \uc218 \uc788\ub3c4\ub85d \ud558\ub294 \uc81c\ub3c4\uc785\ub2c8\ub2e4.<\/p>\r\n\t\t\t<br>\r\n\t\t\t<p>\uc774 \uc81c\ub3c4\uc758 \ubaa9\uc801\uc740 \ud504\ub791\uc2a4\uc5b4 \ub2a5\ub825\uc744 \uc720\uc9c0\u00b7\ubc1c\uc804\uc2dc\ud0a4\uace0, \ud5a5\ud6c4 \ud504\ub791\uc2a4 \ud559\uc81c\ub85c\uc758 \ubcf5\uadc0\ub098 \uc804\ud559\uc744 \uc6d0\ud65c\ud558\uac8c \ud558\ub294 \uac83\uc785\ub2c8\ub2e4.<\/p>\r\n\t\t<\/div>\r\n\r\n\t\t<div class=\"note\">\r\n\t\t\t<p><b>1. \uc720\uce58\ubd80 :<\/b><\/p>\r\n\t\t\t<ul>\r\n\t\t\t\t<li>\uc5b8\uc5b4, \uc218\ud559, \uc138\uc0c1 \ud0d0\uad6c \ubc0f \uc0ac\ud68c\uc0dd\ud65c<\/li>\r\n\t\t\t<\/ul>\r\n\r\n\t\t<br>\r\n\r\n\t\t\t<p><b>2. \ucd08\ub4f1\ud559\uad50 :<\/b><\/p>\r\n\t\t\t<ul>\r\n\t\t\t\t<li>CP\u2013CE2 : \ud504\ub791\uc2a4\uc5b4, \uc218\ud559, \uacfc\ud559, \ub3c4\ub355\u00b7\uc2dc\ubbfc \uad50\uc721<\/li>\r\n\t\t\t\t<li>CM1\u2013CM2 : \ud504\ub791\uc2a4\uc5b4, \uc218\ud559, \uc5ed\uc0ac\u00b7\uc9c0\ub9ac, \ub3c4\ub355\u00b7\uc2dc\ubbfc \uad50\uc721<\/li>\r\n\t\t\t<\/ul>\r\n\r\n\t\t<br>\r\n\r\n\t\t\t<p><b>3. \uc911\ud559\uad50 :<\/b><\/p>\r\n\t\t\t<ul>\r\n\t\t\t\t<li>\ud504\ub791\uc2a4\uc5b4, \uc218\ud559, \uc5ed\uc0ac\u00b7\uc9c0\ub9ac\u00b7\uc2dc\ubbfc \uad50\uc721<\/li>\r\n\t\t\t<\/ul>\r\n\r\n\t\t<br>\r\n\r\n\t\t\t<p><b>4. \uace0\ub4f1\ud559\uad50 :<\/b><\/p>\r\n\t\t\t<ul>\r\n\t\t\t\t<li>Seconde : \ud504\ub791\uc2a4\uc5b4, \uc218\ud559, \uc5ed\uc0ac\u00b7\uc9c0\ub9ac<\/li>\r\n\t\t\t\t<li>Premi\u00e8re : \ud504\ub791\uc2a4\uc5b4, \uc5ed\uc0ac\u00b7\uc9c0\ub9ac, \uacfc\ud559<\/li>\r\n\t\t\t\t<li>Terminale : \ucca0\ud559, \uc5ed\uc0ac\u00b7\uc9c0\ub9ac, \uacfc\ud559<\/li>\r\n\t\t\t<\/ul>\r\n\t\t<\/div>\r\n\t<\/div>\r\n\r\n\t<!-- SECTION 5 -->\r\n\t<div class=\"box\">\r\n\t\t<div class=\"tit01\">\r\n\t\t\t<span class=\"num poppins\">5<\/span>\r\n\t\t\t<p>\ud3c9\uac00 \ubc0f \uc99d\uba85\uc11c<\/p>\r\n\t\t<\/div>\r\n\t\t<div class=\"note\">\r\n\t\t\t<ul class=\"list_number\">\r\n\t\t\t\t<li>\ud559\uc0dd\uc740 CNED\ub97c \ud1b5\ud574 \uacfc\uc81c \ud3c9\uac00\ub97c \ubc1b\uc2b5\ub2c8\ub2e4.<\/li>\r\n\t\t\t\t<li>\uc804\uccb4 \uacfc\uc81c\uc758 75% \uc774\uc0c1\uc744 \uc81c\ucd9c\ud560 \uacbd\uc6b0, \uc131\uc801 \ud3c9\uac00\uc11c\uac00 \ubc1c\uae09\ub429\ub2c8\ub2e4.<\/li>\r\n\t\t\t\t<li>\uc774 \ud3c9\uac00\uc11c\uc640 \ud604\uc9c0 \uc131\uc801\uc744 \uae30\ubc18\uc73c\ub85c, \ubb38\ud654\ucc38\uc0ac\uad00\uc774 \ud504\ub791\uc2a4 \ud559\uc81c\uc640\uc758 \ub4f1\uac00\ub97c \uc778\uc815\ud558\ub294 \uc99d\uba85\uc11c\ub97c \ubc1c\uae09\ud560 \uc218 \uc788\uc2b5\ub2c8\ub2e4. \ub2e8, \ud504\ub791\uc2a4\ub85c\uc758 \ubcf5\uadc0 \uc2dc\uc5d0\ub294 \ud574\ub2f9 \ud559\uad50\uac00 \uc790\ub140\uc758 \uc218\uc900\uc744 \ud3c9\uac00\ud569\ub2c8\ub2e4.<\/li>\r\n\t\t\t<\/ul>\r\n\t\t<\/div>\r\n\t<\/div>\r\n\r\n\t<div class=\"box\">\r\n\t\t<div class=\"tit01\">\r\n\t\t\t<span class=\"num poppins\">6<\/span>\r\n\t\t\t<p>\uc77c\ubc18 \uc870\uac74 \ubc0f \ud504\ub791\uc2a4\ub300\uc0ac\uad00\uc758 \uc5ed\ud560<\/p>\r\n\t\t<\/div>\r\n\t\t<div class=\"note\">\r\n\t\t\t<ul class=\"list_number\">\r\n\t\t\t\t<li>\ub4f1\ub85d\uc740 \uc790\ub3d9\uc73c\ub85c \uc774\ub8e8\uc5b4\uc9c0\uc9c0 \uc54a\uc73c\uba70, \ud504\ub791\uc2a4 \uad6d\uc801\uc790\uc5d0\uac8c\ub3c4 \uad8c\ub9ac\ub85c \ubcf4\uc7a5\ub418\uc9c0 \uc54a\uc2b5\ub2c8\ub2e4.<\/li>\r\n\t\t\t\t<li>\uc8fc\ud55c \ud504\ub791\uc2a4\ub300\uc0ac\uad00\uc740 \uad50\uc721\uc758 \uc801\uc815\uc131 \ubc0f \ud559\uc2b5 \uc870\uac74\uc744 \uac80\uc99d\ud558\uace0 \uc9c0\uc6d0\ud558\ub294 \uc5ed\ud560\uc744 \uc218\ud589\ud569\ub2c8\ub2e4.<\/li>\r\n\t\t\t<\/ul>\r\n\t\t<\/div>\r\n\t<\/div>\r\n\r\n\t<div class=\"box\">\r\n\t\t<div class=\"tit01\">\r\n\t\t\t<span class=\"num poppins\">7<\/span>\r\n\t\t\t<p>\ud559\ubd80\ubaa8\ub97c \uc704\ud55c \uc870\uc5b8<\/p>\r\n\t\t<\/div>\r\n\t\t<div class=\"note\">\r\n\t\t\t<ul class=\"list_number\">\r\n\t\t\t\t<li>\uc2e0\uccad \uc804, \ube44\uc790 \uc720\ud615\uacfc \uccb4\ub958 \uc790\uaca9\uc744 \ubc18\ub4dc\uc2dc \ud655\uc778\ud558\uc2ed\uc2dc\uc624.<\/li>\r\n\t\t\t\t<li>\uc120\ud0dd\ud558\uc2e0 AEFE \ud559\uad50 \ub610\ub294 \uc8fc\ud55c \ud504\ub791\uc2a4\ub300\uc0ac\uad00 \ubd88\uc5b4\uad50\uc721\uacfc (<a href=\"mailto:linguistique@kr.ambafrance-culture.org\">linguistique@kr.ambafrance-culture.org<\/a>)\uc5d0 \uc9c1\uc811 \ubb38\uc758\ud558\uc5ec \ub4f1\ub85d \uc870\uac74 \ubc0f \ub9c8\uac10\uc77c\uc744 \ud655\uc778\ud558\uc2ed\uc2dc\uc624.<\/li>\r\n\t\t\t<\/ul>\r\n\t\t<\/div>\r\n\t<\/div>\r\n<\/div>\r\n\r\n<div class=\"rule_bottom\">\r\n\t<div class=\"box\">\r\n\t\t<p><span>(*)<\/span> \uc8fc\ud55c \ud504\ub791\uc2a4\ub300\uc0ac\uad00 \uacf5\uc2dd \ud398\uc774\uc9c0 \ubc1c\ucdcc<\/p>\r\n\t\t<p>\ub9c8\uc9c0\ub9c9 \uc218\uc815 : 25\/11\/2025<\/p>\r\n\t<\/div>\r\n<\/div>\r\n\r\n\r\n\r\n\r\n\r\n\r\n\r\n\t\t<\/div>\n\t\t\t\t<\/div>\n\t\t\t\t\t<\/div>\n\t\t<\/div>\n\t\t\t\t\t\t\t<\/div>\n\t\t<\/div>\n\t\t\t\t\t\t<\/div>\n\t\t\t\t\t<\/div>\n\t\t","protected":false},"excerpt":{"rendered":"<p>\uad50\ub0b4\uc815\ubcf4 \uad50\ub0b4\uc815\ubcf4 \uc8fc\uc694 \uc815\ubcf4 \uad50\ub0b4\uaddc\uce59 \uac00\uc815\ud1b5\uc2e0\ubb38 \ub300\ud55c\ubbfc\uad6d\uc5d0\uc11c\uc758 \ud504\ub791\uc2a4 \ud559\uc81c \uae30\uc219\uc0ac \uad50\ubcf5 \ud559\uce59 \uce74\ud398\ud14c\ub9ac\uc544 \uba54\ub274 \ub300\uae30\uc624\uc5fc\uc815\ubcf4 \ub300\ud55c\ubbfc\uad6d\uc5d0\uc11c\uc758 \ud504\ub791\uc2a4 \ud559\uc81c 1 \uac1c\uc694 \uc774 \ud398\uc774\uc9c0\ub294 \ub300\ud55c\ubbfc\uad6d\uc5d0\uc11c \uc790\ub140\ub97c \ud504\ub791\uc2a4 \ud559\uc81c\uc5d0 \ub4f1\ub85d\ud558\uace0\uc790 \ud558\ub294 \ud504\ub791\uc2a4 \uad6d\uc801\uc790 \ubc0f \ud559\ubd80\ubaa8\ub97c \uc704\ud55c \uc548\ub0b4\uc785\ub2c8\ub2e4. \uc774\uacf3\uc5d0\uc11c\ub294 \uc120\ud0dd \uac00\ub2a5\ud55c \uad50\uc721 \uc635\uc158, \uad00\ub828 \uc81c\uc57d\uc0ac\ud56d, \uadf8\ub9ac\uace0 \ub4f1\ub85d \uc870\uac74\uc744 \uc18c\uac1c\ud569\ub2c8\ub2e4. \ub300\ud55c\ubbfc\uad6d \ub0b4\uc5d0\uc11c \ud504\ub791\uc2a4\uc2dd \uad50\uc721\uc744 \ubc1b\uc744 \uc218 \uc788\ub294 \uc8fc\uc694 \uc120\ud0dd\uc9c0\ub294 \ub2e4\uc74c \uc138 \uac00\uc9c0\uc785\ub2c8\ub2e4. \uc635\uc158 1 : AEFE \uc18c\uc18d \ud559\uad50 \ub4f1\ub85d \uc635\uc158 2 : CNED (\ud504\ub791\uc2a4 \uc6d0\uaca9\uad50\uc721\uc13c\ud130) \uc635\uc158 3 : \ud604\uc9c0 \ud559\uad50 \uc7ac\ud559 + \ud504\ub791\uc2a4 \ubcf4\ucda9 \uad50\uc721 (SCI) 2 \uc635\uc158 1 : AEFE (\ud504\ub791\uc2a4 \ud574\uc678\uad50\uc721\uccad) 2.1 AEFE \uc18c\uc18d \ud559\uad50 \ub4f1\ub85d \ub300\ud55c\ubbfc\uad6d \uc218\ub3c4\uad8c\uc5d0\ub294 \ub450 \uac1c\uc758 AEFE \uc18c\uc18d \ud559\uad50\uac00 \uc788\uc2b5\ub2c8\ub2e4 : \u2022 \uc11c\uc6b8\ud504\ub791\uc2a4\ud559\uad50 (Lyc\u00e9e Fran\u00e7ais de S\u00e9oul) \u2022 \ud558\ube44\uc5d0\ub974 \uad6d\uc81c\ud559\uad50 (Lyc\u00e9e International Xavier) \uc774 \ub450 \ud559\uad50\ub294 \uc7a5\uae30 \uccb4\ub958\uc790\ub97c \ub300\uc0c1\uc73c\ub85c \ud569\ub2c8\ub2e4. 2.2 \ub4f1\ub85d \uc870\uac74 \uc790\ub140\ub294 \uc720\ud6a8\ud55c \uac70\uc8fc\ube44\uc790\ub97c \ubcf4\uc720\ud574\uc57c \ud558\uba70, \ub2e8\uae30 \uad00\uad11\ube44\uc790\ub85c\ub294 \ub4f1\ub85d\uc774 \ubd88\uac00\ud569\ub2c8\ub2e4. \ub4f1\ub85d\uc740 \uc815\uc6d0\uc5d0 \ub530\ub77c \uc81c\ud55c\ub420 \uc218 \uc788\uc73c\uba70, \uc790\ub3d9\uc73c\ub85c \uc774\ub8e8\uc5b4\uc9c0\uc9c0 \uc54a\uc2b5\ub2c8\ub2e4. \ud559\uc0dd\uc758 \ud559\ub144 \ubc0f \uc218\uc900\uc774 \ud559\uad50\uc5d0\uc11c \uc81c\uacf5\ud558\ub294 \uad50\uc721\uacfc\uc815\uacfc \uc77c\uce58\ud574\uc57c \ud569\ub2c8\ub2e4. 3 \uc635\uc158 2 : CNED (\ud504\ub791\uc2a4 \uc6d0\uaca9\uad50\uc721\uc13c\ud130) CNED\ub97c \ud1b5\ud574 \uc790\ub140\ub294 \ud504\ub791\uc2a4 \uacf5\uc2dd \uad50\uc721\uacfc\uc815\uc744 \uc6d0\uaca9\uc73c\ub85c \uc218\uac15\ud560 \uc218 \uc788\uc2b5\ub2c8\ub2e4. \ub2e4\ub9cc, \ub2e4\uc74c\uacfc \uac19\uc740 \uc870\uac74\uc774 \uc788\uc2b5\ub2c8\ub2e4. CNED \uaddc\uc81c \uacfc\uc815 \uc2e0\uccad \uc0ac\uc720 : \uc790\ub140\uc758 \uac74\uac15 \uc0c1\ud0dc \ub610\ub294 \uc7a5\uc560 \uc608\uc220\u00b7\uccb4\uc721 \ud65c\ub3d9\uc758 \uc9d1\uc911 \uc218\ud589 \uac00\uc871\uc758 \uc774\ub3d9\uc131 \ub610\ub294 \uc778\uadfc\uc5d0 \uacf5\ub9bd\ud559\uad50 \ubd80\uc7ac 3.1 \uc870\uac74 1. \ub300\uc0ac\uad00 \uc2b9\uc778 \ud544\uc218 : \ub300\ud55c\ubbfc\uad6d \ub0b4 CNED \ub4f1\ub85d\uc740 \ubc18\ub4dc\uc2dc \uc8fc\ud55c \ud504\ub791\uc2a4\ub300\uc0ac\uad00\uc758 \uc2b9\uc778\uc744 \ubc1b\uc544\uc57c \ud569\ub2c8\ub2e4. \uc2b9\uc778\uc740 \uc790\ub3d9\uc73c\ub85c \uc774\ub8e8\uc5b4\uc9c0\uc9c0 \uc54a\uc73c\uba70, \uad8c\ub9ac\ub85c \uac04\uc8fc\ub418\uc9c0 \uc54a\uc2b5\ub2c8\ub2e4. 2. \ub300\uc0c1\uc790 : \ub300\ud55c\ubbfc\uad6d\uc5d0 \ud569\ubc95\uc801\uc774\uace0 \uc7a5\uae30\uc801\uc73c\ub85c \uac70\uc8fc\ud558\ub294 \uc544\ub3d9\uc744 \ub300\uc0c1\uc73c\ub85c \ud569\ub2c8\ub2e4. \ub2e8\uae30 \uad00\uad11\ube44\uc790\ub85c\uc758 \ub4f1\ub85d\uc740 \ubd88\uac00\ud569\ub2c8\ub2e4. 3. \uad50\uc721\uc801 \ud55c\uacc4\uc640 \uc81c\uc57d : CNED\ub294 \ud559\uad50\uc0dd\ud65c\uc744 \uc644\uc804\ud788 \ub300\uccb4\ud558\uc9c0 \uc54a\uc73c\uba70, \uccb4\uc721\u00b7\ubb38\ud654\u00b7\ubc29\uacfc\ud6c4 \ud65c\ub3d9\uc740 \ud3ec\ud568\ub418\uc9c0 \uc54a\uc2b5\ub2c8\ub2e4. \uc6d0\uaca9 \uc218\uc5c5\uc740 \uc790\ub140\uc758 \ub192\uc740 \uc790\uc728\uc131\uacfc \ubd80\ubaa8\uc758 \uc9c0\uc18d\uc801\uc778 \ucc38\uc5ec\uac00 \ud544\uc694\ud569\ub2c8\ub2e4. \ud504\ub791\uc2a4 \uad50\uc721\uacfc\uc815\uc744 \ub530\ub974\uc9c0\ub9cc, \ub610\ub798\uc640\uc758 \uc0ac\ud68c\uc801 \uad50\ub958\uac00 \uc81c\ud55c\ub429\ub2c8\ub2e4. \ucc38\uace0 : CNED \uacf5\uc2dd \ud648\ud398\uc774\uc9c0 \u2013 \uad6d\uc81c \ucd08\u00b7\uc911\u00b7\uace0\ub4f1 \uad50\uc721 \uc548\ub0b4 &#x2197; \ucc38\uc870 \ubc95\ub839 : 2022\ub144 2\uc6d4 15\uc77c\uc790 \ubc95\ub839 \uc81c2022-182\ud638 (\uac00\uc815 \ub0b4 \uad50\uc721 \ud5c8\uac00 \uc808\ucc28\uc5d0 \uad00\ud55c \uaddc\uc815) &#x2197; 4 \uc635\uc158 3 : \ud604\uc9c0 \ud559\uad50 \uc7ac\ud559 + \ud504\ub791\uc2a4 \ubcf4\ucda9 \uad50\uc721 (SCI) \uad6d\uc81c\ubcf4\ucda9\uad50\uc721 (Scolarit\u00e9 Compl\u00e9mentaire Internationale, SCI)\uc740 \uc790\ub140\uac00 \ud604\uc9c0 \ud559\uad50\uc5d0 \uc7ac\ud559\ud558\uba74\uc11c, \ud504\ub791\uc2a4\uc5b4 \uc911\uc2ec\uc758 3\uac1c \uc8fc\uc694 \uacfc\ubaa9\uc744 \uc6d0\uaca9\uc73c\ub85c \ubcf4\ucda9 \ud559\uc2b5\ud560 \uc218 \uc788\ub3c4\ub85d \ud558\ub294 \uc81c\ub3c4\uc785\ub2c8\ub2e4. \uc774 \uc81c\ub3c4\uc758 \ubaa9\uc801\uc740 \ud504\ub791\uc2a4\uc5b4 \ub2a5\ub825\uc744 \uc720\uc9c0\u00b7\ubc1c\uc804\uc2dc\ud0a4\uace0, \ud5a5\ud6c4 \ud504\ub791\uc2a4 \ud559\uc81c\ub85c\uc758 \ubcf5\uadc0\ub098 \uc804\ud559\uc744 \uc6d0\ud65c\ud558\uac8c \ud558\ub294 \uac83\uc785\ub2c8\ub2e4. 1. \uc720\uce58\ubd80 : \uc5b8\uc5b4, \uc218\ud559, \uc138\uc0c1 \ud0d0\uad6c \ubc0f \uc0ac\ud68c\uc0dd\ud65c 2. \ucd08\ub4f1\ud559\uad50 : CP\u2013CE2 : \ud504\ub791\uc2a4\uc5b4, \uc218\ud559, \uacfc\ud559, \ub3c4\ub355\u00b7\uc2dc\ubbfc \uad50\uc721 CM1\u2013CM2 : \ud504\ub791\uc2a4\uc5b4, \uc218\ud559, \uc5ed\uc0ac\u00b7\uc9c0\ub9ac, \ub3c4\ub355\u00b7\uc2dc\ubbfc \uad50\uc721 3. \uc911\ud559\uad50 : \ud504\ub791\uc2a4\uc5b4, \uc218\ud559, \uc5ed\uc0ac\u00b7\uc9c0\ub9ac\u00b7\uc2dc\ubbfc \uad50\uc721 4. \uace0\ub4f1\ud559\uad50 : Seconde : \ud504\ub791\uc2a4\uc5b4, \uc218\ud559, \uc5ed\uc0ac\u00b7\uc9c0\ub9ac Premi\u00e8re : \ud504\ub791\uc2a4\uc5b4, \uc5ed\uc0ac\u00b7\uc9c0\ub9ac, \uacfc\ud559 Terminale : \ucca0\ud559, \uc5ed\uc0ac\u00b7\uc9c0\ub9ac, \uacfc\ud559 5 \ud3c9\uac00 \ubc0f \uc99d\uba85\uc11c \ud559\uc0dd\uc740 CNED\ub97c \ud1b5\ud574 \uacfc\uc81c \ud3c9\uac00\ub97c \ubc1b\uc2b5\ub2c8\ub2e4. \uc804\uccb4 \uacfc\uc81c\uc758 75% \uc774\uc0c1\uc744 \uc81c\ucd9c\ud560 \uacbd\uc6b0, \uc131\uc801 \ud3c9\uac00\uc11c\uac00 \ubc1c\uae09\ub429\ub2c8\ub2e4. \uc774 \ud3c9\uac00\uc11c\uc640 \ud604\uc9c0 \uc131\uc801\uc744 \uae30\ubc18\uc73c\ub85c, \ubb38\ud654\ucc38\uc0ac\uad00\uc774 \ud504\ub791\uc2a4 \ud559\uc81c\uc640\uc758 \ub4f1\uac00\ub97c \uc778\uc815\ud558\ub294 \uc99d\uba85\uc11c\ub97c \ubc1c\uae09\ud560 \uc218 \uc788\uc2b5\ub2c8\ub2e4. \ub2e8, \ud504\ub791\uc2a4\ub85c\uc758 \ubcf5\uadc0 \uc2dc\uc5d0\ub294 \ud574\ub2f9 \ud559\uad50\uac00 \uc790\ub140\uc758 \uc218\uc900\uc744 \ud3c9\uac00\ud569\ub2c8\ub2e4. 6 \uc77c\ubc18 \uc870\uac74 \ubc0f \ud504\ub791\uc2a4\ub300\uc0ac\uad00\uc758 \uc5ed\ud560 \ub4f1\ub85d\uc740 \uc790\ub3d9\uc73c\ub85c \uc774\ub8e8\uc5b4\uc9c0\uc9c0 \uc54a\uc73c\uba70, \ud504\ub791\uc2a4 \uad6d\uc801\uc790\uc5d0\uac8c\ub3c4 \uad8c\ub9ac\ub85c \ubcf4\uc7a5\ub418\uc9c0 \uc54a\uc2b5\ub2c8\ub2e4. \uc8fc\ud55c \ud504\ub791\uc2a4\ub300\uc0ac\uad00\uc740 \uad50\uc721\uc758 \uc801\uc815\uc131 \ubc0f \ud559\uc2b5 \uc870\uac74\uc744 \uac80\uc99d\ud558\uace0 \uc9c0\uc6d0\ud558\ub294 \uc5ed\ud560\uc744 \uc218\ud589\ud569\ub2c8\ub2e4. 7 \ud559\ubd80\ubaa8\ub97c \uc704\ud55c \uc870\uc5b8 \uc2e0\uccad \uc804, \ube44\uc790 \uc720\ud615\uacfc \uccb4\ub958 \uc790\uaca9\uc744 \ubc18\ub4dc\uc2dc \ud655\uc778\ud558\uc2ed\uc2dc\uc624. \uc120\ud0dd\ud558\uc2e0 AEFE \ud559\uad50 \ub610\ub294 \uc8fc\ud55c \ud504\ub791\uc2a4\ub300\uc0ac\uad00 \ubd88\uc5b4\uad50\uc721\uacfc (linguistique@kr.ambafrance-culture.org)\uc5d0 \uc9c1\uc811 \ubb38\uc758\ud558\uc5ec \ub4f1\ub85d \uc870\uac74 \ubc0f \ub9c8\uac10\uc77c\uc744 \ud655\uc778\ud558\uc2ed\uc2dc\uc624. (*) \uc8fc\ud55c \ud504\ub791\uc2a4\ub300\uc0ac\uad00 \uacf5\uc2dd \ud398\uc774\uc9c0 \ubc1c\ucdcc \ub9c8\uc9c0\ub9c9 \uc218\uc815 : 25\/11\/2025<\/p>\n","protected":false},"author":1,"featured_media":0,"parent":0,"menu_order":0,"comment_status":"closed","ping_status":"closed","template":"","meta":{"footnotes":""},"class_list":["post-8560","page","type-page","status-publish","hentry"],"_links":{"self":[{"href":"https:\/\/xavier.sc.kr\/wp\/index.php?rest_route=\/wp\/v2\/pages\/8560","targetHints":{"allow":["GET"]}}],"collection":[{"href":"https:\/\/xavier.sc.kr\/wp\/index.php?rest_route=\/wp\/v2\/pages"}],"about":[{"href":"https:\/\/xavier.sc.kr\/wp\/index.php?rest_route=\/wp\/v2\/types\/page"}],"author":[{"embeddable":true,"href":"https:\/\/xavier.sc.kr\/wp\/index.php?rest_route=\/wp\/v2\/users\/1"}],"replies":[{"embeddable":true,"href":"https:\/\/xavier.sc.kr\/wp\/index.php?rest_route=%2Fwp%2Fv2%2Fcomments&post=8560"}],"version-history":[{"count":49,"href":"https:\/\/xavier.sc.kr\/wp\/index.php?rest_route=\/wp\/v2\/pages\/8560\/revisions"}],"predecessor-version":[{"id":10549,"href":"https:\/\/xavier.sc.kr\/wp\/index.php?rest_route=\/wp\/v2\/pages\/8560\/revisions\/10549"}],"wp:attachment":[{"href":"https:\/\/xavier.sc.kr\/wp\/index.php?rest_route=%2Fwp%2Fv2%2Fmedia&parent=8560"}],"curies":[{"name":"wp","href":"https:\/\/api.w.org\/{rel}","templated":true}]}}