{"id":7827,"date":"2022-03-28T13:42:19","date_gmt":"2022-03-28T04:42:19","guid":{"rendered":"https:\/\/xavier.vizensoft.com\/wp\/?page_id=7827"},"modified":"2026-01-28T16:16:41","modified_gmt":"2026-01-28T07:16:41","slug":"%ea%b5%90%ec%82%ac%ec%a7%84-2","status":"publish","type":"page","link":"https:\/\/xavier.sc.kr\/wp\/?page_id=7827","title":{"rendered":"\uad50\uc0ac\uc9c4"},"content":{"rendered":"\t\t<div data-elementor-type=\"wp-page\" data-elementor-id=\"7827\" class=\"elementor elementor-7827\" data-elementor-settings=\"[]\">\n\t\t\t\t\t\t\t<div class=\"elementor-section-wrap\">\n\t\t\t\t\t\t\t<div class=\"elementor-section elementor-top-section elementor-element elementor-element-c6425be elementor-section-full_width elementor-section-stretched sub_visual elementor-section-height-default elementor-section-height-default\" data-id=\"c6425be\" data-element_type=\"section\" data-settings=\"{&quot;stretch_section&quot;:&quot;section-stretched&quot;,&quot;background_background&quot;:&quot;classic&quot;}\">\n\t\t\t\t\t\t<div class=\"elementor-container elementor-column-gap-default\">\n\t\t\t\t\t<div class=\"elementor-column elementor-col-100 elementor-top-column elementor-element elementor-element-70ded38\" data-id=\"70ded38\" data-element_type=\"column\">\n\t\t\t<div class=\"elementor-widget-wrap elementor-element-populated\">\n\t\t\t\t\t\t\t\t<div class=\"elementor-element elementor-element-09d8b2a elementor-widget elementor-widget-heading\" data-id=\"09d8b2a\" data-element_type=\"widget\" data-widget_type=\"heading.default\">\n\t\t\t\t<div class=\"elementor-widget-container\">\n\t\t\t<style>\/*! elementor - v3.5.5 - 03-02-2022 *\/\n.elementor-heading-title{padding:0;margin:0;line-height:1}.elementor-widget-heading .elementor-heading-title[class*=elementor-size-]>a{color:inherit;font-size:inherit;line-height:inherit}.elementor-widget-heading .elementor-heading-title.elementor-size-small{font-size:15px}.elementor-widget-heading .elementor-heading-title.elementor-size-medium{font-size:19px}.elementor-widget-heading .elementor-heading-title.elementor-size-large{font-size:29px}.elementor-widget-heading .elementor-heading-title.elementor-size-xl{font-size:39px}.elementor-widget-heading .elementor-heading-title.elementor-size-xxl{font-size:59px}<\/style><h2 class=\"elementor-heading-title elementor-size-default\">\ud559\uad50\uc18c\uac1c<\/h2>\t\t<\/div>\n\t\t\t\t<\/div>\n\t\t\t\t<div class=\"elementor-element elementor-element-250ab42 elementor-widget elementor-widget-html\" data-id=\"250ab42\" data-element_type=\"widget\" data-widget_type=\"html.default\">\n\t\t\t\t<div class=\"elementor-widget-container\">\n\t\t\t<div class=\"sub_path\">\n    <a class=\"home\" href=\"\/wp\/\">\n        <img decoding=\"async\" src=\"\/image\/sub_visual_home_btn.png\"\/>\n    <\/a>\n    <div class=\"depth01\">\n        <p>\ud559\uad50\uc18c\uac1c<\/p>\n    <\/div>\n    <div class=\"depth02\">\n        <p>\uad50\uc0ac\uc9c4<\/p>\n    <\/div>\n<\/div>\t\t<\/div>\n\t\t\t\t<\/div>\n\t\t\t\t\t<\/div>\n\t\t<\/div>\n\t\t\t\t\t\t\t<\/div>\n\t\t<\/div>\n\t\t\t\t<div class=\"elementor-section elementor-top-section elementor-element elementor-element-acef347 faculty_con01 elementor-section-boxed elementor-section-height-default elementor-section-height-default\" data-id=\"acef347\" data-element_type=\"section\">\n\t\t\t\t\t\t<div class=\"elementor-container elementor-column-gap-default\">\n\t\t\t\t\t<div class=\"elementor-column elementor-col-100 elementor-top-column elementor-element elementor-element-41564ad\" data-id=\"41564ad\" data-element_type=\"column\">\n\t\t\t<div class=\"elementor-widget-wrap elementor-element-populated\">\n\t\t\t\t\t\t\t\t<div class=\"elementor-element elementor-element-8ceb710 elementor-widget elementor-widget-html\" data-id=\"8ceb710\" data-element_type=\"widget\" data-widget_type=\"html.default\">\n\t\t\t\t<div class=\"elementor-widget-container\">\n\t\t\t<div class=\"sub_tit\">\r\n\t<h3>\uad50\uc0ac\uc9c4<\/h3>\r\n<\/div>\r\n\r\n<div class=\"new_bottlex mt\">\r\n\r\n\t<!-- \uc88c\uce21 \uceec\ub7fc -->\r\n\t<div class=\"new_flex_boxx reserve\">\r\n\t\t<div class=\"img_box mt left_bor\">\r\n\t\t\t<img decoding=\"async\" src=\"http:\/\/xavier.sc.kr\/wp\/wp-content\/uploads\/2025\/09\/Photo_du_group_Admin_compressed_v2.jpg\" alt=\"\ud589\uc815 \ubc0f \uad50\uc7a5\ub2e8 \ub2e8\uccb4 \uc0ac\uc9c4\">\r\n\t\t<\/div>\r\n\r\n\t\t<div class=\"saram_box\">\r\n\t\t\t<!-- \uad50\uc7a5\ub2e8 -->\r\n\t\t\t<div class=\"sub_tit02\">\r\n\t\t\t\t<h4><span class=\"poppins\">\uad50\uc7a5\ub2e8<\/span><\/h4>\r\n\t\t\t<\/div>\r\n\t\t\t<div class=\"sub_txttxt\">\r\n\t\t\t\t<p><b>\uad50\uc7a5<\/b> - PINOT J\u00e9r\u00f4me<\/p>\r\n\t\t\t\t<p><b>\uad50\uac10<\/b> - MOON Myongsook (Maria)<\/p>\r\n\t\t\t<\/div>\r\n\r\n\t\t\t<!-- \ud589\uc815\u00b7\uc7ac\uc815\u00b7\uae30\uc220\ud300 -->\r\n\t\t\t<div class=\"sub_tit02\">\r\n\t\t\t\t<h4><span class=\"poppins\">\ud589\uc815\u00b7\uc7ac\uc815\u00b7\uae30\uc220\ud300<\/span><\/h4>\r\n\t\t\t<\/div>\r\n\t\t\t<div class=\"sub_txttxt\">\r\n\t\t\t\t<p><b>\uc7ac\ubb34<\/b> - BANG In Ja<\/p>\r\n\t\t\t\t<p><b>\ud589\uc815<\/b> - LIM Kyung A<\/p>\r\n\t\t\t\t<p><b>\ud64d\ubcf4<\/b> - POMMET-BAE Eunjung<\/p>\r\n\t\t\t\t<p><b>\uc2dc\uc124\uae30\uc0ac<\/b> - LEE Young Gi<\/p>\r\n\t\t\t<\/div>\r\n\r\n\t\t\t<!-- \ud559\uc0dd\uc0dd\ud65c -->\r\n\t\t\t<div class=\"sub_tit02\">\r\n\t\t\t\t<h4><span class=\"poppins\">\ud559\uc0dd \uc0dd\ud65c<\/span><\/h4>\r\n\t\t\t<\/div>\r\n\t\t\t<div class=\"sub_txttxt\">\r\n\t\t\t\t<p><b>\ubcf4\uac74<\/b> - LEE Hyun Jin<\/p>\r\n\t\t\t\t<p><b>\ubcf4\uac74<\/b> - LEE Jeong ae<\/p>\r\n\t\t\t\t\t\t<p><b>\ubcf4\uc870 \uc120\uc0dd\ub2d8<\/b> - LEE Hee Kyoung<\/p>\r\n\t\t\t\t<p><b>\uc5ec\uc790 \uae30\uc219\uc0ac \uc0ac\uac10<\/b> - DE BENQUE Marie<\/p>\r\n\t\t\t\t<p><b>\ub0a8\uc790 \uae30\uc219\uc0ac \uc0ac\uac10<\/b> - <em>\ubbf8\uc815<\/em><\/p>\r\n\t\t\t\t<p><b>\uc2dc\uc124\uad00\ub9ac<\/b> - KIM Soo Kyung (Veronica)<\/p>\r\n\t\t\t<\/div>\r\n\t\t<\/div>\r\n\t<\/div>\r\n\r\n\t<!-- \uc6b0\uce21 \uceec\ub7fc -->\r\n\t<div class=\"new_flex_boxx\">\r\n\t\t<div class=\"img_box mt right_bor\">\r\n\t\t\t<img decoding=\"async\" src=\"http:\/\/xavier.sc.kr\/wp\/wp-content\/uploads\/2025\/08\/Organigramme.jpg\" alt=\"\uc870\uc9c1\ub3c4 \uc774\ubbf8\uc9c0\">\r\n\t\t<\/div>\r\n\r\n\t\t<div class=\"saram_box\">\r\n\t\t\t<div class=\"sub_tit02\">\r\n\t\t\t\t<h4><span class=\"poppins\">\ucd08\ub4f1\ubd80 \uad50\uc0ac<\/span><\/h4>\r\n\t\t\t<\/div>\r\n\t\t\t<div class=\"sub_txttxt\">\r\n\t\t\t\t<p><b>\ud504\ub9ac\uc2a4\ucfe8(MS\/GS)<\/b> - VALIN Carole<\/p>\r\n\t\t\t\t<p><b>\ud504\ub9ac\uc2a4\ucfe8(MS\/GS) \ubcf4\uc870 \uad50\uc0ac<\/b> - JUN Meran<\/p>\r\n\t\t\t\t<p><b>\ucd081 (CP) \/ \ucd08\ub4f1\uad50\uc0ac \ub300\ud45c<\/b> - BRUNET Julie<\/p>\r\n\t\t\t\t<p><b>\ucd082 (CE1)<\/b> - RAYNALDY Charles-Henri<\/p>\r\n\t\t\t\t<p><b>\ucd083 (CE2)<\/b> - BRIET Estelle<\/p>\r\n\t\t\t\t<p><b>\ucd084 (CM1)<\/b> - PANTIN Lise-Anne<\/p>\r\n\t\t\t\t<p><b>\ucd085 (CM2)<\/b> - ROQUETTE Sophie<\/p>\r\n\t\t\t\t<p><b>\ud504\ub791\uc2a4\uc5b4(FLE)<\/b> - LEE Ju Yeon<\/p>\r\n\t\t\t\t<p><b>\ud55c\uad6d\uc5b4<\/b> - LIM Jungwon<\/p>\r\n\t\t\t\t<p><b>\ud55c\uad6d\uc5b4<\/b> - KIM Soo Kyung (Veronica)<\/p>\r\n\t\t\t\t\t\t<\/div>\r\n\t\t<\/div>\r\n\t<\/div>\r\n\r\n\t<div class=\"sub_tit02\">\r\n\t<h4><span class=\"poppins\">\uc911\u00b7\uace0\ub4f1\ubd80 \ub2f4\ub2f9 \uad50\uc0ac<\/span><\/h4>\r\n<\/div>\r\n\r\n<div class=\"sub_txttxt\">\r\n\t<!-- Responsable de niveau -->\r\n\t<p><b>\uc9111 (6e) \ud559\ub144 \ub2f4\ub2f9<\/b> - LE BAIL Yann<\/p>\r\n\t<p><b>\uc9112 (5e) \ud559\ub144 \ub2f4\ub2f9<\/b> - PERRIER Ariane<\/p>\r\n\t<p><b>\uc9113 (4e) \ud559\ub144 \ub2f4\ub2f9<\/b> - MICHELET Etienne<\/p>\r\n\t<p><b>\uc9114 (3e) \ud559\ub144 \ub2f4\ub2f9<\/b> - CHENU Emmanuelle<\/p>\r\n\t<p><b>\uace01 (2nde) \ud559\ub144 \ub2f4\ub2f9<\/b> - LEE Jisun (Sylvia)<\/p>\r\n\t<p><b>\uace02 (1\u00e8re) \ud559\ub144 \ub2f4\ub2f9<\/b> - DURANG Xavier<\/p>\r\n\t<p><b>\uace03 (Terminale) \ud559\ub144 \ub2f4\ub2f9<\/b> - BIAGINI Fr\u00e9d\u00e9ric (PRIO)<\/p>\r\n\r\n\t<br>\r\n\r\n\t<!-- Enseignants par mati\u00e8re -->\r\n\t<div class=\"sub_tit02\">\r\n  <h4><span class=\"poppins\">\uacfc\ubaa9\ubcc4 \uc911\u00b7\uace0\ub4f1\ubd80 \uad50\uc0ac<\/span><\/h4>\r\n<\/div>\r\n\t\r\n\t<p><b>\uc218\ud559<\/b> - METMAN Charles (IT \ub2f4\ub2f9)<\/p>\r\n\t<p><b>\uc218\ud559<\/b> - LE BAIL Yann<\/p>\r\n\r\n\t<p><b>\uc601\uc5b4<\/b> - BEATON Jenny<\/p>\r\n\t<p><b>\uc601\uc5b4<\/b> - HOLDEN Mark<\/p>\r\n\t<p><b>\uc601\uc5b4<\/b> - TURCOTTE Erik<\/p>\r\n\r\n\t<p><b>\ud504\ub791\uc2a4\uc5b4 \/ \ucca0\ud559 \/ HLP<\/b> - HAZARD Nicolas<\/p>\r\n\t<p><b>\ud504\ub791\uc2a4\uc5b4 \/ \ucca0\ud559 \/ HLP<\/b> - POULIQUEN Alexandre (PRIO)<\/p>\r\n\r\n\t<p><b>\uacfc\ud559<\/b> - BIAGINI Fr\u00e9d\u00e9ric (SVT, \uace03)<\/p>\r\n\t<p><b>\uacfc\ud559<\/b> - DURANG Xavier (\ubb3c\ub9ac\u00b7\ud654\ud559, \uace02)<\/p>\r\n\t<p><b>\uacfc\ud559<\/b> - PATTOU Guillaume (SES \/ HGGSP)<\/p>\r\n\r\n\t<p><b>\uc5ed\uc0ac\u00b7\uc9c0\ub9ac<\/b> - BASTIN Damila<\/p>\r\n\t<p><b>\uc5ed\uc0ac\u00b7\uc9c0\ub9ac<\/b> - TAILFFER Quentin (HGGSP)<\/p>\r\n\r\n\t<p><b>\uc2a4\ud398\uc778\uc5b4<\/b> - RODR\u00cdGUEZ HERN\u00c1NDEZ Ivone Mois\u00e9s<\/p>\r\n\t<p><b>\uc911\uad6d\uc5b4<\/b> - HAN Xiaolan<\/p>\r\n\r\n\t<p><b>\ud55c\uad6d\uc5b4<\/b> - LIM Jungwon<\/p>\r\n\t<p><b>\ud55c\uad6d\uc5b4<\/b> - YOO Sujin (Michaela)<\/p>\r\n\r\n\t<p><b>\ud55c\uad6d\uc0ac<\/b> - KIM Soo Kyung (Veronica)<\/p>\r\n\t<p><b>\ud55c\uad6d\uc0ac<\/b> - KWON Jungae (Cristina)<\/p>\r\n\r\n\t<p><b>\ubbf8\uc220<\/b> - MICHELET Etienne<\/p>\r\n\t<p><b>\uccb4\uc721<\/b> - CHOTARD Ludovic<\/p>\r\n\t<p><b>\uc74c\uc545<\/b> - OMURA Naoko<\/p>\r\n\t<p><b>\uc74c\uc545\uce58\ub8cc<\/b> - KIM Ra Ryong (Gertruda)<\/p>\r\n\r\n\t<p><b>\uae30\uc220<\/b> - PIETRI Cl\u00e9ment<\/p>\r\n\t<p><b>\ubb38\uc11c\uc815\ubcf4(\uc0ac\uc11c)<\/b> - BLANCHARD Fran\u00e7oise<\/p>\r\n<\/div>\r\n\t\t<\/div>\n\t\t\t\t<\/div>\n\t\t\t\t\t<\/div>\n\t\t<\/div>\n\t\t\t\t\t\t\t<\/div>\n\t\t<\/div>\n\t\t\t\t<section class=\"elementor-section elementor-top-section elementor-element elementor-element-c9ca6da elementor-section-boxed elementor-section-height-default elementor-section-height-default\" data-id=\"c9ca6da\" data-element_type=\"section\">\n\t\t\t\t\t\t<div class=\"elementor-container elementor-column-gap-default\">\n\t\t\t\t\t<div class=\"elementor-column elementor-col-100 elementor-top-column elementor-element elementor-element-eb9b24c\" data-id=\"eb9b24c\" data-element_type=\"column\">\n\t\t\t<div class=\"elementor-widget-wrap elementor-element-populated\">\n\t\t\t\t\t\t\t\t<div class=\"elementor-element elementor-element-4165c10 elementor-widget elementor-widget-image\" data-id=\"4165c10\" data-element_type=\"widget\" data-widget_type=\"image.default\">\n\t\t\t\t<div class=\"elementor-widget-container\">\n\t\t\t<style>\/*! elementor - v3.5.5 - 03-02-2022 *\/\n.elementor-widget-image{text-align:center}.elementor-widget-image a{display:inline-block}.elementor-widget-image a img[src$=\".svg\"]{width:48px}.elementor-widget-image img{vertical-align:middle;display:inline-block}<\/style>\t\t\t\t\t\t\t\t\t\t\t\t<img decoding=\"async\" src=\"https:\/\/xavier.sc.kr\/wp\/wp-content\/uploads\/2022\/10\/Plantu_en_Coree-6.jpg\" title=\"\" alt=\"\" \/>\t\t\t\t\t\t\t\t\t\t\t\t\t\t\t<\/div>\n\t\t\t\t<\/div>\n\t\t\t\t\t<\/div>\n\t\t<\/div>\n\t\t\t\t\t\t\t<\/div>\n\t\t<\/section>\n\t\t\t\t\t\t<\/div>\n\t\t\t\t\t<\/div>\n\t\t","protected":false},"excerpt":{"rendered":"<p>\ud559\uad50\uc18c\uac1c \ud559\uad50\uc18c\uac1c \uad50\uc0ac\uc9c4 \uad50\uc0ac\uc9c4 \uad50\uc7a5\ub2e8 \uad50\uc7a5 &#8211; PINOT J\u00e9r\u00f4me \uad50\uac10 &#8211; MOON Myongsook (Maria) \ud589\uc815\u00b7\uc7ac\uc815\u00b7\uae30\uc220\ud300 \uc7ac\ubb34 &#8211; BANG In Ja \ud589\uc815 &#8211; LIM Kyung A \ud64d\ubcf4 &#8211; POMMET-BAE Eunjung \uc2dc\uc124\uae30\uc0ac &#8211; LEE Young Gi \ud559\uc0dd \uc0dd\ud65c \ubcf4\uac74 &#8211; LEE Hyun Jin \ubcf4\uac74 &#8211; LEE Jeong ae \ubcf4\uc870 \uc120\uc0dd\ub2d8 &#8211; LEE Hee Kyoung \uc5ec\uc790 \uae30\uc219\uc0ac \uc0ac\uac10 &#8211; DE BENQUE Marie \ub0a8\uc790 \uae30\uc219\uc0ac \uc0ac\uac10 &#8211; \ubbf8\uc815 \uc2dc\uc124\uad00\ub9ac &#8211; KIM Soo Kyung (Veronica) \ucd08\ub4f1\ubd80 \uad50\uc0ac \ud504\ub9ac\uc2a4\ucfe8(MS\/GS) &#8211; VALIN Carole \ud504\ub9ac\uc2a4\ucfe8(MS\/GS) \ubcf4\uc870 \uad50\uc0ac &#8211; JUN Meran \ucd081 (CP) \/ \ucd08\ub4f1\uad50\uc0ac \ub300\ud45c &#8211; BRUNET Julie \ucd082 (CE1) &#8211; RAYNALDY Charles-Henri \ucd083 (CE2) &#8211; BRIET Estelle \ucd084 (CM1) &#8211; PANTIN Lise-Anne \ucd085 (CM2) &#8211; ROQUETTE Sophie \ud504\ub791\uc2a4\uc5b4(FLE) &#8211; LEE Ju Yeon \ud55c\uad6d\uc5b4 &#8211; LIM Jungwon \ud55c\uad6d\uc5b4 &#8211; KIM Soo Kyung (Veronica) \uc911\u00b7\uace0\ub4f1\ubd80 \ub2f4\ub2f9 \uad50\uc0ac \uc9111 (6e) \ud559\ub144 \ub2f4\ub2f9 &#8211; LE BAIL Yann \uc9112 (5e) \ud559\ub144 \ub2f4\ub2f9 &#8211; PERRIER Ariane \uc9113 (4e) \ud559\ub144 \ub2f4\ub2f9 &#8211; MICHELET Etienne \uc9114 (3e) \ud559\ub144 \ub2f4\ub2f9 &#8211; CHENU Emmanuelle \uace01 (2nde) \ud559\ub144 \ub2f4\ub2f9 &#8211; LEE Jisun (Sylvia) \uace02 (1\u00e8re) \ud559\ub144 \ub2f4\ub2f9 &#8211; DURANG Xavier \uace03 (Terminale) \ud559\ub144 \ub2f4\ub2f9 &#8211; BIAGINI Fr\u00e9d\u00e9ric (PRIO) \uacfc\ubaa9\ubcc4 \uc911\u00b7\uace0\ub4f1\ubd80 \uad50\uc0ac \uc218\ud559 &#8211; METMAN Charles (IT \ub2f4\ub2f9) \uc218\ud559 &#8211; LE BAIL Yann \uc601\uc5b4 &#8211; BEATON Jenny \uc601\uc5b4 &#8211; HOLDEN Mark \uc601\uc5b4 &#8211; TURCOTTE Erik \ud504\ub791\uc2a4\uc5b4 \/ \ucca0\ud559 \/ HLP &#8211; HAZARD Nicolas \ud504\ub791\uc2a4\uc5b4 \/ \ucca0\ud559 \/ HLP &#8211; POULIQUEN Alexandre (PRIO) \uacfc\ud559 &#8211; BIAGINI Fr\u00e9d\u00e9ric (SVT, \uace03) \uacfc\ud559 &#8211; DURANG Xavier (\ubb3c\ub9ac\u00b7\ud654\ud559, \uace02) \uacfc\ud559 &#8211; PATTOU Guillaume (SES \/ HGGSP) \uc5ed\uc0ac\u00b7\uc9c0\ub9ac &#8211; BASTIN Damila \uc5ed\uc0ac\u00b7\uc9c0\ub9ac &#8211; TAILFFER Quentin (HGGSP) \uc2a4\ud398\uc778\uc5b4 &#8211; RODR\u00cdGUEZ HERN\u00c1NDEZ Ivone Mois\u00e9s \uc911\uad6d\uc5b4 &#8211; HAN Xiaolan \ud55c\uad6d\uc5b4 &#8211; LIM Jungwon \ud55c\uad6d\uc5b4 &#8211; YOO Sujin (Michaela) \ud55c\uad6d\uc0ac &#8211; KIM Soo Kyung (Veronica) \ud55c\uad6d\uc0ac &#8211; KWON Jungae (Cristina) \ubbf8\uc220 &#8211; MICHELET Etienne \uccb4\uc721 &#8211; CHOTARD Ludovic \uc74c\uc545 &#8211; OMURA Naoko \uc74c\uc545\uce58\ub8cc &#8211; KIM Ra Ryong (Gertruda) \uae30\uc220 &#8211; PIETRI Cl\u00e9ment \ubb38\uc11c\uc815\ubcf4(\uc0ac\uc11c) &#8211; BLANCHARD Fran\u00e7oise<\/p>\n","protected":false},"author":1,"featured_media":0,"parent":0,"menu_order":0,"comment_status":"closed","ping_status":"closed","template":"","meta":{"footnotes":""},"class_list":["post-7827","page","type-page","status-publish","hentry"],"_links":{"self":[{"href":"https:\/\/xavier.sc.kr\/wp\/index.php?rest_route=\/wp\/v2\/pages\/7827","targetHints":{"allow":["GET"]}}],"collection":[{"href":"https:\/\/xavier.sc.kr\/wp\/index.php?rest_route=\/wp\/v2\/pages"}],"about":[{"href":"https:\/\/xavier.sc.kr\/wp\/index.php?rest_route=\/wp\/v2\/types\/page"}],"author":[{"embeddable":true,"href":"https:\/\/xavier.sc.kr\/wp\/index.php?rest_route=\/wp\/v2\/users\/1"}],"replies":[{"embeddable":true,"href":"https:\/\/xavier.sc.kr\/wp\/index.php?rest_route=%2Fwp%2Fv2%2Fcomments&post=7827"}],"version-history":[{"count":178,"href":"https:\/\/xavier.sc.kr\/wp\/index.php?rest_route=\/wp\/v2\/pages\/7827\/revisions"}],"predecessor-version":[{"id":10563,"href":"https:\/\/xavier.sc.kr\/wp\/index.php?rest_route=\/wp\/v2\/pages\/7827\/revisions\/10563"}],"wp:attachment":[{"href":"https:\/\/xavier.sc.kr\/wp\/index.php?rest_route=%2Fwp%2Fv2%2Fmedia&parent=7827"}],"curies":[{"name":"wp","href":"https:\/\/api.w.org\/{rel}","templated":true}]}}