{"id":9278,"date":"2022-07-07T11:29:19","date_gmt":"2022-07-07T02:29:19","guid":{"rendered":"https:\/\/xavier.vizensoft.com\/wp\/francais\/?page_id=9278"},"modified":"2025-05-22T14:51:21","modified_gmt":"2025-05-22T05:51:21","slug":"alumni","status":"publish","type":"page","link":"https:\/\/xavier.sc.kr\/wp\/francais\/?page_id=9278","title":{"rendered":"Alumni"},"content":{"rendered":"\t\t<div data-elementor-type=\"wp-page\" data-elementor-id=\"9278\" class=\"elementor elementor-9278\" data-elementor-settings=\"[]\">\n\t\t\t\t\t\t\t<div class=\"elementor-section-wrap\">\n\t\t\t\t\t\t\t<div class=\"elementor-section elementor-top-section elementor-element elementor-element-3e82f06 elementor-section-full_width elementor-section-stretched sub_visual elementor-section-height-default elementor-section-height-default\" data-id=\"3e82f06\" data-element_type=\"section\" data-settings=\"{&quot;stretch_section&quot;:&quot;section-stretched&quot;,&quot;background_background&quot;:&quot;classic&quot;}\">\n\t\t\t\t\t\t<div class=\"elementor-container elementor-column-gap-default\">\n\t\t\t\t\t<div class=\"elementor-column elementor-col-100 elementor-top-column elementor-element elementor-element-1e11ce3\" data-id=\"1e11ce3\" data-element_type=\"column\">\n\t\t\t<div class=\"elementor-widget-wrap elementor-element-populated\">\n\t\t\t\t\t\t\t\t<div class=\"elementor-element elementor-element-b5d7712 elementor-widget elementor-widget-heading\" data-id=\"b5d7712\" data-element_type=\"widget\" data-widget_type=\"heading.default\">\n\t\t\t\t<div class=\"elementor-widget-container\">\n\t\t\t<style>\/*! elementor - v3.5.5 - 03-02-2022 *\/\n.elementor-heading-title{padding:0;margin:0;line-height:1}.elementor-widget-heading .elementor-heading-title[class*=elementor-size-]>a{color:inherit;font-size:inherit;line-height:inherit}.elementor-widget-heading .elementor-heading-title.elementor-size-small{font-size:15px}.elementor-widget-heading .elementor-heading-title.elementor-size-medium{font-size:19px}.elementor-widget-heading .elementor-heading-title.elementor-size-large{font-size:29px}.elementor-widget-heading .elementor-heading-title.elementor-size-xl{font-size:39px}.elementor-widget-heading .elementor-heading-title.elementor-size-xxl{font-size:59px}<\/style><h2 class=\"elementor-heading-title elementor-size-default\">COMMUNAUT\u00c9<\/h2>\t\t<\/div>\n\t\t\t\t<\/div>\n\t\t\t\t<div class=\"elementor-element elementor-element-68e0138 elementor-widget elementor-widget-html\" data-id=\"68e0138\" data-element_type=\"widget\" data-widget_type=\"html.default\">\n\t\t\t\t<div class=\"elementor-widget-container\">\n\t\t\t<div class=\"sub_path\">\n    <a class=\"home\" href=\"\/wp\/\">\n        <img src=\"\/image\/sub_visual_home_btn.png\"\/>\n    <\/a>\n    <div class=\"depth01\">\n        <p>COMMUNAUT\u00c9<\/p>\n    <\/div>\n    <div class=\"depth02\">\n        <p>Alumni<\/p>\n    <\/div>\n<\/div>\t\t<\/div>\n\t\t\t\t<\/div>\n\t\t\t\t\t<\/div>\n\t\t<\/div>\n\t\t\t\t\t\t\t<\/div>\n\t\t<\/div>\n\t\t\t\t<div class=\"elementor-section elementor-top-section elementor-element elementor-element-659584e tab_contents02 elementor-section-full_width elementor-section-height-default elementor-section-height-default\" data-id=\"659584e\" data-element_type=\"section\">\n\t\t\t\t\t\t<div class=\"elementor-container elementor-column-gap-default\">\n\t\t\t\t\t<div class=\"elementor-column elementor-col-100 elementor-top-column elementor-element elementor-element-58a834c\" data-id=\"58a834c\" data-element_type=\"column\">\n\t\t\t<div class=\"elementor-widget-wrap elementor-element-populated\">\n\t\t\t\t\t\t\t\t<div class=\"elementor-element elementor-element-29fdc02 elementor-widget elementor-widget-html\" data-id=\"29fdc02\" data-element_type=\"widget\" data-widget_type=\"html.default\">\n\t\t\t\t<div class=\"elementor-widget-container\">\n\t\t\t<div class=\"sub_tab grid3\">\r\n\t<div class=\"container container_custom\">\r\n\t\t<ul>\r\n\t\t\t<li class=\"on\"><a href=\"\/wp\/francais\/?page_id=9278\"><span>Alumni<\/span><\/a><\/li>\r\n\t\t\t<li><a href=\"\/wp\/francais\/?page_id=9552\"><span>Orientation<\/span><\/a><\/li>\r\n\t\t\t<li><a href=\"\/wp\/francais\/?page_id=9283\"><span>T\u00e9moignages des anciens<\/span><\/a><\/li>\r\n\t\t<\/ul>\r\n\t<\/div>\r\n<\/div>\r\n<div class=\"alumni_con01\">\r\n\t<div class=\"container container_custom\">\r\n\t\t<div class=\"sub_tit\">\r\n\t\t\t<h3>Alumni<\/h3>\r\n\t\t<\/div>\r\n\t\t<div class=\"desc\">\r\n\t\t\t<p>\r\n\t\t\t\t\u00ab On ne cr\u00e9e rien dans un enfant, on ne peut que d\u00e9velopper les dons qu\u2019il portait en lui \u00e0 sa naissance ; <br class=\"pc_only\"\/>\r\n\t\t\t\ton le fait comme on ouvre les p\u00e9tales d\u2019une fleur pour mettre son c\u0153ur au jour. \u00bb\r\n\t\t\t\t<b class=\"name\">Madeleine Dani\u00e9lou<\/b>\r\n\t\t\t<\/p>\r\n\t\t\t<span>\r\n\t\t\t\tCette citation pourrait \u00e0 elle seule r\u00e9sumer les actions d\u2019aide et d\u2019accompagnement individuel \u00e0 l\u2019orientation men\u00e9es au sein du LIX. Chaque \u00e9l\u00e8ve est encourag\u00e9 et consid\u00e9r\u00e9 dans son unicit\u00e9 : personnalit\u00e9, choix raisonn\u00e9s, passions, savoirs, savoir-faire, savoir-\u00eatre, objectifs et ambitions. <br\/>\r\n\t\t\t\tNous sommes particuli\u00e8rement heureux de contempler la r\u00e9ussite de nos \u00e9l\u00e8ves sur un plan international. Le Baccalaur\u00e9at Fran\u00e7ais re\u00e7oit un r\u00e9el pl\u00e9biscite au niveau international et nous sommes fiers de pouvoir accueillir au sein du LIX de nombreux repr\u00e9sentants d\u2019\u00e9coles, universit\u00e9s et instituts sup\u00e9rieurs de tous horizons. Bien que modeste \u00e9tablissement de la zone AEFE, nos \u00e9tudiants se retrouvent aujourd\u2019hui au sein d\u2019universit\u00e9s prestigieuses et diversifi\u00e9es. Beaucoup d\u2019anciens \u00e9l\u00e8ves viennent \u00e9galement t\u00e9moigner de leurs \u00e9tudes, de leur vie \u00e9tudiante, de leurs difficult\u00e9s et de leurs r\u00e9ussites, et r\u00e9pondent ainsi directement aux questions des lyc\u00e9ens quant \u00e0 leur avenir proche.\r\n\t\t\t<\/span>\r\n\t\t<\/div>\r\n\t\t<div class=\"img_box\">\r\n\t\t\t<div class=\"img\">\r\n\t\t\t\t<img src=\"\/image\/alumni_con01_img01_fr.png\" alt=\"\">\r\n\t\t\t\t<div class=\"kor\">\r\n\t\t\t\t\t<a href=\"javascript:;\"><\/a>\r\n\t\t\t\t\t<ul class=\"sub_box\">\r\n\t\t\t\t\t\t<li><a href=\"javascript:;\" class=\"poppins\">Korea University<\/a><\/li>\r\n\t\t\t\t\t\t<li><a href=\"javascript:;\" class=\"poppins\">Hankuk University of Foreign Studies<\/a><\/li>\r\n\t\t\t\t\t\t<li><a href=\"javascript:;\" class=\"poppins\">Ewha Womans University<\/a><\/li>\r\n\t\t\t\t\t\t<li><a href=\"javascript:;\" class=\"poppins\">Inha University<\/a><\/li>\r\n\t\t\t\t\t<\/ul>\r\n\t\t\t\t<\/div>\r\n\t\t\t\t<div class=\"bel\">\r\n\t\t\t\t\t<a href=\"javascript:;\"><\/a>\r\n\t\t\t\t\t<ul class=\"sub_box\">\r\n\t\t\t\t\t\t<li><a href=\"javascript:;\" class=\"poppins\">Ghent University<\/a><\/li>\r\n\t\t\t\t\t<\/ul>\r\n\t\t\t\t<\/div>\r\n\t\t\t\t<div class=\"usa\">\r\n\t\t\t\t\t<a href=\"javascript:;\"><\/a>\r\n\t\t\t\t\t<ul class=\"sub_box\">\r\n\t\t\t\t\t\t<li><a href=\"javascript:;\" class=\"poppins\">Michigan State University<\/a><\/li>\r\n\t\t\t\t\t\t<li><a href=\"javascript:;\" class=\"poppins\">Universit\u00e9 George Washington<\/a><\/li>\r\n\t\t\t\t\t\t<li><a href=\"javascript:;\" class=\"poppins\">Columbia University, NY<\/a><\/li>\r\n\t\t\t\t\t\t<li><a href=\"javascript:;\" class=\"poppins\">Arizona State University<\/a><\/li>\r\n\t\t\t\t\t\t<li><a href=\"javascript:;\" class=\"poppins\">School of Visual art, NYC<\/a><\/li>\r\n\t\t\t\t\t\t<li><a href=\"javascript:;\" class=\"poppins\">UC Davis<\/a><\/li>\r\n\t\t\t\t\t\t<li><a href=\"javascript:;\" class=\"poppins\">Carnegie Mellon University<\/a><\/li>\r\n\t\t\t\t\t\t<li><a href=\"javascript:;\" class=\"poppins\">Case Western Reserve University\u00a0<\/a><\/li>\r\n\t\t\t\t\t<\/ul>\r\n\t\t\t\t<\/div>\r\n\t\t\t\t<div class=\"can\">\r\n\t\t\t\t\t<a href=\"javascript:;\"><\/a>\r\n\t\t\t\t\t<ul class=\"sub_box\">\r\n\t\t\t\t\t\t<li><a href=\"javascript:;\" class=\"poppins\">University of British Columbia<\/a><\/li>\r\n\t\t\t\t\t\t<li><a href=\"javascript:;\" class=\"poppins\">Universit\u00e9 McGill<\/a><\/li>\r\n\t\t\t\t\t\t<li><a href=\"javascript:;\" class=\"poppins\">University of Ottawa<\/a><\/li>\r\n\t\t\t\t\t\t<li><a href=\"javascript:;\" class=\"poppins\">Universit\u00e9 de Montreal<\/a><\/li>\r\n\t\t\t\t\t\t<li><a href=\"javascript:;\" class=\"poppins\">University of Toronto<\/a><\/li>\r\n\t\t\t\t\t<\/ul>\r\n\t\t\t\t<\/div>\r\n\t\t\t\t<div class=\"bri\">\r\n\t\t\t\t\t<a href=\"javascript:;\"><\/a>\r\n\t\t\t\t\t<ul class=\"sub_box\">\r\n\t\t\t\t\t\t<li><a href=\"javascript:;\" class=\"poppins\">Oxford University<\/a><\/li>\r\n\t\t\t\t\t\t<li><a href=\"javascript:;\" class=\"poppins\">Imperial College London<\/a><\/li>\r\n\t\t\t\t\t\t<li><a href=\"javascript:;\" class=\"poppins\">Warwick Business School<\/a><\/li>\r\n\t\t\t\t\t\t<li><a href=\"javascript:;\" class=\"poppins\">Bristol University<\/a><\/li>\r\n\t\t\t\t\t\t<li><a href=\"javascript:;\" class=\"poppins\">Loughborough University<\/a><\/li>\r\n\t\t\t\t\t<\/ul>\r\n\t\t\t\t<\/div>\r\n\t\t\t\t<div class=\"swi\">\r\n\t\t\t\t\t<a href=\"javascript:;\"><\/a>\r\n\t\t\t\t\t<ul class=\"sub_box\">\r\n\t\t\t\t\t\t<li><a href=\"javascript:;\" class=\"poppins\">EPFL<\/a><\/li>\r\n\t\t\t\t\t\t<li><a href=\"javascript:;\" class=\"poppins\">Universit\u00e9 de Gen\u00e8ve<\/a><\/li>\r\n\t\t\t\t\t\t<li><a href=\"javascript:;\" class=\"poppins\">Cesar Ritz<\/a><\/li>\r\n\t\t\t\t\t\t<li><a href=\"javascript:;\" class=\"poppins\">EHL<\/a><\/li>\r\n\t\t\t\t\t\t<li><a href=\"javascript:;\" class=\"poppins\">Glion - Les Roches<\/a><\/li>\r\n\t\t\t\t\t<\/ul>\r\n\t\t\t\t<\/div>\r\n\t\t\t\t<div class=\"fra\">\r\n\t\t\t\t\t<a href=\"javascript:;\"><\/a>\r\n\t\t\t\t\t<div class=\"sub_box02\">\r\n\t\t\t\t\t\t<div class=\"left\">\r\n\t\t\t\t\t\t\t<ul>\r\n\t\t\t\t\t\t\t\t<li>\r\n\t\t\t\t\t\t\t\t\t<p class=\"poppins\">Licence<\/p>\r\n\t\t\t\t\t\t\t\t\t<ul class=\"depth02\">\r\n\t\t\t\t\t\t\t\t\t\t<li><a class=\"poppins\" href=\"javascript:;\">Universit\u00e9 Grenoble-Alpes<\/a><\/li>\r\n\t\t\t\t\t\t\t\t\t\t<li><a class=\"poppins\" href=\"javascript:;\">Universit\u00e9 La Rochelle<\/a><\/li>\r\n\t\t\t\t\t\t\t\t\t\t<li><a class=\"poppins\" href=\"javascript:;\">Universit\u00e9 Lyon-I<\/a><\/li>\r\n\t\t\t\t\t\t\t\t\t\t<li><a class=\"poppins\" href=\"javascript:;\">Universit\u00e9 Lyon-II<\/a><\/li>\r\n\t\t\t\t\t\t\t\t\t\t<li><a class=\"poppins\" href=\"javascript:;\">Universit\u00e9 Lyon-III<\/a><\/li>\r\n\t\t\t\t\t\t\t\t\t\t<li><a class=\"poppins\" href=\"javascript:;\">Universit\u00e9 Montpellier<\/a><\/li>\r\n\t\t\t\t\t\t\t\t\t\t<li><a class=\"poppins\" href=\"javascript:;\">Universit\u00e9 Nantes<\/a><\/li>\r\n\t\t\t\t\t\t\t\t\t\t<li><a class=\"poppins\" href=\"javascript:;\">Universit\u00e9 Nice-Sophia-Antipolis<\/a><\/li>\r\n\t\t\t\t\t\t\t\t\t\t<li><a class=\"poppins\" href=\"javascript:;\">Universit\u00e9 N\u00eemes<\/a><\/li>\r\n\t\t\t\t\t\t\t\t\t\t<li><a class=\"poppins\" href=\"javascript:;\">Universit\u00e9 Paris-Cit\u00e9<\/a><\/li>\r\n\t\t\t\t\t\t\t\t\t\t<li><a class=\"poppins\" href=\"javascript:;\">Universit\u00e9 Paris-Dauphine<\/a><\/li>\r\n\t\t\t\t\t\t\t\t\t\t<li><a class=\"poppins\" href=\"javascript:;\">Universit\u00e9 Paris-I<\/a><\/li>\r\n\t\t\t\t\t\t\t\t\t\t<li><a class=\"poppins\" href=\"javascript:;\">Universit\u00e9 Paris-IV<\/a><\/li>\r\n\t\t\t\t\t\t\t\t\t\t<li><a class=\"poppins\" href=\"javascript:;\">Universit\u00e9 Paris-X<\/a><\/li>\r\n\t\t\t\t\t\t\t\t\t\t<li><a class=\"poppins\" href=\"javascript:;\">Universit\u00e9 Rouen<\/a><\/li>\r\n\t\t\t\t\t\t\t\t\t\t<li><a class=\"poppins\" href=\"javascript:;\">Universit\u00e9 Strasbourg<\/a><\/li>\r\n\t\t\t\t\t\t\t\t\t\t<li><a class=\"poppins\" href=\"javascript:;\">Universit\u00e9 Toulouse-I<\/a><\/li>\r\n\t\t\t\t\t\t\t\t\t\t<li><a class=\"poppins\" href=\"javascript:;\">Universit\u00e9 Versailles-Saint-<\/a><\/li>\r\n\t\t\t\t\t\t\t\t\t\t<li><a class=\"poppins\" href=\"javascript:;\">Quentin-en-Yvelines<\/a><\/li>\r\n\t\t\t\t\t\t\t\t\t\t<li><a class=\"poppins\" href=\"javascript:;\">Universit\u00e9 Panth\u00e9on 1 Sorbonne<\/a><\/li>\r\n\t\t\t\t\t\t\t\t\t\t<li><a class=\"poppins\" href=\"javascript:;\">Universit\u00e9 de Lorraine<\/a><\/li>\r\n\t\t\t\t\t\t\t\t\t\t<li><a class=\"poppins\" href=\"javascript:;\">Sorbonne Universit\u00e9<\/a><\/li>\r\n\t\t\t\t\t\t\t\t\t\t<li><a class=\"poppins\" href=\"javascript:;\">Universit\u00e9 de Poitiers<\/a><\/li>\r\n\t\t\t\t\t\t\t\t\t<\/ul>\r\n\t\t\t\t\t\t\t\t<\/li>\r\n\t\t\t\t\t\t\t<\/ul>\r\n\t\t\t\t\t\t<\/div>\r\n\t\t\t\t\t\t<div class=\"right\">\r\n\t\t\t\t\t\t\t<div class=\"top\">\r\n\t\t\t\t\t\t\t\t<ul>\r\n\t\t\t\t\t\t\t\t\t<li>\r\n\t\t\t\t\t\t\t\t\t\t<p class=\"poppins\">IEP<\/p>\r\n\t\t\t\t\t\t\t\t\t\t<ul class=\"depth02\">\r\n\t\t\t\t\t\t\t\t\t\t\t<li><a class=\"poppins\" href=\"javascript:;\">Sciences Po Bordeaux<\/a><\/li>\r\n\t\t\t\t\t\t\t\t\t\t\t<li><a class=\"poppins\" href=\"javascript:;\">Sciences Po Paris - Le Havre<\/a><\/li>\r\n\t\t\t\t\t\t\t\t\t\t<\/ul>\t\t\t\r\n\t\t\t\t\t\t\t\t\t<\/li>\t\t\t\t\r\n\t\t\t\t\t\t\t\t\t<li>\t\t\t\t\r\n\t\t\t\t\t\t\t\t\t\t<p class=\"poppins\">GE commerce<\/p>\r\n\t\t\t\t\t\t\t\t\t\t<ul class=\"depth02\">\r\n\t\t\t\t\t\t\t\t\t\t\t<li><a class=\"poppins\" href=\"javascript:;\">ESSEC<\/a><\/li>\r\n\t\t\t\t\t\t\t\t\t\t\t<li><a class=\"poppins\" href=\"javascript:;\">IAE Dijon<\/a><\/li>\r\n\t\t\t\t\t\t\t\t\t\t\t<li><a class=\"poppins\" href=\"javascript:;\">EDHEC<\/a><\/li>\r\n\t\t\t\t\t\t\t\t\t\t\t<li><a class=\"poppins\" href=\"javascript:;\">GGSB<\/a><\/li>\r\n\t\t\t\t\t\t\t\t\t\t\t<li><a class=\"poppins\" href=\"javascript:;\">Neoma business school\u00a0<\/a><\/li>\r\n\t\t\t\t\t\t\t\t\t\t<\/ul>\t\t\t\r\n\t\t\t\t\t\t\t\t\t<\/li>\t\t\t\t\r\n\t\t\t\t\t\t\t\t\t<li>\t\t\t\t\r\n\t\t\t\t\t\t\t\t\t\t<p class=\"poppins\">GE ing\u00e9nieur<\/p>\r\n\t\t\t\t\t\t\t\t\t\t<ul class=\"depth02\">\r\n\t\t\t\t\t\t\t\t\t\t\t<li><a class=\"poppins\" href=\"javascript:;\">Epitech<\/a><\/li>\r\n\t\t\t\t\t\t\t\t\t\t\t<li><a class=\"poppins\" href=\"javascript:;\">Epita<\/a><\/li>\r\n\t\t\t\t\t\t\t\t\t\t\t<li><a class=\"poppins\" href=\"javascript:;\">IPSA Paris<\/a><\/li>\r\n\t\t\t\t\t\t\t\t\t\t\t<li><a class=\"poppins\" href=\"javascript:;\">INSA<\/a><\/li>\r\n\t\t\t\t\t\t\t\t\t\t\t<li><a class=\"poppins\" href=\"javascript:;\">Polytech Grenoble<\/a><\/li>\r\n\t\t\t\t\t\t\t\t\t\t\t<li><a class=\"poppins\" href=\"javascript:;\">ESTACA<\/a><\/li>\r\n\t\t\t\t\t\t\t\t\t\t\t<li><a class=\"poppins\" href=\"javascript:;\">UTC Compi\u00e8gne<\/a><\/li>\r\n\t\t\t\t\t\t\t\t\t\t\t<li><a class=\"poppins\" href=\"javascript:;\">ISEN Mediterran\u00e9e Nice-Marseille<\/a><\/li>\r\n\t\t\t\t\t\t\t\t\t\t<\/ul>\t\t\r\n\t\t\t\t\t\t\t\t\t<\/li>\t\t\t\r\n\t\t\t\t\t\t\t\t\t<li>\t\t\t\r\n\t\t\t\t\t\t\t\t\t\t<p class=\"poppins\">Ecole d\u2019architecture<\/p>\r\n\t\t\t\t\t\t\t\t\t\t<ul class=\"depth02\">\r\n\t\t\t\t\t\t\t\t\t\t\t<li><a class=\"poppins\" href=\"javascript:;\">ENSA Paris-La Villette<\/a><\/li>\r\n\t\t\t\t\t\t\t\t\t\t\t<li><a class=\"poppins\" href=\"javascript:;\">ENSASE Saint-Etienne<\/a><\/li>\r\n\t\t\t\t\t\t\t\t\t\t<\/ul>\r\n\t\t\t\t\t\t\t\t\t<\/li>\r\n\t\t\t\t\t\t\t\t<\/ul>\r\n\t\t\t\t\t\t\t<\/div>\r\n\t\t\t\t\t\t\t<div class=\"mid\">\r\n\t\t\t\t\t\t\t\t<ul>\r\n\t\t\t\t\t\t\t\t\t<li>\r\n\t\t\t\t\t\t\t\t\t\t<p class=\"poppins\">Pr\u00e9pa Art<\/p>\r\n\t\t\t\t\t\t\t\t\t\t<ul class=\"depth02\">\r\n\t\t\t\t\t\t\t\t\t\t\t<li><a class=\"poppins\" href=\"javascript:;\">Pr\u00e9pa Artistique Bourges<\/a><\/li>\r\n\t\t\t\t\t\t\t\t\t\t<\/ul>\t\t\t\r\n\t\t\t\t\t\t\t\t\t<\/li>\t\t\t\t\r\n\t\t\t\t\t\t\t\t\t<li>\t\t\t\t\r\n\t\t\t\t\t\t\t\t\t\t<p class=\"poppins\">Ecole d'art<\/p>\r\n\t\t\t\t\t\t\t\t\t\t<ul class=\"depth02\">\r\n\t\t\t\t\t\t\t\t\t\t\t<li><a class=\"poppins\" href=\"javascript:;\">HEAR<\/a><\/li>\r\n\t\t\t\t\t\t\t\t\t\t\t<li><a class=\"poppins\" href=\"javascript:;\">ENSAD Paris<\/a><\/li>\r\n\t\t\t\t\t\t\t\t\t\t\t<li><a class=\"poppins\" href=\"javascript:;\">ENSA Dijon<\/a><\/li>\r\n\t\t\t\t\t\t\t\t\t\t\t<li><a class=\"poppins\" href=\"javascript:;\">Beaux-Arts Saint-Etienne<\/a><\/li>\r\n\t\t\t\t\t\t\t\t\t\t\t<li><a class=\"poppins\" href=\"javascript:;\">Beaux-Arts Angers<\/a><\/li>\r\n\t\t\t\t\t\t\t\t\t\t\t<li><a class=\"poppins\" href=\"javascript:;\">CREAPOLE<\/a><\/li>\r\n\t\t\t\t\t\t\t\t\t\t\t<li><a class=\"poppins\" href=\"javascript:;\">P\u00f4le IIID Lille<\/a><\/li>\r\n\t\t\t\t\t\t\t\t\t\t\t<li><a class=\"poppins\" href=\"javascript:;\">IFM<\/a><\/li>\r\n\t\t\t\t\t\t\t\t\t\t\t<li><a class=\"poppins\" href=\"javascript:;\">Isart Digital<\/a><\/li>\r\n\t\t\t\t\t\t\t\t\t\t<\/ul>\t\t\t\r\n\t\t\t\t\t\t\t\t\t<\/li>\t\t\t\t\r\n\t\t\t\t\t\t\t\t\t<li>\t\t\t\t\r\n\t\t\t\t\t\t\t\t\t\t<p class=\"poppins\">IUT<\/p>\r\n\t\t\t\t\t\t\t\t\t\t<ul class=\"depth02\">\r\n\t\t\t\t\t\t\t\t\t\t\t<li><a class=\"poppins\" href=\"javascript:;\">IUT ABB Montpellier<\/a><\/li>\r\n\t\t\t\t\t\t\t\t\t\t<\/ul>\t\t\r\n\t\t\t\t\t\t\t\t\t<\/li>\t\t\t\r\n\t\t\t\t\t\t\t\t\t<li>\t\t\t\r\n\t\t\t\t\t\t\t\t\t\t<p class=\"poppins\">Ecole de cin\u00e9ma\/audivisuel<\/p>\r\n\t\t\t\t\t\t\t\t\t\t<ul class=\"depth02\">\r\n\t\t\t\t\t\t\t\t\t\t\t<li><a class=\"poppins\" href=\"javascript:;\">ESRA Paris<\/a><\/li>\r\n\t\t\t\t\t\t\t\t\t\t\t<li><a class=\"poppins\" href=\"javascript:;\">SAE Paris<\/a><\/li>\r\n\t\t\t\t\t\t\t\t\t\t\t<li><a class=\"poppins\" href=\"javascript:;\">Universit\u00e9 Sorbonne Nouvelle<\/a><\/li>\r\n\t\t\t\t\t\t\t\t\t\t<\/ul>\r\n\t\t\t\t\t\t\t\t\t<\/li>\r\n\t\t\t\t\t\t\t\t<\/ul>\r\n\t\t\t\t\t\t\t<\/div>\r\n\t\t\t\t\t\t\t<div class=\"bot\">\r\n\t\t\t\t\t\t\t\t<ul>\r\n\t\t\t\t\t\t\t\t\t<li>\r\n\t\t\t\t\t\t\t\t\t\t<p class=\"poppins\">CPGE<\/p>\r\n\t\t\t\t\t\t\t\t\t\t<ul class=\"depth02\">\r\n\t\t\t\t\t\t\t\t\t\t\t<li><a class=\"poppins\" href=\"javascript:;\">CPGE Sainte Marie, Lyon<\/a><\/li>\r\n\t\t\t\t\t\t\t\t\t\t\t<li><a class=\"poppins\" href=\"javascript:;\">CPGE Claude Monet<\/a><\/li>\r\n\t\t\t\t\t\t\t\t\t\t\t<li><a class=\"poppins\" href=\"javascript:;\">CPGE Dani\u00e9lou<\/a><\/li>\r\n\t\t\t\t\t\t\t\t\t\t<\/ul>\t\t\t\r\n\t\t\t\t\t\t\t\t\t<\/li>\t\t\t\t\r\n\t\t\t\t\t\t\t\t\t<li>\t\t\t\t\r\n\t\t\t\t\t\t\t\t\t\t<p class=\"poppins\">Ecole h\u00f4teli\u00e8re<\/p>\r\n\t\t\t\t\t\t\t\t\t\t<ul class=\"depth02\">\r\n\t\t\t\t\t\t\t\t\t\t\t<li><a class=\"poppins\" href=\"javascript:;\">VATEL N\u00eemes<\/a><\/li>\r\n\t\t\t\t\t\t\t\t\t\t\t<li><a class=\"poppins\" href=\"javascript:;\">Ecole de cuisine Ferrandi<\/a><\/li>\r\n\t\t\t\t\t\t\t\t\t\t<\/ul>\t\t\t\r\n\t\t\t\t\t\t\t\t\t<\/li>\t\t\t\t\r\n\t\t\t\t\t\t\t\t\t<li>\t\t\t\t\r\n\t\t\t\t\t\t\t\t\t\t<p class=\"poppins\">BTS<\/p>\r\n\t\t\t\t\t\t\t\t\t\t<ul class=\"depth02\">\r\n\t\t\t\t\t\t\t\t\t\t\t<li><a class=\"poppins\" href=\"javascript:;\">Lyc\u00e9e D\u2019Alembert-Cuir<\/a><\/li>\r\n\t\t\t\t\t\t\t\t\t\t<\/ul>\t\t\r\n\t\t\t\t\t\t\t\t\t<\/li>\t\t\t\t\t\r\n\t\t\t\t\t\t\t\t\t<li>\t\t\t\t\r\n\t\t\t\t\t\t\t\t\t<\/li>\t\t\r\n\t\t\t\t\t\t\t\t<\/ul>\r\n\t\t\t\t\t\t\t<\/div>\r\n\t\t\t\t\t\t<\/div>\r\n\t\t\t\t\t<\/div>\r\n\t\t\t\t<\/div>\r\n\t\t\t<\/div>\r\n\t\t<\/div>\r\n\t<\/div>\r\n<\/div>\r\n<div class=\"alumni_con02\">\r\n\t<div class=\"container container_custom\">\r\n\t\t<div class=\"preschool_list type03 grid2\">\r\n\t\t\t<ul>\r\n\t\t\t\t<li>\r\n\t\t\t\t\t<div class=\"img_box\">\r\n\t\t\t\t\t\t<img src=\"\/image\/alumni_con02_img01_fr.jpg\" alt=\"\">\r\n\t\t\t\t\t<\/div>\r\n\t\t\t\t\t<div class=\"txt_box\">\r\n\t\t\t\t\t\t<h5>Destination de nos \u00e9l\u00e8ves depuis 2013<\/h5>\r\n\t\t\t\t\t<\/div>\r\n\t\t\t\t<\/li>\r\n\t\t\t\t<li>\r\n\t\t\t\t\t<div class=\"img_box\">\r\n\t\t\t\t\t\t<img src=\"\/image\/alumni_con02_img02_fr.jpg\" alt=\"\">\r\n\t\t\t\t\t<\/div>\r\n\t\t\t\t\t<div class=\"txt_box\">\r\n\t\t\t\t\t\t<h5>Domaines d'\u00e9tudes de nos lyc\u00e9ens apr\u00e8s le baccalaur\u00e9at<\/h5>\r\n\t\t\t\t\t<\/div>\r\n\t\t\t\t<\/li>\r\n\t\t\t<\/ul>\r\n\t\t<\/div>\r\n\t<\/div>\r\n<\/div>\t\t<\/div>\n\t\t\t\t<\/div>\n\t\t\t\t\t<\/div>\n\t\t<\/div>\n\t\t\t\t\t\t\t<\/div>\n\t\t<\/div>\n\t\t\t\t\t\t<\/div>\n\t\t\t\t\t<\/div>\n\t\t","protected":false},"excerpt":{"rendered":"<p>COMMUNAUT\u00c9 COMMUNAUT\u00c9 Alumni Alumni Orientation T\u00e9moignages des anciens Alumni \u00ab On ne cr\u00e9e rien dans un enfant, on ne peut que d\u00e9velopper les dons qu\u2019il portait en lui \u00e0 sa naissance ; on le fait comme on ouvre les p\u00e9tales d\u2019une fleur pour mettre son c\u0153ur au jour. \u00bb Madeleine Dani\u00e9lou Cette citation pourrait \u00e0 elle seule r\u00e9sumer les actions d\u2019aide et d\u2019accompagnement individuel \u00e0 l\u2019orientation men\u00e9es au sein du LIX. Chaque \u00e9l\u00e8ve est encourag\u00e9 et consid\u00e9r\u00e9 dans son unicit\u00e9 : personnalit\u00e9, choix raisonn\u00e9s, passions, savoirs, savoir-faire, savoir-\u00eatre, objectifs et ambitions. Nous sommes particuli\u00e8rement heureux de contempler la r\u00e9ussite de nos \u00e9l\u00e8ves sur un plan international. Le Baccalaur\u00e9at Fran\u00e7ais re\u00e7oit un r\u00e9el pl\u00e9biscite au niveau international et nous sommes fiers de pouvoir accueillir au sein du LIX de nombreux repr\u00e9sentants d\u2019\u00e9coles, universit\u00e9s et instituts sup\u00e9rieurs de tous horizons. Bien que modeste \u00e9tablissement de la zone AEFE, nos \u00e9tudiants se retrouvent aujourd\u2019hui au sein d\u2019universit\u00e9s prestigieuses et diversifi\u00e9es. Beaucoup d\u2019anciens \u00e9l\u00e8ves viennent \u00e9galement t\u00e9moigner de leurs \u00e9tudes, de leur vie \u00e9tudiante, de leurs difficult\u00e9s et de leurs r\u00e9ussites, et r\u00e9pondent ainsi directement aux questions des lyc\u00e9ens quant \u00e0 leur avenir proche. Korea University Hankuk University of Foreign Studies Ewha Womans University Inha University Ghent University Michigan State University Universit\u00e9 George Washington Columbia University, NY Arizona State University School of Visual art, NYC UC Davis Carnegie Mellon University Case Western Reserve University\u00a0 University of British Columbia Universit\u00e9 McGill University of Ottawa Universit\u00e9 de Montreal University of Toronto Oxford University Imperial College London Warwick Business School Bristol University Loughborough University EPFL Universit\u00e9 de Gen\u00e8ve Cesar Ritz EHL Glion &#8211; Les Roches Licence Universit\u00e9 Grenoble-Alpes Universit\u00e9 La Rochelle Universit\u00e9 Lyon-I Universit\u00e9 Lyon-II Universit\u00e9 Lyon-III Universit\u00e9 Montpellier Universit\u00e9 Nantes Universit\u00e9 Nice-Sophia-Antipolis Universit\u00e9 N\u00eemes Universit\u00e9 Paris-Cit\u00e9 Universit\u00e9 Paris-Dauphine Universit\u00e9 Paris-I Universit\u00e9 Paris-IV Universit\u00e9 Paris-X Universit\u00e9 Rouen Universit\u00e9 Strasbourg Universit\u00e9 Toulouse-I Universit\u00e9 Versailles-Saint- Quentin-en-Yvelines Universit\u00e9 Panth\u00e9on 1 Sorbonne Universit\u00e9 de Lorraine Sorbonne Universit\u00e9 Universit\u00e9 de Poitiers IEP Sciences Po Bordeaux Sciences Po Paris &#8211; Le Havre GE commerce ESSEC IAE Dijon EDHEC GGSB Neoma business school\u00a0 GE ing\u00e9nieur Epitech Epita IPSA Paris INSA Polytech Grenoble ESTACA UTC Compi\u00e8gne ISEN Mediterran\u00e9e Nice-Marseille Ecole d\u2019architecture ENSA Paris-La Villette ENSASE Saint-Etienne Pr\u00e9pa Art Pr\u00e9pa Artistique Bourges Ecole d&rsquo;art HEAR ENSAD Paris ENSA Dijon Beaux-Arts Saint-Etienne Beaux-Arts Angers CREAPOLE P\u00f4le IIID Lille IFM Isart Digital IUT IUT ABB Montpellier Ecole de cin\u00e9ma\/audivisuel ESRA Paris SAE Paris Universit\u00e9 Sorbonne Nouvelle CPGE CPGE Sainte Marie, Lyon CPGE Claude Monet CPGE Dani\u00e9lou Ecole h\u00f4teli\u00e8re VATEL N\u00eemes Ecole de cuisine Ferrandi BTS Lyc\u00e9e D\u2019Alembert-Cuir Destination de nos \u00e9l\u00e8ves depuis 2013 Domaines d&rsquo;\u00e9tudes de nos lyc\u00e9ens apr\u00e8s le baccalaur\u00e9at<\/p>\n","protected":false},"author":1,"featured_media":0,"parent":0,"menu_order":0,"comment_status":"closed","ping_status":"closed","template":"elementor_header_footer","meta":[],"_links":{"self":[{"href":"https:\/\/xavier.sc.kr\/wp\/francais\/index.php?rest_route=\/wp\/v2\/pages\/9278"}],"collection":[{"href":"https:\/\/xavier.sc.kr\/wp\/francais\/index.php?rest_route=\/wp\/v2\/pages"}],"about":[{"href":"https:\/\/xavier.sc.kr\/wp\/francais\/index.php?rest_route=\/wp\/v2\/types\/page"}],"author":[{"embeddable":true,"href":"https:\/\/xavier.sc.kr\/wp\/francais\/index.php?rest_route=\/wp\/v2\/users\/1"}],"replies":[{"embeddable":true,"href":"https:\/\/xavier.sc.kr\/wp\/francais\/index.php?rest_route=%2Fwp%2Fv2%2Fcomments&post=9278"}],"version-history":[{"count":41,"href":"https:\/\/xavier.sc.kr\/wp\/francais\/index.php?rest_route=\/wp\/v2\/pages\/9278\/revisions"}],"predecessor-version":[{"id":10133,"href":"https:\/\/xavier.sc.kr\/wp\/francais\/index.php?rest_route=\/wp\/v2\/pages\/9278\/revisions\/10133"}],"wp:attachment":[{"href":"https:\/\/xavier.sc.kr\/wp\/francais\/index.php?rest_route=%2Fwp%2Fv2%2Fmedia&parent=9278"}],"curies":[{"name":"wp","href":"https:\/\/api.w.org\/{rel}","templated":true}]}}