{"id":9026,"date":"2022-06-07T18:36:05","date_gmt":"2022-06-07T09:36:05","guid":{"rendered":"https:\/\/xavier.vizensoft.com\/wp\/francais\/?page_id=9026"},"modified":"2025-05-22T14:52:49","modified_gmt":"2025-05-22T05:52:49","slug":"acces","status":"publish","type":"page","link":"https:\/\/xavier.sc.kr\/wp\/francais\/?page_id=9026","title":{"rendered":"Acc\u00e8s"},"content":{"rendered":"\t\t<div data-elementor-type=\"wp-page\" data-elementor-id=\"9026\" class=\"elementor elementor-9026\" data-elementor-settings=\"[]\">\n\t\t\t\t\t\t\t<div class=\"elementor-section-wrap\">\n\t\t\t\t\t\t\t<div class=\"elementor-section elementor-top-section elementor-element elementor-element-d4cb348 elementor-section-full_width elementor-section-stretched sub_visual elementor-section-height-default elementor-section-height-default\" data-id=\"d4cb348\" data-element_type=\"section\" data-settings=\"{&quot;stretch_section&quot;:&quot;section-stretched&quot;,&quot;background_background&quot;:&quot;classic&quot;}\">\n\t\t\t\t\t\t<div class=\"elementor-container elementor-column-gap-default\">\n\t\t\t\t\t<div class=\"elementor-column elementor-col-100 elementor-top-column elementor-element elementor-element-2b086a9\" data-id=\"2b086a9\" data-element_type=\"column\">\n\t\t\t<div class=\"elementor-widget-wrap elementor-element-populated\">\n\t\t\t\t\t\t\t\t<div class=\"elementor-element elementor-element-a66286b elementor-widget elementor-widget-heading\" data-id=\"a66286b\" data-element_type=\"widget\" data-widget_type=\"heading.default\">\n\t\t\t\t<div class=\"elementor-widget-container\">\n\t\t\t<style>\/*! elementor - v3.5.5 - 03-02-2022 *\/\n.elementor-heading-title{padding:0;margin:0;line-height:1}.elementor-widget-heading .elementor-heading-title[class*=elementor-size-]>a{color:inherit;font-size:inherit;line-height:inherit}.elementor-widget-heading .elementor-heading-title.elementor-size-small{font-size:15px}.elementor-widget-heading .elementor-heading-title.elementor-size-medium{font-size:19px}.elementor-widget-heading .elementor-heading-title.elementor-size-large{font-size:29px}.elementor-widget-heading .elementor-heading-title.elementor-size-xl{font-size:39px}.elementor-widget-heading .elementor-heading-title.elementor-size-xxl{font-size:59px}<\/style><h2 class=\"elementor-heading-title elementor-size-default\">CONTACT<\/h2>\t\t<\/div>\n\t\t\t\t<\/div>\n\t\t\t\t<div class=\"elementor-element elementor-element-82ed681 elementor-widget elementor-widget-html\" data-id=\"82ed681\" data-element_type=\"widget\" data-widget_type=\"html.default\">\n\t\t\t\t<div class=\"elementor-widget-container\">\n\t\t\t<div class=\"sub_path\">\n    <a class=\"home\" href=\"\/wp\/\">\n        <img src=\"\/image\/sub_visual_home_btn.png\"\/>\n    <\/a>\n    <div class=\"depth01\">\n        <p>CONTACT<\/p>\n    <\/div>\n    <div class=\"depth02\">\n        <p>Acc\u00e8s<\/p>\n    <\/div>\n<\/div>\t\t<\/div>\n\t\t\t\t<\/div>\n\t\t\t\t\t<\/div>\n\t\t<\/div>\n\t\t\t\t\t\t\t<\/div>\n\t\t<\/div>\n\t\t\t\t<div class=\"elementor-section elementor-top-section elementor-element elementor-element-23b3230 contact_con01 elementor-section-boxed elementor-section-height-default elementor-section-height-default\" data-id=\"23b3230\" data-element_type=\"section\">\n\t\t\t\t\t\t<div class=\"elementor-container elementor-column-gap-default\">\n\t\t\t\t\t<div class=\"elementor-column elementor-col-100 elementor-top-column elementor-element elementor-element-82c18fe\" data-id=\"82c18fe\" data-element_type=\"column\">\n\t\t\t<div class=\"elementor-widget-wrap elementor-element-populated\">\n\t\t\t\t\t\t\t\t<div class=\"elementor-element elementor-element-062c234 elementor-widget elementor-widget-html\" data-id=\"062c234\" data-element_type=\"widget\" data-widget_type=\"html.default\">\n\t\t\t\t<div class=\"elementor-widget-container\">\n\t\t\t<div class=\"sub_tit\">\r\n\t<h3>Acc\u00e8s<\/h3>\r\n<\/div>\r\n<div class=\"map_txt\">\r\n\t<div class=\"map_box\">\r\n\t\t<iframe src=\"https:\/\/www.google.com\/maps\/embed?pb=!1m18!1m12!1m3!1d3160.6408496853514!2d126.9535696514135!3d37.61061082926021!2m3!1f0!2f0!3f0!3m2!1i1024!2i768!4f13.1!3m3!1m2!1s0x357cbdac0402732d%3A0x48d64d05db3aad67!2s23%20Bibong-gil%2C%20Gugi-dong%2C%20Jongno-gu%2C%20Seoul!5e0!3m2!1sfr!2skr!4v1654604542221!5m2!1sfr!2skr\" width=\"*\" height=\"*\" style=\"border:0;\" allowfullscreen=\"\" loading=\"lazy\" referrerpolicy=\"no-referrer-when-downgrade\"><\/iframe>\r\n\t<\/div>\r\n\t<div class=\"txt_box\">\r\n\t\t<dl>\r\n\t\t\t<dt><img src=\"\/image\/contact_con01_logo.png\" alt=\"\"><\/dt>\r\n\t\t\t<dd>\r\n\t\t\t\t<span class=\"poppins\"><span class=\"poppins color01\">Adresse.&nbsp;&nbsp;&nbsp;<\/span>23, BIBONG-GIL (151, GUGI-DONG), JONGNO-GU, 03000 S\u00c9OUL, COR\u00c9E DU SUD<\/span> <br\/>\r\n\t\t\t\t<span class=\"poppins\"><span class=\"poppins color01\">TEL.&nbsp;&nbsp;&nbsp;<\/span>(822) 396-7688<\/span>\r\n\t\t\t\t<span class=\"poppins\"><span class=\"poppins color01\">FAX.&nbsp;&nbsp;&nbsp;<\/span>(822) 396-7689<\/span> <br\/>\r\n\t\t\t\t<span class=\"poppins\"><span class=\"poppins color01\">E-mail.&nbsp;&nbsp;&nbsp;<\/span>school@xavier.sc.kr<\/span>\r\n\t\t\t<\/dd>\r\n\t\t<\/dl>\r\n\t<\/div>\r\n<\/div>\r\n<div class=\"sub_tit02 center\">\r\n\t<h4><span>Transport en commun<\/span><\/h4>\r\n<\/div>\r\n<div class=\"box\">\r\n\t<dl>\r\n\t\t<dt><img src=\"\/image\/contact_con01_icon01.png\" alt=\"\uc9c0\ud558\ucca0\"><\/dt>\r\n\t\t<dd>\r\n\t\t\t<ul>\r\n\t\t\t\t<li>\r\n\t\t\t\t\t<p>Bulgwang station (Ligne 3, 6)<\/p>\r\n\t\t\t\t\t<span>Sortie 2, traversez la rue et prenez le bus 7211, 7212, 7022<\/span>\r\n\t\t\t\t<\/li>\r\n\t\t\t\t<li>\r\n\t\t\t\t\t<p>S\u00e9oul station (Ligne 1, 4)<\/p>\r\n\t\t\t\t\t<span>Bus 7022<\/span>\r\n\t\t\t\t<\/li>\r\n\t\t\t\t<li>\r\n\t\t\t\t\t<p>Gyungbokgung station (Ligne 3)<\/p>\r\n\t\t\t\t\t<span>Sortie 3, bus 7212, 7022<\/span>\r\n\t\t\t\t<\/li>\r\n\t\t\t\t<li>\r\n\t\t\t\t\t<p>Gwanghwamun station (Ligne 5)<\/p>\r\n\t\t\t\t\t<span>Sortie 2, Bus 7212<\/span>\r\n\t\t\t\t<\/li>\r\n\t\t\t<\/ul>\r\n\t\t<\/dd>\r\n\t<\/dl>\r\n\t<div class=\"line\"><\/div>\r\n\t<dl>\r\n\t\t<dt><img src=\"\/image\/contact_con01_icon02.png\" alt=\"\ubc84\uc2a4\"><\/dt>\r\n\t\t<dd>\r\n\t\t\t<ul>\r\n\t\t\t\t<li>\r\n\t\t\t\t\t<p>Bus 7022 \/ 7211<\/p>\r\n\t\t\t\t\t<span>Arr\u00eat de Samseong Museum of Publishing<\/span>\r\n\t\t\t\t<\/li>\r\n\t\t\t\t<li>\r\n\t\t\t\t\t<p>Bus 7212<\/p>\r\n\t\t\t\t\t<span>Arr\u00eat de Seunggasa<\/span>\r\n\t\t\t\t<\/li>\r\n\t\t\t<\/ul>\r\n\t\t<\/dd>\r\n\t<\/dl>\r\n<\/div>\t\t<\/div>\n\t\t\t\t<\/div>\n\t\t\t\t\t<\/div>\n\t\t<\/div>\n\t\t\t\t\t\t\t<\/div>\n\t\t<\/div>\n\t\t\t\t\t\t<\/div>\n\t\t\t\t\t<\/div>\n\t\t","protected":false},"excerpt":{"rendered":"<p>CONTACT CONTACT Acc\u00e8s Acc\u00e8s Adresse.&nbsp;&nbsp;&nbsp;23, BIBONG-GIL (151, GUGI-DONG), JONGNO-GU, 03000 S\u00c9OUL, COR\u00c9E DU SUD TEL.&nbsp;&nbsp;&nbsp;(822) 396-7688 FAX.&nbsp;&nbsp;&nbsp;(822) 396-7689 E-mail.&nbsp;&nbsp;&nbsp;school@xavier.sc.kr Transport en commun Bulgwang station (Ligne 3, 6) Sortie 2, traversez la rue et prenez le bus 7211, 7212, 7022 S\u00e9oul station (Ligne 1, 4) Bus 7022 Gyungbokgung station (Ligne 3) Sortie 3, bus 7212, 7022 Gwanghwamun station (Ligne 5) Sortie 2, Bus 7212 Bus 7022 \/ 7211 Arr\u00eat de Samseong Museum of Publishing Bus 7212 Arr\u00eat de Seunggasa<\/p>\n","protected":false},"author":1,"featured_media":0,"parent":0,"menu_order":0,"comment_status":"closed","ping_status":"closed","template":"","meta":[],"_links":{"self":[{"href":"https:\/\/xavier.sc.kr\/wp\/francais\/index.php?rest_route=\/wp\/v2\/pages\/9026"}],"collection":[{"href":"https:\/\/xavier.sc.kr\/wp\/francais\/index.php?rest_route=\/wp\/v2\/pages"}],"about":[{"href":"https:\/\/xavier.sc.kr\/wp\/francais\/index.php?rest_route=\/wp\/v2\/types\/page"}],"author":[{"embeddable":true,"href":"https:\/\/xavier.sc.kr\/wp\/francais\/index.php?rest_route=\/wp\/v2\/users\/1"}],"replies":[{"embeddable":true,"href":"https:\/\/xavier.sc.kr\/wp\/francais\/index.php?rest_route=%2Fwp%2Fv2%2Fcomments&post=9026"}],"version-history":[{"count":16,"href":"https:\/\/xavier.sc.kr\/wp\/francais\/index.php?rest_route=\/wp\/v2\/pages\/9026\/revisions"}],"predecessor-version":[{"id":10145,"href":"https:\/\/xavier.sc.kr\/wp\/francais\/index.php?rest_route=\/wp\/v2\/pages\/9026\/revisions\/10145"}],"wp:attachment":[{"href":"https:\/\/xavier.sc.kr\/wp\/francais\/index.php?rest_route=%2Fwp%2Fv2%2Fmedia&parent=9026"}],"curies":[{"name":"wp","href":"https:\/\/api.w.org\/{rel}","templated":true}]}}