{"id":8970,"date":"2022-06-02T17:51:45","date_gmt":"2022-06-02T08:51:45","guid":{"rendered":"https:\/\/xavier.vizensoft.com\/wp\/francais\/?page_id=8970"},"modified":"2025-12-03T13:39:02","modified_gmt":"2025-12-03T04:39:02","slug":"bus-scolaires","status":"publish","type":"page","link":"https:\/\/xavier.sc.kr\/wp\/francais\/?page_id=8970","title":{"rendered":"Bus scolaires"},"content":{"rendered":"\t\t<div data-elementor-type=\"wp-page\" data-elementor-id=\"8970\" class=\"elementor elementor-8970\" data-elementor-settings=\"[]\">\n\t\t\t\t\t\t\t<div class=\"elementor-section-wrap\">\n\t\t\t\t\t\t\t<div class=\"elementor-section elementor-top-section elementor-element elementor-element-f049d0e elementor-section-full_width elementor-section-stretched sub_visual elementor-section-height-default elementor-section-height-default\" data-id=\"f049d0e\" data-element_type=\"section\" data-settings=\"{&quot;stretch_section&quot;:&quot;section-stretched&quot;,&quot;background_background&quot;:&quot;classic&quot;}\">\n\t\t\t\t\t\t<div class=\"elementor-container elementor-column-gap-default\">\n\t\t\t\t\t<div class=\"elementor-column elementor-col-100 elementor-top-column elementor-element elementor-element-0384a82\" data-id=\"0384a82\" data-element_type=\"column\">\n\t\t\t<div class=\"elementor-widget-wrap elementor-element-populated\">\n\t\t\t\t\t\t\t\t<div class=\"elementor-element elementor-element-8ea728f elementor-widget elementor-widget-heading\" data-id=\"8ea728f\" data-element_type=\"widget\" data-widget_type=\"heading.default\">\n\t\t\t\t<div class=\"elementor-widget-container\">\n\t\t\t<style>\/*! elementor - v3.5.5 - 03-02-2022 *\/\n.elementor-heading-title{padding:0;margin:0;line-height:1}.elementor-widget-heading .elementor-heading-title[class*=elementor-size-]>a{color:inherit;font-size:inherit;line-height:inherit}.elementor-widget-heading .elementor-heading-title.elementor-size-small{font-size:15px}.elementor-widget-heading .elementor-heading-title.elementor-size-medium{font-size:19px}.elementor-widget-heading .elementor-heading-title.elementor-size-large{font-size:29px}.elementor-widget-heading .elementor-heading-title.elementor-size-xl{font-size:39px}.elementor-widget-heading .elementor-heading-title.elementor-size-xxl{font-size:59px}<\/style><h2 class=\"elementor-heading-title elementor-size-default\">INFORMATIONS<\/h2>\t\t<\/div>\n\t\t\t\t<\/div>\n\t\t\t\t<div class=\"elementor-element elementor-element-66fdebd elementor-widget elementor-widget-html\" data-id=\"66fdebd\" data-element_type=\"widget\" data-widget_type=\"html.default\">\n\t\t\t\t<div class=\"elementor-widget-container\">\n\t\t\t<div class=\"sub_path\">\n    <a class=\"home\" href=\"\/wp\/francais\/\">\n        <img src=\"\/image\/sub_visual_home_btn.png\"\/>\n    <\/a>\n    <div class=\"depth01\">\n        <p>INFORMATIONS<\/p>\n    <\/div>\n    <div class=\"depth02\">\n        <p>Informations pratiques<\/p>\n    <\/div>\n<\/div>\t\t<\/div>\n\t\t\t\t<\/div>\n\t\t\t\t\t<\/div>\n\t\t<\/div>\n\t\t\t\t\t\t\t<\/div>\n\t\t<\/div>\n\t\t\t\t<div class=\"elementor-section elementor-top-section elementor-element elementor-element-5f0ae9c tab_contents elementor-section-boxed elementor-section-height-default elementor-section-height-default\" data-id=\"5f0ae9c\" data-element_type=\"section\">\n\t\t\t\t\t\t<div class=\"elementor-container elementor-column-gap-default\">\n\t\t\t\t\t<div class=\"elementor-column elementor-col-100 elementor-top-column elementor-element elementor-element-8848801\" data-id=\"8848801\" data-element_type=\"column\">\n\t\t\t<div class=\"elementor-widget-wrap elementor-element-populated\">\n\t\t\t\t\t\t\t\t<div class=\"elementor-element elementor-element-bdd972d elementor-widget elementor-widget-html\" data-id=\"bdd972d\" data-element_type=\"widget\" data-widget_type=\"html.default\">\n\t\t\t\t<div class=\"elementor-widget-container\">\n\t\t\t<div class=\"sub_tab grid7\">\r\n\t<ul>\r\n        <li><a href=\"http:\/\/xavier.sc.kr\/wp\/francais\/?page_id=9763\"><span>R\u00e8glement int\u00e9rieur<\/span><\/a><\/li>\r\n        <li><a href=\"\/wp\/francais\/?page_id=8962\"><span>Circulaires<\/span><\/a><\/li>\r\n        <li><a href=\"\/wp\/francais\/?page_id=8964\"><span>Scolarit\u00e9 des Fran\u00e7ais<\/span><\/a><\/li>\r\n        <li><a href=\"\/wp\/francais\/?page_id=8966\"><span>Internat<\/span><\/a><\/li><br\/>\r\n        <li><a href=\"\/wp\/francais\/?page_id=8968\"><span>Uniforme<\/span><\/a><\/li>\r\n        <li class=\"on\"><a href=\"\/wp\/francais\/?page_id=8970\"><span>Status de l\u2019\u00e9tablissement scolaire<\/span><\/a><\/li>\r\n        <li><a href=\"\/wp\/francais\/?page_id=8972\"><span>Menus de la cantine<\/span><\/a><\/li>\r\n        <li><a href=\"\/wp\/francais\/?page_id=8974\"><span>Pollution<\/span><\/a><\/li>\r\n    <\/ul>\r\n<\/div>\r\n<div class=\"sub_tit\">\r\n\t<h3>Status de l\u2019\u00e9tablissement scolaire<\/h3>\r\n<\/div>\r\n\r\n\r\n\r\n\r\n\r\n\r\n\r\n\r\n\t\t<\/div>\n\t\t\t\t<\/div>\n\t\t\t\t<div class=\"elementor-element elementor-element-278266a elementor-widget elementor-widget-image\" data-id=\"278266a\" data-element_type=\"widget\" data-widget_type=\"image.default\">\n\t\t\t\t<div class=\"elementor-widget-container\">\n\t\t\t<style>\/*! elementor - v3.5.5 - 03-02-2022 *\/\n.elementor-widget-image{text-align:center}.elementor-widget-image a{display:inline-block}.elementor-widget-image a img[src$=\".svg\"]{width:48px}.elementor-widget-image img{vertical-align:middle;display:inline-block}<\/style>\t\t\t\t\t\t\t\t\t\t\t\t<img src=\"https:\/\/xavier.sc.kr\/wp\/francais\/wp-content\/uploads\/sites\/2\/2025\/10\/\ud558\ube44\uc5d0\ub974\uad6d\uc81c\ud559\uad50_\ud559\uce59_\uac1c\uc815_20250901_FR_Finale_page_1.jpg\" title=\"\ud558\ube44\uc5d0\ub974\uad6d\uc81c\ud559\uad50_\ud559\uce59_\uac1c\uc815_20250901_FR_Finale_page_1\" alt=\"\ud558\ube44\uc5d0\ub974\uad6d\uc81c\ud559\uad50_\ud559\uce59_\uac1c\uc815_20250901_FR_Finale_page_1\" \/>\t\t\t\t\t\t\t\t\t\t\t\t\t\t\t<\/div>\n\t\t\t\t<\/div>\n\t\t\t\t<div class=\"elementor-element elementor-element-4227b3c elementor-widget elementor-widget-image\" data-id=\"4227b3c\" data-element_type=\"widget\" data-widget_type=\"image.default\">\n\t\t\t\t<div class=\"elementor-widget-container\">\n\t\t\t\t\t\t\t\t\t\t\t\t\t\t\t<img src=\"https:\/\/xavier.sc.kr\/wp\/francais\/wp-content\/uploads\/sites\/2\/2025\/10\/\ud558\ube44\uc5d0\ub974\uad6d\uc81c\ud559\uad50_\ud559\uce59_\uac1c\uc815_20250901_FR_Finale_page_2.jpg\" title=\"\ud558\ube44\uc5d0\ub974\uad6d\uc81c\ud559\uad50_\ud559\uce59_\uac1c\uc815_20250901_FR_Finale_page_2\" alt=\"\ud558\ube44\uc5d0\ub974\uad6d\uc81c\ud559\uad50_\ud559\uce59_\uac1c\uc815_20250901_FR_Finale_page_2\" \/>\t\t\t\t\t\t\t\t\t\t\t\t\t\t\t<\/div>\n\t\t\t\t<\/div>\n\t\t\t\t<div class=\"elementor-element elementor-element-bbe0a0a elementor-widget elementor-widget-image\" data-id=\"bbe0a0a\" data-element_type=\"widget\" data-widget_type=\"image.default\">\n\t\t\t\t<div class=\"elementor-widget-container\">\n\t\t\t\t\t\t\t\t\t\t\t\t\t\t\t<img src=\"https:\/\/xavier.sc.kr\/wp\/francais\/wp-content\/uploads\/sites\/2\/2025\/10\/\ud558\ube44\uc5d0\ub974\uad6d\uc81c\ud559\uad50_\ud559\uce59_\uac1c\uc815_20250901_FR_Finale_page_3-1.jpg\" title=\"\ud558\ube44\uc5d0\ub974\uad6d\uc81c\ud559\uad50_\ud559\uce59_\uac1c\uc815_20250901_FR_Finale_page_3 (1)\" alt=\"\ud558\ube44\uc5d0\ub974\uad6d\uc81c\ud559\uad50_\ud559\uce59_\uac1c\uc815_20250901_FR_Finale_page_3 (1)\" \/>\t\t\t\t\t\t\t\t\t\t\t\t\t\t\t<\/div>\n\t\t\t\t<\/div>\n\t\t\t\t<div class=\"elementor-element elementor-element-c88d612 elementor-widget elementor-widget-image\" data-id=\"c88d612\" data-element_type=\"widget\" data-widget_type=\"image.default\">\n\t\t\t\t<div class=\"elementor-widget-container\">\n\t\t\t\t\t\t\t\t\t\t\t\t\t\t\t<img src=\"https:\/\/xavier.sc.kr\/wp\/francais\/wp-content\/uploads\/sites\/2\/2025\/10\/\ud558\ube44\uc5d0\ub974\uad6d\uc81c\ud559\uad50_\ud559\uce59_\uac1c\uc815_20250901_FR_Finale_page_4.jpg\" title=\"\ud558\ube44\uc5d0\ub974\uad6d\uc81c\ud559\uad50_\ud559\uce59_\uac1c\uc815_20250901_FR_Finale_page_4\" alt=\"\ud558\ube44\uc5d0\ub974\uad6d\uc81c\ud559\uad50_\ud559\uce59_\uac1c\uc815_20250901_FR_Finale_page_4\" \/>\t\t\t\t\t\t\t\t\t\t\t\t\t\t\t<\/div>\n\t\t\t\t<\/div>\n\t\t\t\t<div class=\"elementor-element elementor-element-bfb4a9f elementor-widget elementor-widget-image\" data-id=\"bfb4a9f\" data-element_type=\"widget\" data-widget_type=\"image.default\">\n\t\t\t\t<div class=\"elementor-widget-container\">\n\t\t\t\t\t\t\t\t\t\t\t\t\t\t\t<img src=\"https:\/\/xavier.sc.kr\/wp\/francais\/wp-content\/uploads\/sites\/2\/2025\/10\/\ud558\ube44\uc5d0\ub974\uad6d\uc81c\ud559\uad50_\ud559\uce59_\uac1c\uc815_20250901_FR_Finale_page_5.jpg\" title=\"\ud558\ube44\uc5d0\ub974\uad6d\uc81c\ud559\uad50_\ud559\uce59_\uac1c\uc815_20250901_FR_Finale_page_5\" alt=\"\ud558\ube44\uc5d0\ub974\uad6d\uc81c\ud559\uad50_\ud559\uce59_\uac1c\uc815_20250901_FR_Finale_page_5\" \/>\t\t\t\t\t\t\t\t\t\t\t\t\t\t\t<\/div>\n\t\t\t\t<\/div>\n\t\t\t\t<div class=\"elementor-element elementor-element-6a4ac20 elementor-widget elementor-widget-image\" data-id=\"6a4ac20\" data-element_type=\"widget\" data-widget_type=\"image.default\">\n\t\t\t\t<div class=\"elementor-widget-container\">\n\t\t\t\t\t\t\t\t\t\t\t\t\t\t\t<img src=\"https:\/\/xavier.sc.kr\/wp\/francais\/wp-content\/uploads\/sites\/2\/2025\/10\/\ud558\ube44\uc5d0\ub974\uad6d\uc81c\ud559\uad50_\ud559\uce59_\uac1c\uc815_20250901_FR_Finale_page_6.jpg\" title=\"\ud558\ube44\uc5d0\ub974\uad6d\uc81c\ud559\uad50_\ud559\uce59_\uac1c\uc815_20250901_FR_Finale_page_6\" alt=\"\ud558\ube44\uc5d0\ub974\uad6d\uc81c\ud559\uad50_\ud559\uce59_\uac1c\uc815_20250901_FR_Finale_page_6\" \/>\t\t\t\t\t\t\t\t\t\t\t\t\t\t\t<\/div>\n\t\t\t\t<\/div>\n\t\t\t\t<div class=\"elementor-element elementor-element-b78cc76 elementor-widget elementor-widget-image\" data-id=\"b78cc76\" data-element_type=\"widget\" data-widget_type=\"image.default\">\n\t\t\t\t<div class=\"elementor-widget-container\">\n\t\t\t\t\t\t\t\t\t\t\t\t\t\t\t<img src=\"https:\/\/xavier.sc.kr\/wp\/francais\/wp-content\/uploads\/sites\/2\/2025\/10\/\ud558\ube44\uc5d0\ub974\uad6d\uc81c\ud559\uad50_\ud559\uce59_\uac1c\uc815_20250901_FR_Finale_page_7.jpg\" title=\"\ud558\ube44\uc5d0\ub974\uad6d\uc81c\ud559\uad50_\ud559\uce59_\uac1c\uc815_20250901_FR_Finale_page_7\" alt=\"\ud558\ube44\uc5d0\ub974\uad6d\uc81c\ud559\uad50_\ud559\uce59_\uac1c\uc815_20250901_FR_Finale_page_7\" \/>\t\t\t\t\t\t\t\t\t\t\t\t\t\t\t<\/div>\n\t\t\t\t<\/div>\n\t\t\t\t<div class=\"elementor-element elementor-element-0497a50 elementor-widget elementor-widget-image\" data-id=\"0497a50\" data-element_type=\"widget\" data-widget_type=\"image.default\">\n\t\t\t\t<div class=\"elementor-widget-container\">\n\t\t\t\t\t\t\t\t\t\t\t\t\t\t\t<img src=\"https:\/\/xavier.sc.kr\/wp\/francais\/wp-content\/uploads\/sites\/2\/2025\/10\/\ud558\ube44\uc5d0\ub974\uad6d\uc81c\ud559\uad50_\ud559\uce59_\uac1c\uc815_20250901_FR_Finale_page_8.jpg\" title=\"\ud558\ube44\uc5d0\ub974\uad6d\uc81c\ud559\uad50_\ud559\uce59_\uac1c\uc815_20250901_FR_Finale_page_8\" alt=\"\ud558\ube44\uc5d0\ub974\uad6d\uc81c\ud559\uad50_\ud559\uce59_\uac1c\uc815_20250901_FR_Finale_page_8\" \/>\t\t\t\t\t\t\t\t\t\t\t\t\t\t\t<\/div>\n\t\t\t\t<\/div>\n\t\t\t\t<div class=\"elementor-element elementor-element-b933d04 elementor-widget elementor-widget-image\" data-id=\"b933d04\" data-element_type=\"widget\" data-widget_type=\"image.default\">\n\t\t\t\t<div class=\"elementor-widget-container\">\n\t\t\t\t\t\t\t\t\t\t\t\t\t\t\t<img src=\"https:\/\/xavier.sc.kr\/wp\/francais\/wp-content\/uploads\/sites\/2\/2025\/10\/\ud558\ube44\uc5d0\ub974\uad6d\uc81c\ud559\uad50_\ud559\uce59_\uac1c\uc815_20250901_FR_Finale_page_9.jpg\" title=\"\ud558\ube44\uc5d0\ub974\uad6d\uc81c\ud559\uad50_\ud559\uce59_\uac1c\uc815_20250901_FR_Finale_page_9\" alt=\"\ud558\ube44\uc5d0\ub974\uad6d\uc81c\ud559\uad50_\ud559\uce59_\uac1c\uc815_20250901_FR_Finale_page_9\" \/>\t\t\t\t\t\t\t\t\t\t\t\t\t\t\t<\/div>\n\t\t\t\t<\/div>\n\t\t\t\t<div class=\"elementor-element elementor-element-f1bc954 elementor-widget elementor-widget-image\" data-id=\"f1bc954\" data-element_type=\"widget\" data-widget_type=\"image.default\">\n\t\t\t\t<div class=\"elementor-widget-container\">\n\t\t\t\t\t\t\t\t\t\t\t\t\t\t\t<img src=\"https:\/\/xavier.sc.kr\/wp\/francais\/wp-content\/uploads\/sites\/2\/2025\/10\/\ud558\ube44\uc5d0\ub974\uad6d\uc81c\ud559\uad50_\ud559\uce59_\uac1c\uc815_20250901_FR_Finale_page_10.jpg\" title=\"\ud558\ube44\uc5d0\ub974\uad6d\uc81c\ud559\uad50_\ud559\uce59_\uac1c\uc815_20250901_FR_Finale_page_10\" alt=\"\ud558\ube44\uc5d0\ub974\uad6d\uc81c\ud559\uad50_\ud559\uce59_\uac1c\uc815_20250901_FR_Finale_page_10\" \/>\t\t\t\t\t\t\t\t\t\t\t\t\t\t\t<\/div>\n\t\t\t\t<\/div>\n\t\t\t\t<div class=\"elementor-element elementor-element-88cd09d elementor-widget elementor-widget-image\" data-id=\"88cd09d\" data-element_type=\"widget\" data-widget_type=\"image.default\">\n\t\t\t\t<div class=\"elementor-widget-container\">\n\t\t\t\t\t\t\t\t\t\t\t\t\t\t\t<img src=\"https:\/\/xavier.sc.kr\/wp\/francais\/wp-content\/uploads\/sites\/2\/2025\/10\/\ud558\ube44\uc5d0\ub974\uad6d\uc81c\ud559\uad50_\ud559\uce59_\uac1c\uc815_20250901_FR_Finale_page_11.jpg\" title=\"\ud558\ube44\uc5d0\ub974\uad6d\uc81c\ud559\uad50_\ud559\uce59_\uac1c\uc815_20250901_FR_Finale_page_11\" alt=\"\ud558\ube44\uc5d0\ub974\uad6d\uc81c\ud559\uad50_\ud559\uce59_\uac1c\uc815_20250901_FR_Finale_page_11\" \/>\t\t\t\t\t\t\t\t\t\t\t\t\t\t\t<\/div>\n\t\t\t\t<\/div>\n\t\t\t\t\t<\/div>\n\t\t<\/div>\n\t\t\t\t\t\t\t<\/div>\n\t\t<\/div>\n\t\t\t\t\t\t<\/div>\n\t\t\t\t\t<\/div>\n\t\t","protected":false},"excerpt":{"rendered":"<p>INFORMATIONS INFORMATIONS Informations pratiques R\u00e8glement int\u00e9rieur Circulaires Scolarit\u00e9 des Fran\u00e7ais Internat Uniforme Status de l\u2019\u00e9tablissement scolaire Menus de la cantine Pollution Status de l\u2019\u00e9tablissement scolaire<\/p>\n","protected":false},"author":1,"featured_media":0,"parent":0,"menu_order":0,"comment_status":"closed","ping_status":"closed","template":"","meta":[],"_links":{"self":[{"href":"https:\/\/xavier.sc.kr\/wp\/francais\/index.php?rest_route=\/wp\/v2\/pages\/8970"}],"collection":[{"href":"https:\/\/xavier.sc.kr\/wp\/francais\/index.php?rest_route=\/wp\/v2\/pages"}],"about":[{"href":"https:\/\/xavier.sc.kr\/wp\/francais\/index.php?rest_route=\/wp\/v2\/types\/page"}],"author":[{"embeddable":true,"href":"https:\/\/xavier.sc.kr\/wp\/francais\/index.php?rest_route=\/wp\/v2\/users\/1"}],"replies":[{"embeddable":true,"href":"https:\/\/xavier.sc.kr\/wp\/francais\/index.php?rest_route=%2Fwp%2Fv2%2Fcomments&post=8970"}],"version-history":[{"count":28,"href":"https:\/\/xavier.sc.kr\/wp\/francais\/index.php?rest_route=\/wp\/v2\/pages\/8970\/revisions"}],"predecessor-version":[{"id":10472,"href":"https:\/\/xavier.sc.kr\/wp\/francais\/index.php?rest_route=\/wp\/v2\/pages\/8970\/revisions\/10472"}],"wp:attachment":[{"href":"https:\/\/xavier.sc.kr\/wp\/francais\/index.php?rest_route=%2Fwp%2Fv2%2Fmedia&parent=8970"}],"curies":[{"name":"wp","href":"https:\/\/api.w.org\/{rel}","templated":true}]}}