{"id":8968,"date":"2022-06-02T17:51:23","date_gmt":"2022-06-02T08:51:23","guid":{"rendered":"https:\/\/xavier.vizensoft.com\/wp\/francais\/?page_id=8968"},"modified":"2026-03-26T16:36:43","modified_gmt":"2026-03-26T07:36:43","slug":"uniforme","status":"publish","type":"page","link":"https:\/\/xavier.sc.kr\/wp\/francais\/?page_id=8968","title":{"rendered":"Uniforme"},"content":{"rendered":"\t\t<div data-elementor-type=\"wp-page\" data-elementor-id=\"8968\" class=\"elementor elementor-8968\" data-elementor-settings=\"[]\">\n\t\t\t\t\t\t\t<div class=\"elementor-section-wrap\">\n\t\t\t\t\t\t\t<div class=\"elementor-section elementor-top-section elementor-element elementor-element-369d86c elementor-section-full_width elementor-section-stretched sub_visual elementor-section-height-default elementor-section-height-default\" data-id=\"369d86c\" data-element_type=\"section\" data-settings=\"{&quot;stretch_section&quot;:&quot;section-stretched&quot;,&quot;background_background&quot;:&quot;classic&quot;}\">\n\t\t\t\t\t\t<div class=\"elementor-container elementor-column-gap-default\">\n\t\t\t\t\t<div class=\"elementor-column elementor-col-100 elementor-top-column elementor-element elementor-element-1dc16f6\" data-id=\"1dc16f6\" data-element_type=\"column\">\n\t\t\t<div class=\"elementor-widget-wrap elementor-element-populated\">\n\t\t\t\t\t\t\t\t<div class=\"elementor-element elementor-element-d34085f elementor-widget elementor-widget-heading\" data-id=\"d34085f\" data-element_type=\"widget\" data-widget_type=\"heading.default\">\n\t\t\t\t<div class=\"elementor-widget-container\">\n\t\t\t<style>\/*! elementor - v3.5.5 - 03-02-2022 *\/\n.elementor-heading-title{padding:0;margin:0;line-height:1}.elementor-widget-heading .elementor-heading-title[class*=elementor-size-]>a{color:inherit;font-size:inherit;line-height:inherit}.elementor-widget-heading .elementor-heading-title.elementor-size-small{font-size:15px}.elementor-widget-heading .elementor-heading-title.elementor-size-medium{font-size:19px}.elementor-widget-heading .elementor-heading-title.elementor-size-large{font-size:29px}.elementor-widget-heading .elementor-heading-title.elementor-size-xl{font-size:39px}.elementor-widget-heading .elementor-heading-title.elementor-size-xxl{font-size:59px}<\/style><h2 class=\"elementor-heading-title elementor-size-default\">INFORMATIONS<\/h2>\t\t<\/div>\n\t\t\t\t<\/div>\n\t\t\t\t<div class=\"elementor-element elementor-element-0502699 elementor-widget elementor-widget-html\" data-id=\"0502699\" data-element_type=\"widget\" data-widget_type=\"html.default\">\n\t\t\t\t<div class=\"elementor-widget-container\">\n\t\t\t<div class=\"sub_path\">\n    <a class=\"home\" href=\"\/wp\/francais\/\">\n        <img src=\"\/image\/sub_visual_home_btn.png\"\/>\n    <\/a>\n    <div class=\"depth01\">\n        <p>INFORMATIONS<\/p>\n    <\/div>\n    <div class=\"depth02\">\n        <p>Informations pratiques<\/p>\n    <\/div>\n<\/div>\t\t<\/div>\n\t\t\t\t<\/div>\n\t\t\t\t\t<\/div>\n\t\t<\/div>\n\t\t\t\t\t\t\t<\/div>\n\t\t<\/div>\n\t\t\t\t<div class=\"elementor-section elementor-top-section elementor-element elementor-element-54500d3 tab_contents elementor-section-boxed elementor-section-height-default elementor-section-height-default\" data-id=\"54500d3\" data-element_type=\"section\">\n\t\t\t\t\t\t<div class=\"elementor-container elementor-column-gap-default\">\n\t\t\t\t\t<div class=\"elementor-column elementor-col-100 elementor-top-column elementor-element elementor-element-f0c1b2d\" data-id=\"f0c1b2d\" data-element_type=\"column\">\n\t\t\t<div class=\"elementor-widget-wrap elementor-element-populated\">\n\t\t\t\t\t\t\t\t<div class=\"elementor-element elementor-element-4f7e0fd elementor-widget elementor-widget-html\" data-id=\"4f7e0fd\" data-element_type=\"widget\" data-widget_type=\"html.default\">\n\t\t\t\t<div class=\"elementor-widget-container\">\n\t\t\t<div class=\"sub_tab grid7\">\r\n\t<ul>\r\n        <li><a href=\"http:\/\/xavier.sc.kr\/wp\/francais\/?page_id=9763\"><span>R\u00e8glement int\u00e9rieur<\/span><\/a><\/li>\r\n        <li><a href=\"\/wp\/francais\/?page_id=8962\"><span>Circulaires<\/span><\/a><\/li>\r\n        <li><a href=\"\/wp\/francais\/?page_id=8964\"><span>Scolarit\u00e9 des Fran\u00e7ais<\/span><\/a><\/li>\r\n        <li><a href=\"\/wp\/francais\/?page_id=8966\"><span>Internat<\/span><\/a><\/li><br\/>\r\n        <li class=\"on\"><a href=\"\/wp\/francais\/?page_id=8968\"><span>Uniforme<\/span><\/a><\/li>\r\n        <li><a href=\"\/wp\/francais\/?page_id=8970\"><span>Status de l\u2019\u00e9tablissement scolaire<\/span><\/a><\/li>\r\n        <li><a href=\"\/wp\/francais\/?page_id=8972\"><span>Menus de la cantine<\/span><\/a><\/li>\r\n        <li><a href=\"\/wp\/francais\/?page_id=8974\"><span>Pollution<\/span><\/a><\/li>\r\n    <\/ul>\r\n<\/div>\r\n<div class=\"sub_tit\">\r\n\t<h3>Uniforme<\/h3>\r\n\t<h5><span class=\"poppins\">Uniforme 2025 - 2026<\/span><\/h5>\r\n<\/div>\r\n<div class=\"rule_top info\">\r\n\t<div class=\"table_box\">\r\n\t    <p>Pour acheter les uniformes, vous devez aller au magasin mais le personnel du magasin va venir vendre les uniformes au LIX avant la rentr\u00e9e en septembre et quelques fois pendant l\u2019ann\u00e9e scolaire. Les dates de vente d\u2019uniformes d\u2019Elite au LIX seront annonc\u00e9es par email de circulaires comme celle de la rentr\u00e9e. <\/p><br>\r\n        <p><b><center>Attention : Afin de recevoir les uniformes, il faut commander en avance sinon vous risquez d\u2019attendre environ 1 mois pour les recevoir.<\/center><\/b><\/p><br>\r\n        \r\n     \r\n\t\t<p><b>* Primaire<\/b><\/p>\r\n\t\t<div class=\"table_layout01 m_scroll\">\r\n\t\t\t<table>\r\n\t\t\t\t<colgroup>\r\n\t\t\t\t\t<col width=\"33.33%\"\/>\r\n\t\t\t\t\t<col width=\"33.33%\"\/>\r\n\t\t\t\t\t<col width=\"33.33%\"\/>\r\n\t\t\t\t<\/colgroup>\r\n\t\t\t\t<thead>\r\n\t\t\t\t\t<tr>\r\n\t\t\t\t\t\t<th><\/th>\r\n\t\t\t\t\t\t<th>Gar\u00e7on<\/th>\r\n\t\t\t\t\t\t<th>Fille<\/th>\r\n\t\t\t\t\t<\/tr>\r\n\t\t\t\t<\/thead>\r\n\t\t\t\t<tbody>\r\n\t\t\t\t\t<tr>\r\n\t\t\t\t\t\t<th>T-shirt Polo (manche courte)<\/th>\r\n\t\t\t\t\t\t<td>38,000 KRW<\/td>\r\n\t\t\t\t\t\t<td>38,000 KRW<\/td>\r\n\t\t\t\t\t<\/tr>\r\n\t\t\t\t\t<tr>\r\n\t\t\t\t\t\t<th>Short d'\u00e9t\u00e9<\/th>\r\n\t\t\t\t\t\t<td>45,000 KRW<\/td>\r\n\t\t\t\t\t\t<td><\/td>\r\n\t\t\t\t\t<\/tr>\r\n\t\t\t\t\t<tr>\r\n\t\t\t\t\t\t<th>Jupe short d\u2019\u00e9t\u00e9<\/th>\r\n\t\t\t\t\t\t<td>-<\/td>\r\n\t\t\t\t\t\t<td>60,000 KRW<\/td>\r\n\t\t\t\t\t<\/tr>\r\n\t\t\t\t\t<tr>\r\n\t\t\t\t\t\t<th>Pantalon d\u2019hiver<\/th>\r\n\t\t\t\t\t\t<td>65,000 KRW<\/td>\r\n\t\t\t\t\t\t<td>65,000 KRW<\/td>\r\n\t\t\t\t\t<\/tr>\r\n\t\t\t\t\t<tr>\r\n\t\t\t\t\t\t<th>Pull<\/th>\r\n\t\t\t\t\t\t<td>45,000 KRW<\/td>\r\n\t\t\t\t\t\t<td>45,000  KRW<\/td>\r\n\t\t\t\t\t<\/tr>\r\n\t\t\t\t\t<tr>\r\n\t\t\t\t\t\t<th>Tenue de sport d\u2019\u00e9t\u00e9 \"Elite\"<\/th>\r\n\t\t\t\t\t\t<td>50,000 KRW<\/td>\r\n\t\t\t\t\t\t<td>50,000 KRW<\/td>\r\n\t\t\t\t\t<\/tr>\r\n\t\t\t\t\t<tr>\r\n\t\t\t\t\t\t<th>Tenue de sport d\u2019hiver \"Elite\"<\/th>\r\n\t\t\t\t\t\t<td>70,000 KRW<\/td>\r\n\t\t\t\t\t\t<td>70,000 KRW<\/td>\r\n\t\t\t\t\t<\/tr>\r\n\t\t\t\r\n\t\t\t\t<\/tbody>\r\n\t\t\t<\/table>\r\n\t\t<br><div><p><b>* Coll\u00e8ge et Lyc\u00e9e<\/b><\/p>\r\n\t\t<\/div>\r\n\t\t<div class=\"table_layout01 m_scroll\">\r\n\t\t\t<table>\r\n\t\t\t\t<colgroup>\r\n\t\t\t\t\t<col width=\"33.33%\"\/>\r\n\t\t\t\t\t<col width=\"33.33%\"\/>\r\n\t\t\t\t\t<col width=\"33.33%\"\/>\r\n\t\t\t\t<\/colgroup>\r\n\t\t\t\t<thead>\r\n\t\t\t\t\t<tr>\r\n\t\t\t\t\t\t<th><\/th>\r\n\t\t\t\t\t\t<th>Gar\u00e7on<\/th>\r\n\t\t\t\t\t\t<th>Fille<\/th>\r\n\t\t\t\t\t<\/tr>\r\n\t\t\t\t<\/thead>\r\n\t\t\t\t<tbody>\r\n\t\t\t\t\t<tr>\r\n\t\t\t\t\t\t<th>T-shirt Polo (manche courte)<\/th>\r\n\t\t\t\t\t\t<td>38,000 KRW<\/td>\r\n\t\t\t\t\t\t<td>38,000 KRW<\/td>\r\n\t\t\t\t\t<\/tr>\r\n\t\t\t\t\t<tr>\r\n\t\t\t\t\t\t<th>Veste<\/th>\r\n\t\t\t\t\t\t<td>120,000 KRW<\/td>\r\n\t\t\t\t\t\t<td>120,000 KRW<\/td>\r\n\t\t\t\t\t<\/tr>\r\n\t\t\t\t\t<tr>\r\n\t\t\t\t\t\t<th>Pantalon d\u2019\u00e9t\u00e9<\/th>\r\n\t\t\t\t\t\t<td>60,000 KRW<\/td>\r\n\t\t\t\t\t\t<td>60,000 KRW<\/td>\r\n\t\t\t\t\t<\/tr>\r\n\t\t\t\t\t<tr>\r\n\t\t\t\t\t\t<th>Jupe short d\u2019\u00e9t\u00e9<\/th>\r\n\t\t\t\t\t\t<td>-<\/td>\r\n\t\t\t\t\t\t<td>60,000 KRW<\/td>\r\n\t\t\t\t\t<\/tr>\r\n\t\t\t\t\t<tr>\r\n\t\t\t\t\t\t<th>Pantalon d\u2019hiver<\/th>\r\n\t\t\t\t\t\t<td>65,000 KRW<\/td>\r\n\t\t\t\t\t\t<td>65,000 KRW<\/td>\r\n\t\t\t\t\t<\/tr>\r\n\t\t\t\t<\/tbody>\r\n\t\t\t<\/table>\r\n\t\t<\/div>\r\n\t\t<br><p><b>\u203b  La personne \u00e0 contacter pour la commande : M. CHA d\u2019 \u00ab Elite \u00bb<\/b> \r\n            <p>T\u00e9l : 010-8875-3316<\/p>\r\n            <p>E-mail : cha3316@naver.com<\/p> \r\n            <p>Adresse du magasin \u00ab Elite \u00bb : 429 Tong-il ro, Seodaemun-gu, Seoul<\/p>\r\n        <br><p><b>\u203b L\u2019ancien uniforme est bien entendu toujours valable, sans limite de temps.<\/p><br>\r\n      <p><b>\u203b Jusqu\u2019\u00e0 la fabrication des uniformes par Elite au mois d\u2019ao\u00fbt, le port d\u2019une chemise blanche unie sous l\u2019uniforme scolaire est autoris\u00e9 \u00e0 titre temporaire.<\/b><\/p>\r\n<br>\r\n<p>Par ailleurs, l\u2019introduction \u00e9ventuelle d\u2019articles suppl\u00e9mentaires tels que des polos \u00e0 manches longues, des gilets ou des cardigans pourra \u00eatre envisag\u00e9e avant la rentr\u00e9e scolaire, en fonction des demandes des parents et des \u00e9l\u00e8ves.<br>\r\n\u00c0 ce jour, ces articles ne sont pas encore valid\u00e9s et seuls les \u00e9l\u00e9ments mentionn\u00e9s ci-dessus constituent l\u2019uniforme obligatoire.<\/p>\r\n<br>\r\n<p>En cas de grand froid, le port d\u2019un manteau sobre et en harmonie avec l\u2019uniforme est autoris\u00e9 en compl\u00e9ment. Toutefois, en classe, seuls les \u00e9l\u00e9ments de l\u2019uniforme doivent \u00eatre port\u00e9s.<\/p>\r\n\r\n        \r\n\t<\/div>\r\n<\/div>\r\n\r\n\r\n\r\n\r\n\r\n\r\n\r\n\r\n\t\t<\/div>\n\t\t\t\t<\/div>\n\t\t\t\t\t<\/div>\n\t\t<\/div>\n\t\t\t\t\t\t\t<\/div>\n\t\t<\/div>\n\t\t\t\t\t\t<\/div>\n\t\t\t\t\t<\/div>\n\t\t","protected":false},"excerpt":{"rendered":"<p>INFORMATIONS INFORMATIONS Informations pratiques R\u00e8glement int\u00e9rieur Circulaires Scolarit\u00e9 des Fran\u00e7ais Internat Uniforme Status de l\u2019\u00e9tablissement scolaire Menus de la cantine Pollution Uniforme Uniforme 2025 &#8211; 2026 Pour acheter les uniformes, vous devez aller au magasin mais le personnel du magasin va venir vendre les uniformes au LIX avant la rentr\u00e9e en septembre et quelques fois pendant l\u2019ann\u00e9e scolaire. Les dates de vente d\u2019uniformes d\u2019Elite au LIX seront annonc\u00e9es par email de circulaires comme celle de la rentr\u00e9e. Attention : Afin de recevoir les uniformes, il faut commander en avance sinon vous risquez d\u2019attendre environ 1 mois pour les recevoir. * Primaire Gar\u00e7on Fille T-shirt Polo (manche courte) 38,000 KRW 38,000 KRW Short d&rsquo;\u00e9t\u00e9 45,000 KRW Jupe short d\u2019\u00e9t\u00e9 &#8211; 60,000 KRW Pantalon d\u2019hiver 65,000 KRW 65,000 KRW Pull 45,000 KRW 45,000 KRW Tenue de sport d\u2019\u00e9t\u00e9 \u00ab\u00a0Elite\u00a0\u00bb 50,000 KRW 50,000 KRW Tenue de sport d\u2019hiver \u00ab\u00a0Elite\u00a0\u00bb 70,000 KRW 70,000 KRW * Coll\u00e8ge et Lyc\u00e9e Gar\u00e7on Fille T-shirt Polo (manche courte) 38,000 KRW 38,000 KRW Veste 120,000 KRW 120,000 KRW Pantalon d\u2019\u00e9t\u00e9 60,000 KRW 60,000 KRW Jupe short d\u2019\u00e9t\u00e9 &#8211; 60,000 KRW Pantalon d\u2019hiver 65,000 KRW 65,000 KRW \u203b La personne \u00e0 contacter pour la commande : M. CHA d\u2019 \u00ab Elite \u00bb T\u00e9l : 010-8875-3316 E-mail : cha3316@naver.com Adresse du magasin \u00ab Elite \u00bb : 429 Tong-il ro, Seodaemun-gu, Seoul \u203b L\u2019ancien uniforme est bien entendu toujours valable, sans limite de temps. \u203b Jusqu\u2019\u00e0 la fabrication des uniformes par Elite au mois d\u2019ao\u00fbt, le port d\u2019une chemise blanche unie sous l\u2019uniforme scolaire est autoris\u00e9 \u00e0 titre temporaire. Par ailleurs, l\u2019introduction \u00e9ventuelle d\u2019articles suppl\u00e9mentaires tels que des polos \u00e0 manches longues, des gilets ou des cardigans pourra \u00eatre envisag\u00e9e avant la rentr\u00e9e scolaire, en fonction des demandes des parents et des \u00e9l\u00e8ves. \u00c0 ce jour, ces articles ne sont pas encore valid\u00e9s et seuls les \u00e9l\u00e9ments mentionn\u00e9s ci-dessus constituent l\u2019uniforme obligatoire. En cas de grand froid, le port d\u2019un manteau sobre et en harmonie avec l\u2019uniforme est autoris\u00e9 en compl\u00e9ment. Toutefois, en classe, seuls les \u00e9l\u00e9ments de l\u2019uniforme doivent \u00eatre port\u00e9s.<\/p>\n","protected":false},"author":1,"featured_media":0,"parent":0,"menu_order":0,"comment_status":"closed","ping_status":"closed","template":"","meta":[],"_links":{"self":[{"href":"https:\/\/xavier.sc.kr\/wp\/francais\/index.php?rest_route=\/wp\/v2\/pages\/8968"}],"collection":[{"href":"https:\/\/xavier.sc.kr\/wp\/francais\/index.php?rest_route=\/wp\/v2\/pages"}],"about":[{"href":"https:\/\/xavier.sc.kr\/wp\/francais\/index.php?rest_route=\/wp\/v2\/types\/page"}],"author":[{"embeddable":true,"href":"https:\/\/xavier.sc.kr\/wp\/francais\/index.php?rest_route=\/wp\/v2\/users\/1"}],"replies":[{"embeddable":true,"href":"https:\/\/xavier.sc.kr\/wp\/francais\/index.php?rest_route=%2Fwp%2Fv2%2Fcomments&post=8968"}],"version-history":[{"count":61,"href":"https:\/\/xavier.sc.kr\/wp\/francais\/index.php?rest_route=\/wp\/v2\/pages\/8968\/revisions"}],"predecessor-version":[{"id":10569,"href":"https:\/\/xavier.sc.kr\/wp\/francais\/index.php?rest_route=\/wp\/v2\/pages\/8968\/revisions\/10569"}],"wp:attachment":[{"href":"https:\/\/xavier.sc.kr\/wp\/francais\/index.php?rest_route=%2Fwp%2Fv2%2Fmedia&parent=8968"}],"curies":[{"name":"wp","href":"https:\/\/api.w.org\/{rel}","templated":true}]}}