{"id":8945,"date":"2022-05-31T15:02:11","date_gmt":"2022-05-31T06:02:11","guid":{"rendered":"https:\/\/xavier.vizensoft.com\/wp\/francais\/?page_id=8945"},"modified":"2025-06-04T10:14:44","modified_gmt":"2025-06-04T01:14:44","slug":"emploi","status":"publish","type":"page","link":"https:\/\/xavier.sc.kr\/wp\/francais\/?page_id=8945","title":{"rendered":"Emploi"},"content":{"rendered":"\t\t<div data-elementor-type=\"wp-page\" data-elementor-id=\"8945\" class=\"elementor elementor-8945\" data-elementor-settings=\"[]\">\n\t\t\t\t\t\t\t<div class=\"elementor-section-wrap\">\n\t\t\t\t\t\t\t<div class=\"elementor-section elementor-top-section elementor-element elementor-element-44534e0 elementor-section-full_width elementor-section-stretched sub_visual elementor-section-height-default elementor-section-height-default\" data-id=\"44534e0\" data-element_type=\"section\" data-settings=\"{&quot;stretch_section&quot;:&quot;section-stretched&quot;,&quot;background_background&quot;:&quot;classic&quot;}\">\n\t\t\t\t\t\t<div class=\"elementor-container elementor-column-gap-default\">\n\t\t\t\t\t<div class=\"elementor-column elementor-col-100 elementor-top-column elementor-element elementor-element-330520a\" data-id=\"330520a\" data-element_type=\"column\">\n\t\t\t<div class=\"elementor-widget-wrap elementor-element-populated\">\n\t\t\t\t\t\t\t\t<div class=\"elementor-element elementor-element-4b2d227 elementor-widget elementor-widget-heading\" data-id=\"4b2d227\" data-element_type=\"widget\" data-widget_type=\"heading.default\">\n\t\t\t\t<div class=\"elementor-widget-container\">\n\t\t\t<style>\/*! elementor - v3.5.5 - 03-02-2022 *\/\n.elementor-heading-title{padding:0;margin:0;line-height:1}.elementor-widget-heading .elementor-heading-title[class*=elementor-size-]>a{color:inherit;font-size:inherit;line-height:inherit}.elementor-widget-heading .elementor-heading-title.elementor-size-small{font-size:15px}.elementor-widget-heading .elementor-heading-title.elementor-size-medium{font-size:19px}.elementor-widget-heading .elementor-heading-title.elementor-size-large{font-size:29px}.elementor-widget-heading .elementor-heading-title.elementor-size-xl{font-size:39px}.elementor-widget-heading .elementor-heading-title.elementor-size-xxl{font-size:59px}<\/style><h2 class=\"elementor-heading-title elementor-size-default\">CONTACT<\/h2>\t\t<\/div>\n\t\t\t\t<\/div>\n\t\t\t\t<div class=\"elementor-element elementor-element-268f38b elementor-widget elementor-widget-html\" data-id=\"268f38b\" data-element_type=\"widget\" data-widget_type=\"html.default\">\n\t\t\t\t<div class=\"elementor-widget-container\">\n\t\t\t<div class=\"sub_path\">\n    <a class=\"home\" href=\"\/wp\/\">\n        <img src=\"\/image\/sub_visual_home_btn.png\"\/>\n    <\/a>\n    <div class=\"depth01\">\n        <p>CONTACT<\/p>\n    <\/div>\n    <div class=\"depth02\">\n        <p>Emploi<\/p>\n    <\/div>\n<\/div>\t\t<\/div>\n\t\t\t\t<\/div>\n\t\t\t\t\t<\/div>\n\t\t<\/div>\n\t\t\t\t\t\t\t<\/div>\n\t\t<\/div>\n\t\t\t\t<div class=\"elementor-section elementor-top-section elementor-element elementor-element-39600e9 recruit_con01 elementor-section-boxed elementor-section-height-default elementor-section-height-default\" data-id=\"39600e9\" data-element_type=\"section\">\n\t\t\t\t\t\t<div class=\"elementor-container elementor-column-gap-default\">\n\t\t\t\t\t<div class=\"elementor-column elementor-col-100 elementor-top-column elementor-element elementor-element-5d03cd4\" data-id=\"5d03cd4\" data-element_type=\"column\">\n\t\t\t<div class=\"elementor-widget-wrap elementor-element-populated\">\n\t\t\t\t\t\t\t\t<div class=\"elementor-element elementor-element-195e62f elementor-widget elementor-widget-html\" data-id=\"195e62f\" data-element_type=\"widget\" data-widget_type=\"html.default\">\n\t\t\t\t<div class=\"elementor-widget-container\">\n\t\t\t<div class=\"sub_tit\">\r\n\t<h3>Emploi<\/h3>\r\n<\/div>\r\n<div class=\"sub_tit02\">\r\n\t<h4><span>2025-2026<\/span><\/h4>\r\n<\/div>\r\n<div class=\"rule_top info curriculum recruit\">\r\n\t<div class=\"box\">\r\n\t\t<div class=\"tit01\">\r\n\t\t\t<span class=\"num poppins\">1<\/span>\r\n\t\t\t<p>Le LIX est r\u00e9guli\u00e8rement \u00e0 la recherche d\u2019intervenants ponctuels francophones en :<\/p>\r\n\t\t<\/div>\r\n\t\t<div class=\"desc\">\r\n\t\t\t<div class=\"note\">\r\n\t\t\t\t<ul>\r\n\t\t\t\t\t<li>\r\n\t\t\t\t\t\t<span>Soutien FLE\/FLSco<\/span>\r\n\t\t\t\t\t<\/li>\r\n\t\t\t\t\t<li>\r\n\t\t\t\t\t\t<span>R\u00e9\u00e9ducation orthophonique<\/span>\r\n\t\t\t\t\t<\/li>\r\n\t\t\t\t\t<li>\r\n\t\t\t\t\t\t<span>Enseignants rempla\u00e7ants<\/span>\r\n\t\t\t\t\t<\/li>\r\n\t\t\t\t\t<li>\r\n\t\t\t\t\t    <span>Intervenant(s) pour activit\u00e9s extra-scolaires<\/span>\r\n\t\t\t\t\t<\/li>\r\n\t\t\t\t<\/ul>\r\n\t\t\t<\/div>\r\n\t\t<\/div>\r\n\t<\/div>\r\n<\/div>\r\n<div class=\"sub_tit02\">\r\n\t<h4><span>Pour postuler<\/span><\/h4>\r\n<\/div>\r\n<div class=\"rule_top info curriculum recruit\">\r\n\t<div class=\"box\">\r\n\t\t<div class=\"tit01\">\r\n\t\t\t<span class=\"num poppins\">1<\/span>\r\n\t\t\t<p>Envoyez la fiche de candidature remplie, une lettre de motivation, votre CV ainsi que les justificatifs ad\u00e9quats au format <a href=\"\/pdf\/Fiche-de-candidature.pdf\" target=\"_blank\">PDF (ou ODT) <i class=\"shortcut\"><\/i><\/a> \u00e0 <a href=\"mailto:direction.lyceexavier@mlfmonde.org\">direction.lyceexavier@mlfmonde.org<\/a>.<\/p>\r\n\t\t<\/div>\r\n\t<\/div>\r\n<\/div>\r\n\t\t<\/div>\n\t\t\t\t<\/div>\n\t\t\t\t\t<\/div>\n\t\t<\/div>\n\t\t\t\t\t\t\t<\/div>\n\t\t<\/div>\n\t\t\t\t\t\t<\/div>\n\t\t\t\t\t<\/div>\n\t\t","protected":false},"excerpt":{"rendered":"<p>CONTACT CONTACT Emploi Emploi 2025-2026 1 Le LIX est r\u00e9guli\u00e8rement \u00e0 la recherche d\u2019intervenants ponctuels francophones en : Soutien FLE\/FLSco R\u00e9\u00e9ducation orthophonique Enseignants rempla\u00e7ants Intervenant(s) pour activit\u00e9s extra-scolaires Pour postuler 1 Envoyez la fiche de candidature remplie, une lettre de motivation, votre CV ainsi que les justificatifs ad\u00e9quats au format PDF (ou ODT) \u00e0 direction.lyceexavier@mlfmonde.org.<\/p>\n","protected":false},"author":1,"featured_media":0,"parent":0,"menu_order":0,"comment_status":"closed","ping_status":"closed","template":"","meta":[],"_links":{"self":[{"href":"https:\/\/xavier.sc.kr\/wp\/francais\/index.php?rest_route=\/wp\/v2\/pages\/8945"}],"collection":[{"href":"https:\/\/xavier.sc.kr\/wp\/francais\/index.php?rest_route=\/wp\/v2\/pages"}],"about":[{"href":"https:\/\/xavier.sc.kr\/wp\/francais\/index.php?rest_route=\/wp\/v2\/types\/page"}],"author":[{"embeddable":true,"href":"https:\/\/xavier.sc.kr\/wp\/francais\/index.php?rest_route=\/wp\/v2\/users\/1"}],"replies":[{"embeddable":true,"href":"https:\/\/xavier.sc.kr\/wp\/francais\/index.php?rest_route=%2Fwp%2Fv2%2Fcomments&post=8945"}],"version-history":[{"count":31,"href":"https:\/\/xavier.sc.kr\/wp\/francais\/index.php?rest_route=\/wp\/v2\/pages\/8945\/revisions"}],"predecessor-version":[{"id":10187,"href":"https:\/\/xavier.sc.kr\/wp\/francais\/index.php?rest_route=\/wp\/v2\/pages\/8945\/revisions\/10187"}],"wp:attachment":[{"href":"https:\/\/xavier.sc.kr\/wp\/francais\/index.php?rest_route=%2Fwp%2Fv2%2Fmedia&parent=8945"}],"curies":[{"name":"wp","href":"https:\/\/api.w.org\/{rel}","templated":true}]}}