{"id":8886,"date":"2022-05-25T14:10:12","date_gmt":"2022-05-25T05:10:12","guid":{"rendered":"https:\/\/xavier.vizensoft.com\/wp\/francais\/?page_id=8886"},"modified":"2025-05-22T14:36:50","modified_gmt":"2025-05-22T05:36:50","slug":"college","status":"publish","type":"page","link":"https:\/\/xavier.sc.kr\/wp\/francais\/?page_id=8886","title":{"rendered":"Coll\u00e8ge"},"content":{"rendered":"\t\t<div data-elementor-type=\"wp-page\" data-elementor-id=\"8886\" class=\"elementor elementor-8886\" data-elementor-settings=\"[]\">\n\t\t\t\t\t\t\t<div class=\"elementor-section-wrap\">\n\t\t\t\t\t\t\t<div class=\"elementor-section elementor-top-section elementor-element elementor-element-57353b7 elementor-section-full_width elementor-section-stretched sub_visual elementor-section-height-default elementor-section-height-default\" data-id=\"57353b7\" data-element_type=\"section\" data-settings=\"{&quot;stretch_section&quot;:&quot;section-stretched&quot;,&quot;background_background&quot;:&quot;classic&quot;}\">\n\t\t\t\t\t\t<div class=\"elementor-container elementor-column-gap-default\">\n\t\t\t\t\t<div class=\"elementor-column elementor-col-100 elementor-top-column elementor-element elementor-element-9a5704f\" data-id=\"9a5704f\" data-element_type=\"column\">\n\t\t\t<div class=\"elementor-widget-wrap elementor-element-populated\">\n\t\t\t\t\t\t\t\t<div class=\"elementor-element elementor-element-5e4cd92 elementor-widget elementor-widget-heading\" data-id=\"5e4cd92\" data-element_type=\"widget\" data-widget_type=\"heading.default\">\n\t\t\t\t<div class=\"elementor-widget-container\">\n\t\t\t<style>\/*! elementor - v3.5.5 - 03-02-2022 *\/\n.elementor-heading-title{padding:0;margin:0;line-height:1}.elementor-widget-heading .elementor-heading-title[class*=elementor-size-]>a{color:inherit;font-size:inherit;line-height:inherit}.elementor-widget-heading .elementor-heading-title.elementor-size-small{font-size:15px}.elementor-widget-heading .elementor-heading-title.elementor-size-medium{font-size:19px}.elementor-widget-heading .elementor-heading-title.elementor-size-large{font-size:29px}.elementor-widget-heading .elementor-heading-title.elementor-size-xl{font-size:39px}.elementor-widget-heading .elementor-heading-title.elementor-size-xxl{font-size:59px}<\/style><h2 class=\"elementor-heading-title elementor-size-default\">P\u00c9DAGOGIE<\/h2>\t\t<\/div>\n\t\t\t\t<\/div>\n\t\t\t\t<div class=\"elementor-element elementor-element-bf8042f elementor-widget elementor-widget-html\" data-id=\"bf8042f\" data-element_type=\"widget\" data-widget_type=\"html.default\">\n\t\t\t\t<div class=\"elementor-widget-container\">\n\t\t\t<div class=\"sub_path\">\n    <a class=\"home\" href=\"\/wp\/francais\/\">\n        <img src=\"\/image\/sub_visual_home_btn.png\"\/>\n    <\/a>\n    <div class=\"depth01\">\n        <p>P\u00c9DAGOGIE<\/p>\n    <\/div>\n    <div class=\"depth02\">\n        <p>Coll\u00e8ge<\/p>\n    <\/div>\n<\/div>\t\t<\/div>\n\t\t\t\t<\/div>\n\t\t\t\t\t<\/div>\n\t\t<\/div>\n\t\t\t\t\t\t\t<\/div>\n\t\t<\/div>\n\t\t\t\t<div class=\"elementor-section elementor-top-section elementor-element elementor-element-746d074 middle_con01 elementor-section-boxed elementor-section-height-default elementor-section-height-default\" data-id=\"746d074\" data-element_type=\"section\">\n\t\t\t\t\t\t<div class=\"elementor-container elementor-column-gap-default\">\n\t\t\t\t\t<div class=\"elementor-column elementor-col-100 elementor-top-column elementor-element elementor-element-a0645bd\" data-id=\"a0645bd\" data-element_type=\"column\">\n\t\t\t<div class=\"elementor-widget-wrap elementor-element-populated\">\n\t\t\t\t\t\t\t\t<div class=\"elementor-element elementor-element-6814777 elementor-widget elementor-widget-html\" data-id=\"6814777\" data-element_type=\"widget\" data-widget_type=\"html.default\">\n\t\t\t\t<div class=\"elementor-widget-container\">\n\t\t\t<div class=\"sub_tit\">\r\n\t<div class=\"container container_custom\">\r\n\t\t<h3>Coll\u00e8ge (6e & Cycle 4)<\/h3>\r\n\t<\/div>\r\n<\/div>\r\n<div class=\"sub_desc\">\r\n\t<div class=\"container container_custom\">\r\n\t\t<p>\r\n\t\t\t6e : La classe de 6e, derni\u00e8re ann\u00e9e du cycle 3, est un cycle de consolidation et de transition. Elle permet aux \u00e9l\u00e8ves de s\u2019adapter \u00e0 la vie du coll\u00e8ge. Elle assure aussi la continuit\u00e9 des apprentissages acquis dans les deux premi\u00e8res ann\u00e9es du cycle 3.\r\n\t\t<\/p>\r\n\t\t<p>\r\n\t\t\t5e, 4e et 3e : L\u2019objectif du cycle 4, cycle des approfondissements, est de permettre aux \u00e9l\u00e8ves de d\u00e9velopper des comp\u00e9tences dans les diff\u00e9rentes disciplines et dans les parcours transversaux. Une attention particuli\u00e8re est port\u00e9e \u00e0 l\u2019\u00e9laboration du projet d\u2019orientation des \u00e9l\u00e8ves (Parcours Avenir). Le parcours d\u2019\u00e9ducation artistique et culturelle et le parcours citoyen offrent aux \u00e9l\u00e8ves un cadre permettant d\u2019acqu\u00e9rir les comp\u00e9tences indispensables pour \u00eatre \u00e0 l\u2019aise devant de nouveaux savoirs et de nouvelles technologies. \r\n\t\t<\/p>\r\n\t\t<p>\r\n\t\t\t\u00c0 la fin de l\u2019ann\u00e9e de 3e, les \u00e9l\u00e8ves pr\u00e9sentent le dipl\u00f4me national du brevet (DNB).\r\n\t\t<\/p>\r\n\t\t<i><\/i>\r\n\t\t<span>\r\n\t\t\t\"Il s\u2019agit de lib\u00e9rer la source, de tracer le dessin du fleuve ; <br\/>\r\n\t\t\tla fra\u00eecheur de l\u2019eau, son abondance et sa saveur viennent de plus loin que nous.\"<br\/>\r\n\t\t\tMadeleine Dani\u00e9lou\r\n\t\t<\/span>\r\n\t<\/div>\r\n<\/div>\r\n<div class=\"special_box\">\r\n\t<div class=\"container container_custom\">\r\n\t\t<div class=\"sub_tit02 center\">\r\n\t\t\t<h4><span>Sp\u00e9cificit\u00e9s au LIX<\/span><\/h4>\r\n\t\t\t<div class=\"sub_desc\">\r\n\t\t\t\t<p>Chaque classe est accompagn\u00e9e personnellement par un\/e responsable de niveau.<\/p>\r\n\t\t\t<\/div>\r\n\t\t<\/div>\r\n\t\t<div class=\"list_box grid4\">\r\n\t\t\t<ul>\r\n\t\t\t\t<li>\r\n\t\t\t\t\t<h5>Anglais<\/h5>\r\n\t\t\t\t\t<p>\r\n\t\t\t\t\t\t<b>Niveau 1<\/b>\r\n\t\t\t\t\t\tpour les \u00e9l\u00e8ves natifs anglais\r\n\t\t\t\t\t<\/p>\r\n\t\t\t\t\t<p>\r\n\t\t\t\t\t\t<b>Niveau 2<\/b>\r\n\t\t\t\t\t\tpour les \u00e9l\u00e8ves qui apprennent l\u2019anglais comme langue \u00e9trang\u00e8re\r\n\t\t\t\t\t<\/p>\r\n\t\t\t\t<\/li>\r\n\t\t\t\t<li>\r\n\t\t\t\t\t<h5>Chinois ou Espagnol<\/h5>\r\n\t\t\t\t\t<p>\r\n\t\t\t\t\t\t\u00c0 partir de la 5e\r\n\t\t\t\t\t<\/p>\r\n\t\t\t\t<\/li>\r\n\t\t\t\t<li>\r\n\t\t\t\t\t<h5>Cor\u00e9en<\/h5>\r\n\t\t\t\t\t<p>\r\n\t\t\t\t\t\t<b>Niveau 1<\/b>\r\n\t\t\t\t\t\tpour les \u00e9l\u00e8ves natifs cor\u00e9ens \r\n\t\t\t\t\t<\/p>\r\n\t\t\t\t\t<p>\r\n\t\t\t\t\t\t<b>Niveau 2<\/b>\r\n\t\t\t\t\t\tpour les \u00e9l\u00e8ves qui apprennent le cor\u00e9en comme langue \u00e9trang\u00e8re\r\n\t\t\t\t\t<\/p>\r\n\t\t\t\t<\/li>\r\n\t\t\t\t<li>\r\n\t\t\t\t\t<h5>Latin<span> (facultatif)<\/span><\/h5>\r\n\t\t\t\t\t<p>\r\n\t\t\t\t\t\t\u00c0 partir de la 5e\r\n\t\t\t\t\t<\/p>\r\n\t\t\t\t<\/li>\r\n\t\t\t\t<li>\r\n\t\t\t\t\t<h5>Histoire et g\u00e9ographie de Cor\u00e9e<\/h5>\r\n\t\t\t\t\t<p>\r\n\t\t\t\t\t\t\u00c0 partir de la 5e\r\n\t\t\t\t\t<\/p>\r\n\t\t\t\t<\/li>\r\n\t\t\t\t<li>\r\n\t\t\t\t\t<h5>Devoirs surveill\u00e9s hebdomadaires<\/h5>\r\n\t\t\t\t\t<p>\r\n\t\t\t\t\t\t\u00c0 partir de la 4e\r\n\t\t\t\t\t<\/p>\r\n\t\t\t\t<\/li>\r\n\t\t\t\t<li>\r\n\t\t\t\t\t<h5>Formation Humaine et Spirituelle<\/h5>\r\n\t\t\t\t<\/li>\r\n\t\t\t\t<li>\r\n\t\t\t\t\t<h5>Etudes dirig\u00e9es<\/h5>\r\n\t\t\t\t<\/li>\r\n\t\t\t<\/ul>\r\n\t\t<\/div>\r\n\t\t<div class=\"box\">\r\n\t\t\t<ul>\r\n\t\t\t\t<li>\r\n\t\t\t\t\t<div class=\"img_box\">\r\n\t\t\t\t\t\t<img src=\"\/image\/middle_special_img01.jpg\" alt=\"\">\r\n\t\t\t\t\t<\/div>\r\n\t\t\t\t\t<div class=\"hover_box\">\r\n\t\t\t\t\t\t<p>Pr\u00e9paration \u00e0 <br\/>l\u2019examen d\u2019anglais \"Cambridge B1 Preliminary for Schools\"<\/p>\r\n\t\t\t\t\t<\/div>\r\n\t\t\t\t<\/li>\r\n\t\t\t\t<li>\r\n\t\t\t\t\t<div class=\"img_box\">\r\n\t\t\t\t\t\t<img src=\"\/image\/middle_special_img02.jpg\" alt=\"\">\r\n\t\t\t\t\t<\/div>\r\n\t\t\t\t\t<div class=\"hover_box\">\r\n\t\t\t\t\t\t<p>Voyage en <br\/>France et s\u00e9jour <br\/>dans des <br\/>familles d\u2019accueil<\/p>\r\n\t\t\t\t\t<\/div>\r\n\t\t\t\t<\/li>\r\n\t\t\t\t<li>\r\n\t\t\t\t\t<div class=\"img_box\">\r\n\t\t\t\t\t\t<img src=\"\/image\/middle_special_img03.jpg\" alt=\"\">\r\n\t\t\t\t\t<\/div>\r\n\t\t\t\t\t<div class=\"hover_box\">\r\n\t\t\t\t\t\t<p>B\u00e9n\u00e9volat<\/p>\r\n\t\t\t\t\t<\/div>\r\n\t\t\t\t<\/li>\r\n\t\t\t<\/ul>\r\n\t\t<\/div>\r\n\t<\/div>\r\n<\/div>\r\n<div class=\"special_box bg_white tab_contents\">\r\n\t<div class=\"container container_custom\">\r\n\t\t<div class=\"sub_tit02 center\">\r\n\t\t\t<h4><span>Coll\u00e8ge (Cycle 4)<\/span><\/h4>\r\n\t\t<\/div>\r\n\t\t<div class=\"list_box grid3 type04\">\r\n\t\t\t<ul>\r\n\t\t\t\t<li>\r\n\t\t\t\t\t<h5>Fran\u00e7ais<\/h5>\r\n\t\t\t\t<\/li>\r\n\t\t\t\t<li>\r\n\t\t\t\t\t<h5>Histoire-G\u00e9ographie-Enseignement Moral et Civique<\/h5>\r\n\t\t\t\t<\/li>\r\n\t\t\t\t<li>\r\n\t\t\t\t\t<h5>Math\u00e9matiques<\/h5>\r\n\t\t\t\t<\/li>\r\n\t\t\t\t<li>\r\n\t\t\t\t\t<h5>Physique-Chimie<\/h5>\r\n\t\t\t\t<\/li>\r\n\t\t\t\t<li>\r\n\t\t\t\t\t<h5>Sciences de la vie et de la Terre<\/h5>\r\n\t\t\t\t<\/li>\r\n\t\t\t\t<li>\r\n\t\t\t\t\t<h5>Technologie<\/h5>\r\n\t\t\t\t<\/li>\r\n\t\t\t\t<li>\r\n\t\t\t\t\t<h5>Musique<\/h5>\r\n\t\t\t\t<\/li>\r\n\t\t\t\t<li>\r\n\t\t\t\t\t<h5>Arts Plastiques<\/h5>\r\n\t\t\t\t<\/li>\r\n\t\t\t\t<li>\r\n\t\t\t\t\t<h5>\u00c9ducation Physique et Sportive<\/h5>\r\n\t\t\t\t<\/li>\r\n\t\t\t<\/ul>\r\n\t\t<\/div>\r\n\t<\/div>\r\n<\/div>\r\n\t\t<\/div>\n\t\t\t\t<\/div>\n\t\t\t\t\t<\/div>\n\t\t<\/div>\n\t\t\t\t\t\t\t<\/div>\n\t\t<\/div>\n\t\t\t\t\t\t<\/div>\n\t\t\t\t\t<\/div>\n\t\t","protected":false},"excerpt":{"rendered":"<p>P\u00c9DAGOGIE P\u00c9DAGOGIE Coll\u00e8ge Coll\u00e8ge (6e &#038; Cycle 4) 6e : La classe de 6e, derni\u00e8re ann\u00e9e du cycle 3, est un cycle de consolidation et de transition. Elle permet aux \u00e9l\u00e8ves de s\u2019adapter \u00e0 la vie du coll\u00e8ge. Elle assure aussi la continuit\u00e9 des apprentissages acquis dans les deux premi\u00e8res ann\u00e9es du cycle 3. 5e, 4e et 3e : L\u2019objectif du cycle 4, cycle des approfondissements, est de permettre aux \u00e9l\u00e8ves de d\u00e9velopper des comp\u00e9tences dans les diff\u00e9rentes disciplines et dans les parcours transversaux. Une attention particuli\u00e8re est port\u00e9e \u00e0 l\u2019\u00e9laboration du projet d\u2019orientation des \u00e9l\u00e8ves (Parcours Avenir). Le parcours d\u2019\u00e9ducation artistique et culturelle et le parcours citoyen offrent aux \u00e9l\u00e8ves un cadre permettant d\u2019acqu\u00e9rir les comp\u00e9tences indispensables pour \u00eatre \u00e0 l\u2019aise devant de nouveaux savoirs et de nouvelles technologies. \u00c0 la fin de l\u2019ann\u00e9e de 3e, les \u00e9l\u00e8ves pr\u00e9sentent le dipl\u00f4me national du brevet (DNB). \u00ab\u00a0Il s\u2019agit de lib\u00e9rer la source, de tracer le dessin du fleuve ; la fra\u00eecheur de l\u2019eau, son abondance et sa saveur viennent de plus loin que nous.\u00a0\u00bb Madeleine Dani\u00e9lou Sp\u00e9cificit\u00e9s au LIX Chaque classe est accompagn\u00e9e personnellement par un\/e responsable de niveau. Anglais Niveau 1 pour les \u00e9l\u00e8ves natifs anglais Niveau 2 pour les \u00e9l\u00e8ves qui apprennent l\u2019anglais comme langue \u00e9trang\u00e8re Chinois ou Espagnol \u00c0 partir de la 5e Cor\u00e9en Niveau 1 pour les \u00e9l\u00e8ves natifs cor\u00e9ens Niveau 2 pour les \u00e9l\u00e8ves qui apprennent le cor\u00e9en comme langue \u00e9trang\u00e8re Latin (facultatif) \u00c0 partir de la 5e Histoire et g\u00e9ographie de Cor\u00e9e \u00c0 partir de la 5e Devoirs surveill\u00e9s hebdomadaires \u00c0 partir de la 4e Formation Humaine et Spirituelle Etudes dirig\u00e9es Pr\u00e9paration \u00e0 l\u2019examen d\u2019anglais \u00ab\u00a0Cambridge B1 Preliminary for Schools\u00a0\u00bb Voyage en France et s\u00e9jour dans des familles d\u2019accueil B\u00e9n\u00e9volat Coll\u00e8ge (Cycle 4) Fran\u00e7ais Histoire-G\u00e9ographie-Enseignement Moral et Civique Math\u00e9matiques Physique-Chimie Sciences de la vie et de la Terre Technologie Musique Arts Plastiques \u00c9ducation Physique et Sportive<\/p>\n","protected":false},"author":1,"featured_media":0,"parent":0,"menu_order":0,"comment_status":"closed","ping_status":"closed","template":"elementor_header_footer","meta":[],"_links":{"self":[{"href":"https:\/\/xavier.sc.kr\/wp\/francais\/index.php?rest_route=\/wp\/v2\/pages\/8886"}],"collection":[{"href":"https:\/\/xavier.sc.kr\/wp\/francais\/index.php?rest_route=\/wp\/v2\/pages"}],"about":[{"href":"https:\/\/xavier.sc.kr\/wp\/francais\/index.php?rest_route=\/wp\/v2\/types\/page"}],"author":[{"embeddable":true,"href":"https:\/\/xavier.sc.kr\/wp\/francais\/index.php?rest_route=\/wp\/v2\/users\/1"}],"replies":[{"embeddable":true,"href":"https:\/\/xavier.sc.kr\/wp\/francais\/index.php?rest_route=%2Fwp%2Fv2%2Fcomments&post=8886"}],"version-history":[{"count":34,"href":"https:\/\/xavier.sc.kr\/wp\/francais\/index.php?rest_route=\/wp\/v2\/pages\/8886\/revisions"}],"predecessor-version":[{"id":10097,"href":"https:\/\/xavier.sc.kr\/wp\/francais\/index.php?rest_route=\/wp\/v2\/pages\/8886\/revisions\/10097"}],"wp:attachment":[{"href":"https:\/\/xavier.sc.kr\/wp\/francais\/index.php?rest_route=%2Fwp%2Fv2%2Fmedia&parent=8886"}],"curies":[{"name":"wp","href":"https:\/\/api.w.org\/{rel}","templated":true}]}}