{"id":8647,"date":"2022-04-27T11:34:51","date_gmt":"2022-04-27T02:34:51","guid":{"rendered":"https:\/\/xavier.vizensoft.com\/wp\/francais\/?page_id=8647"},"modified":"2026-01-28T16:11:47","modified_gmt":"2026-01-28T07:11:47","slug":"organigramme","status":"publish","type":"page","link":"https:\/\/xavier.sc.kr\/wp\/francais\/?page_id=8647","title":{"rendered":"Organigramme"},"content":{"rendered":"\t\t<div data-elementor-type=\"wp-page\" data-elementor-id=\"8647\" class=\"elementor elementor-8647\" data-elementor-settings=\"[]\">\n\t\t\t\t\t\t\t<div class=\"elementor-section-wrap\">\n\t\t\t\t\t\t\t<div class=\"elementor-section elementor-top-section elementor-element elementor-element-c452092 elementor-section-full_width elementor-section-stretched sub_visual elementor-section-height-default elementor-section-height-default\" data-id=\"c452092\" data-element_type=\"section\" data-settings=\"{&quot;stretch_section&quot;:&quot;section-stretched&quot;,&quot;background_background&quot;:&quot;classic&quot;}\">\n\t\t\t\t\t\t<div class=\"elementor-container elementor-column-gap-default\">\n\t\t\t\t\t<div class=\"elementor-column elementor-col-100 elementor-top-column elementor-element elementor-element-ac84534\" data-id=\"ac84534\" data-element_type=\"column\">\n\t\t\t<div class=\"elementor-widget-wrap elementor-element-populated\">\n\t\t\t\t\t\t\t\t<div class=\"elementor-element elementor-element-76e3463 elementor-widget elementor-widget-heading\" data-id=\"76e3463\" data-element_type=\"widget\" data-widget_type=\"heading.default\">\n\t\t\t\t<div class=\"elementor-widget-container\">\n\t\t\t<style>\/*! elementor - v3.5.5 - 03-02-2022 *\/\n.elementor-heading-title{padding:0;margin:0;line-height:1}.elementor-widget-heading .elementor-heading-title[class*=elementor-size-]>a{color:inherit;font-size:inherit;line-height:inherit}.elementor-widget-heading .elementor-heading-title.elementor-size-small{font-size:15px}.elementor-widget-heading .elementor-heading-title.elementor-size-medium{font-size:19px}.elementor-widget-heading .elementor-heading-title.elementor-size-large{font-size:29px}.elementor-widget-heading .elementor-heading-title.elementor-size-xl{font-size:39px}.elementor-widget-heading .elementor-heading-title.elementor-size-xxl{font-size:59px}<\/style><h2 class=\"elementor-heading-title elementor-size-default\">\u00c9TABLISSEMENT<\/h2>\t\t<\/div>\n\t\t\t\t<\/div>\n\t\t\t\t<div class=\"elementor-element elementor-element-e22c987 elementor-widget elementor-widget-html\" data-id=\"e22c987\" data-element_type=\"widget\" data-widget_type=\"html.default\">\n\t\t\t\t<div class=\"elementor-widget-container\">\n\t\t\t<div class=\"sub_path\">\n    <a class=\"home\" href=\"\/wp\/francais\/\">\n        <img src=\"\/image\/sub_visual_home_btn.png\"\/>\n    <\/a>\n    <div class=\"depth01\">\n        <p>\u00c9TABLISSEMENT<\/p>\n    <\/div>\n    <div class=\"depth02\">\n        <p>Organigramme<\/p>\n    <\/div>\n<\/div>\t\t<\/div>\n\t\t\t\t<\/div>\n\t\t\t\t\t<\/div>\n\t\t<\/div>\n\t\t\t\t\t\t\t<\/div>\n\t\t<\/div>\n\t\t\t\t<div class=\"elementor-section elementor-top-section elementor-element elementor-element-c68a4cc faculty_con01 elementor-section-boxed elementor-section-height-default elementor-section-height-default\" data-id=\"c68a4cc\" data-element_type=\"section\">\n\t\t\t\t\t\t<div class=\"elementor-container elementor-column-gap-default\">\n\t\t\t\t\t<div class=\"elementor-column elementor-col-100 elementor-top-column elementor-element elementor-element-96b24fb\" data-id=\"96b24fb\" data-element_type=\"column\">\n\t\t\t<div class=\"elementor-widget-wrap elementor-element-populated\">\n\t\t\t\t\t\t\t\t<div class=\"elementor-element elementor-element-198af89 elementor-widget elementor-widget-html\" data-id=\"198af89\" data-element_type=\"widget\" data-widget_type=\"html.default\">\n\t\t\t\t<div class=\"elementor-widget-container\">\n\t\t\t<div class=\"sub_tit\">\r\n\t<h3>Organigramme<\/h3>\r\n<\/div>\r\n<div class=\"new_bottlex mt\">\r\n\t   \r\n\t<div class=\"new_flex_boxx reserve\">\r\n    \t<div class=\"img_box mt left_bor\">\r\n    \t   <img src=\"http:\/\/xavier.sc.kr\/wp\/wp-content\/uploads\/2025\/09\/Photo_du_group_Admin_compressed_v2.jpg\" alt=\"\">\r\n    \t<\/div>\r\n    \t<div class=\"saram_box\">\r\n\t        <div class=\"sub_tit02\">\r\n        \t\t<h4><span class=\"poppins\">Direction<\/span><\/h4>\r\n        \t<\/div>\r\n        \t<div class=\"sub_txttxt\">\r\n        \t    <p><b>Directeur <\/b> - PINOT J\u00e9r\u00f4me<\/p>\r\n        \t    <p><b>Directrice adjointe <\/b> - MOON Myongsook (Maria)<\/p>\r\n        \t<\/div>\r\n        \t<div class=\"sub_tit02\">\r\n        \t\t<h4><span class=\"poppins\">Services Techniques Administratifs et Financiers  <\/span><\/h4>\r\n        \t<\/div>\r\n        \t<div class=\"sub_txttxt\">\r\n        \t    <p><b>Comptable  <\/b> - BANG In Ja<\/p>\r\n        \t    <p><b>Secr\u00e9taire  <\/b> - LIM Kyung A<\/p>\r\n        \t    <p><b>Communication  <\/b> - POMMET-BAE Eunjung<\/p>\r\n        \t   \r\n        \t    <p><b>Technicien   <\/b> - LEE Young Gi <\/p>\r\n        \t<\/div>\r\n        \t<div class=\"sub_tit02\">\r\n        \t\t<h4><span class=\"poppins\">Vie scolaire <\/span><\/h4>\r\n        \t<\/div>\r\n        \t<div class=\"sub_txttxt\">\r\n        \t    <p><b>Infirmi\u00e8re <\/b> - LEE Hyun Jin<\/p>\r\n        \t    <p><b>Infirmi\u00e8re <\/b> - LEE Jeong Ae <\/p>\r\n        \t    <p><b>Surveillante  <\/b> - LEE Hee Kyoung<\/p>\r\n        \t    <p><b>Surveillante de l\u2019internat des filles  <\/b> DE BENQUE Marie <\/p>\r\n        \t    <p><b>Surveillante de l\u2019internat des gar\u00e7ons <\/b> <\/p>\r\n        \t     <p><b>Intendante <\/b> - KIM Soo kyung (Veronica) <\/p>\r\n        \t<\/div>\r\n\t    <\/div>\r\n    \t\r\n\t<\/div>\r\n\t<div class=\"new_flex_boxx \">\r\n\t<div class=\"img_box mt right_bor\">\r\n\t   <img src=\"http:\/\/xavier.sc.kr\/wp\/wp-content\/uploads\/2025\/08\/Organigramme.jpg\" alt=\"\">\r\n\t<\/div>\r\n\t<div class=\"saram_box\">\r\n    \t    <div class=\"sub_tit02\">\r\n        \t\t<h4><span class=\"poppins\">\u00c9cole primaire <\/span><\/h4>\r\n        \t<\/div>\r\n        \t<div class=\"sub_txttxt\">\r\n        \t    <p><b>MS \/ GS <\/b> - VALIN Carole<\/p>\r\n        \t    <p><b>ASEM MS \/ GS <\/b> - JUN Meran <\/p>\r\n        \t    <p><b>CP \/ Coordinatrice de l\u2019\u00e9cole primaire<\/b> - BRUNET Julie<\/p>\r\n        \t    <p><b>CE1 <\/b> - RAYNALDY Charles-Henri<\/p>\r\n        \t    <p><b>CE2 <\/b> - BRIET Estelle<\/p>\r\n        \t    <p><b>CM1 <\/b> - PANTIN Lise-Anne<\/p>\r\n        \t    <p><b>CM2 <\/b> - ROQUETTE Sophie<\/p>\r\n        \t    <p><b>FLE <\/b> - LEE Ju Yeon<\/p>\r\n        \t    <p><b>Cor\u00e9en <\/b> - LIM Jungwon<\/p>\r\n        \t    <p><b>Cor\u00e9en <\/b> - KIM Soo Kyung (Veronica)<\/p>\r\n        \t    \r\n        \t<\/div>\r\n    \t<\/div>\r\n    \t\t<\/div>\r\n\t<div class=\"new_flex_boxx saram_banban\">\r\n\t    <div class=\"saram_box\">\r\n\t        <div class=\"sub_tit02\">\r\n  <h4><span class=\"poppins\">Secondaire - Responsables de niveau<\/span><\/h4>\r\n<\/div>\r\n\r\n<div class=\"sub_txttxt\">\r\n  <p><b>Responsable 6e<\/b> - LE BAIL Yann<\/p>\r\n  <p><b>Responsable 5e<\/b> - PERRIER Ariane<\/p>\r\n  <p><b>Responsable 4e<\/b> - MICHELET Etienne<\/p>\r\n  <p><b>Responsable 3e<\/b> - CHENU Emmanuelle<\/p>\r\n  <p><b>Responsable 2nde<\/b> - LEE Jisun (Sylvia)<\/p>\r\n  <p><b>Responsable 1\u00e8re<\/b> - DURANG Xavier<\/p>\r\n  <p><b>Responsable Terminale<\/b> - BIAGINI Fr\u00e9d\u00e9ric (PRIO)<\/p>\r\n<\/div>\r\n\r\n<div class=\"sub_tit02\">\r\n  <h4><span class=\"poppins\">Secondaire \u2013 Enseignants par mati\u00e8re<\/span><\/h4>\r\n<\/div>\r\n\r\n<div class=\"sub_txttxt\">\r\n  <p><b>Math\u00e9matiques<\/b> - METMAN Charles (Responsable informatique)<\/p>\r\n  <p><b>Math\u00e9matiques<\/b> - LE BAIL Yann<\/p>\r\n\r\n  <p><b>Anglais<\/b> - BEATON Jenny<\/p>\r\n  <p><b>Anglais<\/b> - HOLDEN Mark<\/p>\r\n  <p><b>Anglais<\/b> - TURCOTTE Erik<\/p>\r\n\r\n  <p><b>Fran\u00e7ais \/ Philosophie \/ HLP<\/b> - HAZARD Nicolas<\/p>\r\n  <p><b>Fran\u00e7ais \/ Philosophie \/ HLP<\/b> - POULIQUEN Alexandre (PRIO)<\/p>\r\n\r\n  <p><b>Sciences<\/b> - BIAGINI Fr\u00e9d\u00e9ric (SVT, Terminale, PRIO)<\/p>\r\n  <p><b>Sciences<\/b> - DURANG Xavier (Physique-Chimie, 1\u00e8re)<\/p>\r\n  <p><b>Sciences<\/b> - PATTOU Guillaume (SES \/ HGGSP)<\/p>\r\n\r\n  <p><b>Histoire \u2013 G\u00e9ographie<\/b> - BASTIN Damila<\/p>\r\n  <p><b>Histoire \u2013 G\u00e9ographie<\/b> - TAILFFER Quentin (HGGSP)<\/p>\r\n\r\n  <p><b>Espagnol<\/b> - RODR\u00cdGUEZ HERN\u00c1NDEZ Ivone Mois\u00e9s<\/p>\r\n  <p><b>Chinois<\/b> - HAN Xiaolan<\/p>\r\n  <p><b>Cor\u00e9en<\/b> - LIM Jungwon<\/p>\r\n  <p><b>Cor\u00e9en<\/b> - YOO Sujin (Michaela)<\/p>\r\n  <p><b>Histoire de la Cor\u00e9e<\/b> - KIM Soo Kyung (Veronica)<\/p>\r\n  <p><b>Histoire de la Cor\u00e9e<\/b> - KWON Jungae (Cristina)<\/p>\r\n\r\n  <p><b>Arts plastiques<\/b> - MICHELET Etienne<\/p>\r\n  <p><b>EPS<\/b> - CHOTARD Ludovic<\/p>\r\n  <p><b>Musique<\/b> - OMURA Naoko<\/p>\r\n  <p><b>Musicoth\u00e9rapie<\/b> - KIM Ra Ryong (Gertruda)<\/p>\r\n  <p><b>Technologie<\/b> - PIETRI Cl\u00e9ment<\/p>\r\n  <p><b>Documentaliste<\/b> - BLANCHARD Fran\u00e7oise<\/p>\r\n<\/p>\r\n        \t<\/div>\r\n\r\n\t    <\/div>\r\n\t<\/div>\r\n\r\n<\/div>\r\n\t\t<\/div>\n\t\t\t\t<\/div>\n\t\t\t\t\t<\/div>\n\t\t<\/div>\n\t\t\t\t\t\t\t<\/div>\n\t\t<\/div>\n\t\t\t\t\t\t<\/div>\n\t\t\t\t\t<\/div>\n\t\t","protected":false},"excerpt":{"rendered":"<p>\u00c9TABLISSEMENT \u00c9TABLISSEMENT Organigramme Organigramme Direction Directeur &#8211; PINOT J\u00e9r\u00f4me Directrice adjointe &#8211; MOON Myongsook (Maria) Services Techniques Administratifs et Financiers Comptable &#8211; BANG In Ja Secr\u00e9taire &#8211; LIM Kyung A Communication &#8211; POMMET-BAE Eunjung Technicien &#8211; LEE Young Gi Vie scolaire Infirmi\u00e8re &#8211; LEE Hyun Jin Infirmi\u00e8re &#8211; LEE Jeong Ae Surveillante &#8211; LEE Hee Kyoung Surveillante de l\u2019internat des filles DE BENQUE Marie Surveillante de l\u2019internat des gar\u00e7ons Intendante &#8211; KIM Soo kyung (Veronica) \u00c9cole primaire MS \/ GS &#8211; VALIN Carole ASEM MS \/ GS &#8211; JUN Meran CP \/ Coordinatrice de l\u2019\u00e9cole primaire &#8211; BRUNET Julie CE1 &#8211; RAYNALDY Charles-Henri CE2 &#8211; BRIET Estelle CM1 &#8211; PANTIN Lise-Anne CM2 &#8211; ROQUETTE Sophie FLE &#8211; LEE Ju Yeon Cor\u00e9en &#8211; LIM Jungwon Cor\u00e9en &#8211; KIM Soo Kyung (Veronica) Secondaire &#8211; Responsables de niveau Responsable 6e &#8211; LE BAIL Yann Responsable 5e &#8211; PERRIER Ariane Responsable 4e &#8211; MICHELET Etienne Responsable 3e &#8211; CHENU Emmanuelle Responsable 2nde &#8211; LEE Jisun (Sylvia) Responsable 1\u00e8re &#8211; DURANG Xavier Responsable Terminale &#8211; BIAGINI Fr\u00e9d\u00e9ric (PRIO) Secondaire \u2013 Enseignants par mati\u00e8re Math\u00e9matiques &#8211; METMAN Charles (Responsable informatique) Math\u00e9matiques &#8211; LE BAIL Yann Anglais &#8211; BEATON Jenny Anglais &#8211; HOLDEN Mark Anglais &#8211; TURCOTTE Erik Fran\u00e7ais \/ Philosophie \/ HLP &#8211; HAZARD Nicolas Fran\u00e7ais \/ Philosophie \/ HLP &#8211; POULIQUEN Alexandre (PRIO) Sciences &#8211; BIAGINI Fr\u00e9d\u00e9ric (SVT, Terminale, PRIO) Sciences &#8211; DURANG Xavier (Physique-Chimie, 1\u00e8re) Sciences &#8211; PATTOU Guillaume (SES \/ HGGSP) Histoire \u2013 G\u00e9ographie &#8211; BASTIN Damila Histoire \u2013 G\u00e9ographie &#8211; TAILFFER Quentin (HGGSP) Espagnol &#8211; RODR\u00cdGUEZ HERN\u00c1NDEZ Ivone Mois\u00e9s Chinois &#8211; HAN Xiaolan Cor\u00e9en &#8211; LIM Jungwon Cor\u00e9en &#8211; YOO Sujin (Michaela) Histoire de la Cor\u00e9e &#8211; KIM Soo Kyung (Veronica) Histoire de la Cor\u00e9e &#8211; KWON Jungae (Cristina) Arts plastiques &#8211; MICHELET Etienne EPS &#8211; CHOTARD Ludovic Musique &#8211; OMURA Naoko Musicoth\u00e9rapie &#8211; KIM Ra Ryong (Gertruda) Technologie &#8211; PIETRI Cl\u00e9ment Documentaliste &#8211; BLANCHARD Fran\u00e7oise<\/p>\n","protected":false},"author":1,"featured_media":0,"parent":0,"menu_order":0,"comment_status":"closed","ping_status":"closed","template":"","meta":[],"_links":{"self":[{"href":"https:\/\/xavier.sc.kr\/wp\/francais\/index.php?rest_route=\/wp\/v2\/pages\/8647"}],"collection":[{"href":"https:\/\/xavier.sc.kr\/wp\/francais\/index.php?rest_route=\/wp\/v2\/pages"}],"about":[{"href":"https:\/\/xavier.sc.kr\/wp\/francais\/index.php?rest_route=\/wp\/v2\/types\/page"}],"author":[{"embeddable":true,"href":"https:\/\/xavier.sc.kr\/wp\/francais\/index.php?rest_route=\/wp\/v2\/users\/1"}],"replies":[{"embeddable":true,"href":"https:\/\/xavier.sc.kr\/wp\/francais\/index.php?rest_route=%2Fwp%2Fv2%2Fcomments&post=8647"}],"version-history":[{"count":178,"href":"https:\/\/xavier.sc.kr\/wp\/francais\/index.php?rest_route=\/wp\/v2\/pages\/8647\/revisions"}],"predecessor-version":[{"id":10512,"href":"https:\/\/xavier.sc.kr\/wp\/francais\/index.php?rest_route=\/wp\/v2\/pages\/8647\/revisions\/10512"}],"wp:attachment":[{"href":"https:\/\/xavier.sc.kr\/wp\/francais\/index.php?rest_route=%2Fwp%2Fv2%2Fmedia&parent=8647"}],"curies":[{"name":"wp","href":"https:\/\/api.w.org\/{rel}","templated":true}]}}