{"id":8516,"date":"2022-04-26T14:30:00","date_gmt":"2022-04-26T05:30:00","guid":{"rendered":"https:\/\/xavier.vizensoft.com\/wp\/francais\/?page_id=8516"},"modified":"2025-05-22T14:47:00","modified_gmt":"2025-05-22T05:47:00","slug":"esprit-educatif","status":"publish","type":"page","link":"https:\/\/xavier.sc.kr\/wp\/francais\/?page_id=8516","title":{"rendered":"Esprit \u00e9ducatif_Mot de la Fondatrice"},"content":{"rendered":"\t\t<div data-elementor-type=\"wp-page\" data-elementor-id=\"8516\" class=\"elementor elementor-8516\" data-elementor-settings=\"[]\">\n\t\t\t\t\t\t\t<div class=\"elementor-section-wrap\">\n\t\t\t\t\t\t\t<div class=\"elementor-section elementor-top-section elementor-element elementor-element-81a50b4 elementor-section-full_width elementor-section-stretched sub_visual elementor-section-height-default elementor-section-height-default\" data-id=\"81a50b4\" data-element_type=\"section\" data-settings=\"{&quot;stretch_section&quot;:&quot;section-stretched&quot;,&quot;background_background&quot;:&quot;classic&quot;}\">\n\t\t\t\t\t\t<div class=\"elementor-container elementor-column-gap-default\">\n\t\t\t\t\t<div class=\"elementor-column elementor-col-100 elementor-top-column elementor-element elementor-element-0388e04\" data-id=\"0388e04\" data-element_type=\"column\">\n\t\t\t<div class=\"elementor-widget-wrap elementor-element-populated\">\n\t\t\t\t\t\t\t\t<div class=\"elementor-element elementor-element-377c7b6 elementor-widget elementor-widget-heading\" data-id=\"377c7b6\" data-element_type=\"widget\" data-widget_type=\"heading.default\">\n\t\t\t\t<div class=\"elementor-widget-container\">\n\t\t\t<style>\/*! elementor - v3.5.5 - 03-02-2022 *\/\n.elementor-heading-title{padding:0;margin:0;line-height:1}.elementor-widget-heading .elementor-heading-title[class*=elementor-size-]>a{color:inherit;font-size:inherit;line-height:inherit}.elementor-widget-heading .elementor-heading-title.elementor-size-small{font-size:15px}.elementor-widget-heading .elementor-heading-title.elementor-size-medium{font-size:19px}.elementor-widget-heading .elementor-heading-title.elementor-size-large{font-size:29px}.elementor-widget-heading .elementor-heading-title.elementor-size-xl{font-size:39px}.elementor-widget-heading .elementor-heading-title.elementor-size-xxl{font-size:59px}<\/style><h2 class=\"elementor-heading-title elementor-size-default\">\u00c9TABLISSEMENT<\/h2>\t\t<\/div>\n\t\t\t\t<\/div>\n\t\t\t\t<div class=\"elementor-element elementor-element-d4998bc elementor-widget elementor-widget-html\" data-id=\"d4998bc\" data-element_type=\"widget\" data-widget_type=\"html.default\">\n\t\t\t\t<div class=\"elementor-widget-container\">\n\t\t\t<div class=\"sub_path\">\n    <a class=\"home\" href=\"\/wp\/francais\/\">\n        <img src=\"\/image\/sub_visual_home_btn.png\"\/>\n    <\/a>\n    <div class=\"depth01\">\n        <p>\u00c9TABLISSEMENT<\/p>\n    <\/div>\n    <div class=\"depth02\">\n        <p>Esprit \u00e9ducatif<\/p>\n    <\/div>\n<\/div>\t\t<\/div>\n\t\t\t\t<\/div>\n\t\t\t\t\t<\/div>\n\t\t<\/div>\n\t\t\t\t\t\t\t<\/div>\n\t\t<\/div>\n\t\t\t\t<div class=\"elementor-section elementor-top-section elementor-element elementor-element-955d71d tab_contents elementor-section-boxed elementor-section-height-default elementor-section-height-default\" data-id=\"955d71d\" data-element_type=\"section\">\n\t\t\t\t\t\t<div class=\"elementor-container elementor-column-gap-default\">\n\t\t\t\t\t<div class=\"elementor-column elementor-col-100 elementor-top-column elementor-element elementor-element-40f6baf\" data-id=\"40f6baf\" data-element_type=\"column\">\n\t\t\t<div class=\"elementor-widget-wrap elementor-element-populated\">\n\t\t\t\t\t\t\t\t<div class=\"elementor-section elementor-inner-section elementor-element elementor-element-da7f10b sub_contents elementor-section-boxed elementor-section-height-default elementor-section-height-default\" data-id=\"da7f10b\" data-element_type=\"section\">\n\t\t\t\t\t\t<div class=\"elementor-container elementor-column-gap-default\">\n\t\t\t\t\t<div class=\"elementor-column elementor-col-100 elementor-inner-column elementor-element elementor-element-041fc63\" data-id=\"041fc63\" data-element_type=\"column\">\n\t\t\t<div class=\"elementor-widget-wrap elementor-element-populated\">\n\t\t\t\t\t\t\t\t<div class=\"elementor-element elementor-element-c05c1c2 elementor-widget elementor-widget-html\" data-id=\"c05c1c2\" data-element_type=\"widget\" data-widget_type=\"html.default\">\n\t\t\t\t<div class=\"elementor-widget-container\">\n\t\t\t<div class=\"sub_tab grid2\">\n    <ul>\n        <li class=\"on\"><a href=\"\/wp\/francais\/?page_id=8516\"><span>Mot de la Fondatrice<\/span><\/a><\/li>\n        <li><a href=\"\/wp\/francais\/?page_id=8740\"><span>Esprit \u00e9ducatif<\/span><\/a><\/li>\n    <\/ul>\n<\/div>\n\t\t<\/div>\n\t\t\t\t<\/div>\n\t\t\t\t<div class=\"elementor-element elementor-element-b38f1ed elementor-widget elementor-widget-html\" data-id=\"b38f1ed\" data-element_type=\"widget\" data-widget_type=\"html.default\">\n\t\t\t\t<div class=\"elementor-widget-container\">\n\t\t\t<div class=\"tab_content philosophy_tab01\">\r\n    <div class=\"sub_tit\">\r\n        <h3>Mot de la Fondatrice<\/h3>\r\n    <\/div>\r\n    <div class=\"greeting_layout01\">\r\n        <div class=\"top\">\r\n           <div class=\"txt_box\">\r\n                <p>\r\n                    A l\u2019origine de la cr\u00e9ation du Lyc\u00e9e International Xavier, il y a la certitude que l\u2019\u00e9ducation, le service des jeunes, est une des t\u00e2ches les plus importantes et les plus nobles auxquelles on puisse se consacrer. Alors permettez-moi de vous partager quelques-unes de mes convictions.\r\n                <\/p>\r\n            <\/div>\r\n            <div class=\"img_box\">\r\n                <div class=\"name_box\">\r\n                    <i><\/i>\r\n                    <p>H\u00e9l\u00e8ne LEBRUN SFX<br>\r\n                    (1935-2023)<\/p>\r\n                <\/div>\r\n                <div class=\"img\">\r\n                    <img src=\"\/image\/greetings_con01_img01.png\" \/>\r\n                <\/div>\r\n            <\/div> \r\n        <\/div>\r\n        <div class=\"bottom\">\r\n            <p>\r\n                D\u2019abord la conviction que les enfants sont des personnes que l\u2019on doit respecter et servir, et non pas utiliser pour atteindre des buts que nous aurions fix\u00e9s \u00e0 leur place. Si on veut transformer une rose en lys, on la d\u00e9truit.\r\n            <\/p>\r\n            <p>\r\n                Malgr\u00e9 les statistiques et les pr\u00e9visions, nul ne sait exactement ce que les nouvelles g\u00e9n\u00e9rations auront \u00e0 affronter et nous ne devons pas leur donner des recettes et des r\u00e9ponses toute faites. Dans un contexte totalement nouveau, elles risquent bien de leur \u00eatre inutiles. Nous devons avant tout leur apprendre \u00e0 r\u00e9fl\u00e9chir, \u00e0 analyser et essayer de comprendre le r\u00e9el tel qu\u2019il leur est donn\u00e9.\r\n            <\/p>\r\n            <p>\r\n                Et, suivant l\u2019exemple de Socrate, le r\u00f4le de l\u2019enseignant est de conduire ses \u00e9l\u00e8ves vers la recherche du Vrai, du Bien et du Beau \uc9c4\uc120\ubbf8. Et je dis bien la recherche car la grandeur de l\u2019homme est de toujours s\u2019ouvrir \u00e0 plus grand que lui.\r\n            <\/p>\r\n            <p>\r\n                Enfin, je reprendrai une maxime bien connue dans l\u2019histoire de l\u2019\u00e9ducation fran\u00e7aise. Elle est de Rabelais, cet \u00e9crivain de la fin du Moyen-Age c\u00e9l\u00e8bre pour la force comique de son \u0153uvre : \u2018Science sans conscience n\u2019est que ruine de l\u2019\u00e2me\u2019.\r\n            <\/p>\r\n            <p>\r\n                Si un \u00e9l\u00e8ve consacre tous ses efforts \u00e0 accumuler des connaissances dans le seul but de sa r\u00e9ussite personnelle, je pense qu\u2019au contraire il r\u00e9tr\u00e9cit sa personnalit\u00e9. N\u2019est-ce pas aussi un des aspects de l\u2019id\u00e9al cor\u00e9en de l\u2019\u00e9ducation, l\u2019id\u00e9al de former un homme qui soit au service de l\u2019int\u00e9r\u00eat g\u00e9n\u00e9ral.\r\n            <\/p>\r\n\t\t\t<p>\r\n\t\t\t\tLa nouvelle g\u00e9n\u00e9ration aura \u00e0 relever beaucoup de d\u00e9fis pour sauvegarder la paix, et servir la justice et la v\u00e9rit\u00e9. Puissions-nous devenir et rester les guides qui les aident \u00e0 r\u00e9aliser leurs r\u00eaves les meilleurs.\r\n\t\t\t<\/p>\r\n        <\/div>\r\n    <\/div>\r\n<\/div>\t\t<\/div>\n\t\t\t\t<\/div>\n\t\t\t\t\t<\/div>\n\t\t<\/div>\n\t\t\t\t\t\t\t<\/div>\n\t\t<\/div>\n\t\t\t\t\t<\/div>\n\t\t<\/div>\n\t\t\t\t\t\t\t<\/div>\n\t\t<\/div>\n\t\t\t\t\t\t<\/div>\n\t\t\t\t\t<\/div>\n\t\t","protected":false},"excerpt":{"rendered":"<p>\u00c9TABLISSEMENT \u00c9TABLISSEMENT Esprit \u00e9ducatif Mot de la Fondatrice Esprit \u00e9ducatif Mot de la Fondatrice A l\u2019origine de la cr\u00e9ation du Lyc\u00e9e International Xavier, il y a la certitude que l\u2019\u00e9ducation, le service des jeunes, est une des t\u00e2ches les plus importantes et les plus nobles auxquelles on puisse se consacrer. Alors permettez-moi de vous partager quelques-unes de mes convictions. H\u00e9l\u00e8ne LEBRUN SFX (1935-2023) D\u2019abord la conviction que les enfants sont des personnes que l\u2019on doit respecter et servir, et non pas utiliser pour atteindre des buts que nous aurions fix\u00e9s \u00e0 leur place. Si on veut transformer une rose en lys, on la d\u00e9truit. Malgr\u00e9 les statistiques et les pr\u00e9visions, nul ne sait exactement ce que les nouvelles g\u00e9n\u00e9rations auront \u00e0 affronter et nous ne devons pas leur donner des recettes et des r\u00e9ponses toute faites. Dans un contexte totalement nouveau, elles risquent bien de leur \u00eatre inutiles. Nous devons avant tout leur apprendre \u00e0 r\u00e9fl\u00e9chir, \u00e0 analyser et essayer de comprendre le r\u00e9el tel qu\u2019il leur est donn\u00e9. Et, suivant l\u2019exemple de Socrate, le r\u00f4le de l\u2019enseignant est de conduire ses \u00e9l\u00e8ves vers la recherche du Vrai, du Bien et du Beau \uc9c4\uc120\ubbf8. Et je dis bien la recherche car la grandeur de l\u2019homme est de toujours s\u2019ouvrir \u00e0 plus grand que lui. Enfin, je reprendrai une maxime bien connue dans l\u2019histoire de l\u2019\u00e9ducation fran\u00e7aise. Elle est de Rabelais, cet \u00e9crivain de la fin du Moyen-Age c\u00e9l\u00e8bre pour la force comique de son \u0153uvre : \u2018Science sans conscience n\u2019est que ruine de l\u2019\u00e2me\u2019. Si un \u00e9l\u00e8ve consacre tous ses efforts \u00e0 accumuler des connaissances dans le seul but de sa r\u00e9ussite personnelle, je pense qu\u2019au contraire il r\u00e9tr\u00e9cit sa personnalit\u00e9. N\u2019est-ce pas aussi un des aspects de l\u2019id\u00e9al cor\u00e9en de l\u2019\u00e9ducation, l\u2019id\u00e9al de former un homme qui soit au service de l\u2019int\u00e9r\u00eat g\u00e9n\u00e9ral. La nouvelle g\u00e9n\u00e9ration aura \u00e0 relever beaucoup de d\u00e9fis pour sauvegarder la paix, et servir la justice et la v\u00e9rit\u00e9. Puissions-nous devenir et rester les guides qui les aident \u00e0 r\u00e9aliser leurs r\u00eaves les meilleurs.<\/p>\n","protected":false},"author":1,"featured_media":0,"parent":0,"menu_order":0,"comment_status":"closed","ping_status":"closed","template":"","meta":[],"_links":{"self":[{"href":"https:\/\/xavier.sc.kr\/wp\/francais\/index.php?rest_route=\/wp\/v2\/pages\/8516"}],"collection":[{"href":"https:\/\/xavier.sc.kr\/wp\/francais\/index.php?rest_route=\/wp\/v2\/pages"}],"about":[{"href":"https:\/\/xavier.sc.kr\/wp\/francais\/index.php?rest_route=\/wp\/v2\/types\/page"}],"author":[{"embeddable":true,"href":"https:\/\/xavier.sc.kr\/wp\/francais\/index.php?rest_route=\/wp\/v2\/users\/1"}],"replies":[{"embeddable":true,"href":"https:\/\/xavier.sc.kr\/wp\/francais\/index.php?rest_route=%2Fwp%2Fv2%2Fcomments&post=8516"}],"version-history":[{"count":47,"href":"https:\/\/xavier.sc.kr\/wp\/francais\/index.php?rest_route=\/wp\/v2\/pages\/8516\/revisions"}],"predecessor-version":[{"id":10112,"href":"https:\/\/xavier.sc.kr\/wp\/francais\/index.php?rest_route=\/wp\/v2\/pages\/8516\/revisions\/10112"}],"wp:attachment":[{"href":"https:\/\/xavier.sc.kr\/wp\/francais\/index.php?rest_route=%2Fwp%2Fv2%2Fmedia&parent=8516"}],"curies":[{"name":"wp","href":"https:\/\/api.w.org\/{rel}","templated":true}]}}