{"id":8505,"date":"2022-04-26T13:55:36","date_gmt":"2022-04-26T04:55:36","guid":{"rendered":"https:\/\/xavier.vizensoft.com\/wp\/francais\/?page_id=8505"},"modified":"2025-05-22T13:51:14","modified_gmt":"2025-05-22T04:51:14","slug":"presentation","status":"publish","type":"page","link":"https:\/\/xavier.sc.kr\/wp\/francais\/?page_id=8505","title":{"rendered":"Pr\u00e9sentation_LIX"},"content":{"rendered":"\t\t<div data-elementor-type=\"wp-page\" data-elementor-id=\"8505\" class=\"elementor elementor-8505\" data-elementor-settings=\"[]\">\n\t\t\t\t\t\t\t<div class=\"elementor-section-wrap\">\n\t\t\t\t\t\t\t<div class=\"elementor-section elementor-top-section elementor-element elementor-element-53b2389 elementor-section-full_width elementor-section-stretched sub_visual elementor-section-height-default elementor-section-height-default\" data-id=\"53b2389\" data-element_type=\"section\" data-settings=\"{&quot;stretch_section&quot;:&quot;section-stretched&quot;,&quot;background_background&quot;:&quot;classic&quot;}\">\n\t\t\t\t\t\t<div class=\"elementor-container elementor-column-gap-default\">\n\t\t\t\t\t<div class=\"elementor-column elementor-col-100 elementor-top-column elementor-element elementor-element-94b01d6\" data-id=\"94b01d6\" data-element_type=\"column\">\n\t\t\t<div class=\"elementor-widget-wrap elementor-element-populated\">\n\t\t\t\t\t\t\t\t<div class=\"elementor-element elementor-element-c6503a0 elementor-widget elementor-widget-heading\" data-id=\"c6503a0\" data-element_type=\"widget\" data-widget_type=\"heading.default\">\n\t\t\t\t<div class=\"elementor-widget-container\">\n\t\t\t<style>\/*! elementor - v3.5.5 - 03-02-2022 *\/\n.elementor-heading-title{padding:0;margin:0;line-height:1}.elementor-widget-heading .elementor-heading-title[class*=elementor-size-]>a{color:inherit;font-size:inherit;line-height:inherit}.elementor-widget-heading .elementor-heading-title.elementor-size-small{font-size:15px}.elementor-widget-heading .elementor-heading-title.elementor-size-medium{font-size:19px}.elementor-widget-heading .elementor-heading-title.elementor-size-large{font-size:29px}.elementor-widget-heading .elementor-heading-title.elementor-size-xl{font-size:39px}.elementor-widget-heading .elementor-heading-title.elementor-size-xxl{font-size:59px}<\/style><h2 class=\"elementor-heading-title elementor-size-default\">\u00c9TABLISSEMENT<\/h2>\t\t<\/div>\n\t\t\t\t<\/div>\n\t\t\t\t<div class=\"elementor-element elementor-element-df92091 elementor-widget elementor-widget-html\" data-id=\"df92091\" data-element_type=\"widget\" data-widget_type=\"html.default\">\n\t\t\t\t<div class=\"elementor-widget-container\">\n\t\t\t<div class=\"sub_path\">\n    <a class=\"home\" href=\"\/wp\/francais\/\">\n        <img src=\"\/image\/sub_visual_home_btn.png\"\/>\n    <\/a>\n    <div class=\"depth01\">\n        <p>\u00c9TABLISSEMENT<\/p>\n    <\/div>\n    <div class=\"depth02\">\n        <p>Pr\u00e9sentation<\/p>\n    <\/div>\n<\/div>\t\t<\/div>\n\t\t\t\t<\/div>\n\t\t\t\t\t<\/div>\n\t\t<\/div>\n\t\t\t\t\t\t\t<\/div>\n\t\t<\/div>\n\t\t\t\t<div class=\"elementor-section elementor-top-section elementor-element elementor-element-7af80bf tab_contents elementor-section-boxed elementor-section-height-default elementor-section-height-default\" data-id=\"7af80bf\" data-element_type=\"section\">\n\t\t\t\t\t\t<div class=\"elementor-container elementor-column-gap-default\">\n\t\t\t\t\t<div class=\"elementor-column elementor-col-100 elementor-top-column elementor-element elementor-element-08570ab\" data-id=\"08570ab\" data-element_type=\"column\">\n\t\t\t<div class=\"elementor-widget-wrap elementor-element-populated\">\n\t\t\t\t\t\t\t\t<div class=\"elementor-element elementor-element-2e814cb elementor-widget elementor-widget-html\" data-id=\"2e814cb\" data-element_type=\"widget\" data-widget_type=\"html.default\">\n\t\t\t\t<div class=\"elementor-widget-container\">\n\t\t\t<div class=\"sub_tab grid3\">\r\n    <ul>\r\n        <li class=\"on\"><a href=\"\/wp\/francais\/?page_id=8505\"><span>LIX<\/span><\/a><\/li>\r\n        <li><a href=\"\/wp\/francais\/?page_id=8726\"><span>Mot du Directeur<\/span><\/a><\/li>\r\n        <li><a href=\"\/wp\/francais\/?page_id=8725\"><span>Historique<\/span><\/a><\/li>\r\n    <\/ul>\r\n<\/div>\t\t<\/div>\n\t\t\t\t<\/div>\n\t\t\t\t<div class=\"elementor-section elementor-inner-section elementor-element elementor-element-74b742a sub_contents elementor-section-boxed elementor-section-height-default elementor-section-height-default\" data-id=\"74b742a\" data-element_type=\"section\">\n\t\t\t\t\t\t<div class=\"elementor-container elementor-column-gap-default\">\n\t\t\t\t\t<div class=\"elementor-column elementor-col-100 elementor-inner-column elementor-element elementor-element-1ee16e8\" data-id=\"1ee16e8\" data-element_type=\"column\">\n\t\t\t<div class=\"elementor-widget-wrap elementor-element-populated\">\n\t\t\t\t\t\t\t\t<div class=\"elementor-element elementor-element-12f62ef elementor-widget elementor-widget-html\" data-id=\"12f62ef\" data-element_type=\"widget\" data-widget_type=\"html.default\">\n\t\t\t\t<div class=\"elementor-widget-container\">\n\t\t\t<div class=\"tab_content intro_tab01\">\r\n    <div class=\"sub_tit\">\r\n        <h3>LIX<\/h3>\r\n    <\/div>\r\n    <div class=\"greeting_box\">\r\n        <div class=\"top\">\r\n            <div class=\"img_box\">\r\n                <img src=\"\/image\/intro_tab01_img01.jpg\" \/>\r\n            <\/div> \r\n        <\/div>\r\n        <div class=\"bottom\">\r\n            <p>\r\n\t\t\t\tLe LYC\u00c9E INTERNATIONAL XAVIER (LIX) est un \u00e9tablissement fran\u00e7ais situ\u00e9 \u00e0 S\u00e9oul au nord du fleuve Han (Jongno-gu). Il a ouvert en mars 2002 avec le soutien de l\u2019ambassadeur de France et la reconnaissance officielle du rectorat de S\u00e9oul. \r\n            <\/p>\r\n            <p>\r\n\t\t\t\tC\u2019est un \u00e9tablissement catholique fond\u00e9 par la Communaut\u00e9 apostolique Saint Fran\u00e7ois-Xavier. Il est rattach\u00e9 au r\u00e9seau des CMD (Centres Madeleine Dani\u00e9lou) anim\u00e9s par cette communaut\u00e9 en France et \u00e0 l\u2019\u00e9tranger.\r\n            <\/p>\r\n            <p>\r\n\t\t\t\tLe LIX accueille des \u00e9l\u00e8ves de la maternelle \u00e0 la terminale et suit les programmes officiels de l\u2019\u00c9ducation Nationale Fran\u00e7aise. Il est affili\u00e9 \u00e0 la MLF (Mission La\u00efque Fran\u00e7aise) et fait partie du r\u00e9seau de l\u2019AEFE (Agence pour l\u2019Enseignement Fran\u00e7ais \u00e0 l\u2019\u00c9tranger constitu\u00e9e de plus de 550 \u00e9tablissements dans pr\u00e8s de 160 pays). L\u2019\u00e9tablissement est homologu\u00e9 de la moyenne section \u00e0 la sixi\u00e8me. \r\n            <\/p>\r\n        <\/div>\r\n    <\/div>\r\n<\/div>\t\t<\/div>\n\t\t\t\t<\/div>\n\t\t\t\t\t<\/div>\n\t\t<\/div>\n\t\t\t\t\t\t\t<\/div>\n\t\t<\/div>\n\t\t\t\t\t<\/div>\n\t\t<\/div>\n\t\t\t\t\t\t\t<\/div>\n\t\t<\/div>\n\t\t\t\t\t\t<\/div>\n\t\t\t\t\t<\/div>\n\t\t","protected":false},"excerpt":{"rendered":"<p>\u00c9TABLISSEMENT \u00c9TABLISSEMENT Pr\u00e9sentation LIX Mot du Directeur Historique LIX Le LYC\u00c9E INTERNATIONAL XAVIER (LIX) est un \u00e9tablissement fran\u00e7ais situ\u00e9 \u00e0 S\u00e9oul au nord du fleuve Han (Jongno-gu). Il a ouvert en mars 2002 avec le soutien de l\u2019ambassadeur de France et la reconnaissance officielle du rectorat de S\u00e9oul. C\u2019est un \u00e9tablissement catholique fond\u00e9 par la Communaut\u00e9 apostolique Saint Fran\u00e7ois-Xavier. Il est rattach\u00e9 au r\u00e9seau des CMD (Centres Madeleine Dani\u00e9lou) anim\u00e9s par cette communaut\u00e9 en France et \u00e0 l\u2019\u00e9tranger. Le LIX accueille des \u00e9l\u00e8ves de la maternelle \u00e0 la terminale et suit les programmes officiels de l\u2019\u00c9ducation Nationale Fran\u00e7aise. Il est affili\u00e9 \u00e0 la MLF (Mission La\u00efque Fran\u00e7aise) et fait partie du r\u00e9seau de l\u2019AEFE (Agence pour l\u2019Enseignement Fran\u00e7ais \u00e0 l\u2019\u00c9tranger constitu\u00e9e de plus de 550 \u00e9tablissements dans pr\u00e8s de 160 pays). L\u2019\u00e9tablissement est homologu\u00e9 de la moyenne section \u00e0 la sixi\u00e8me.<\/p>\n","protected":false},"author":1,"featured_media":0,"parent":0,"menu_order":0,"comment_status":"closed","ping_status":"closed","template":"","meta":[],"_links":{"self":[{"href":"https:\/\/xavier.sc.kr\/wp\/francais\/index.php?rest_route=\/wp\/v2\/pages\/8505"}],"collection":[{"href":"https:\/\/xavier.sc.kr\/wp\/francais\/index.php?rest_route=\/wp\/v2\/pages"}],"about":[{"href":"https:\/\/xavier.sc.kr\/wp\/francais\/index.php?rest_route=\/wp\/v2\/types\/page"}],"author":[{"embeddable":true,"href":"https:\/\/xavier.sc.kr\/wp\/francais\/index.php?rest_route=\/wp\/v2\/users\/1"}],"replies":[{"embeddable":true,"href":"https:\/\/xavier.sc.kr\/wp\/francais\/index.php?rest_route=%2Fwp%2Fv2%2Fcomments&post=8505"}],"version-history":[{"count":29,"href":"https:\/\/xavier.sc.kr\/wp\/francais\/index.php?rest_route=\/wp\/v2\/pages\/8505\/revisions"}],"predecessor-version":[{"id":10085,"href":"https:\/\/xavier.sc.kr\/wp\/francais\/index.php?rest_route=\/wp\/v2\/pages\/8505\/revisions\/10085"}],"wp:attachment":[{"href":"https:\/\/xavier.sc.kr\/wp\/francais\/index.php?rest_route=%2Fwp%2Fv2%2Fmedia&parent=8505"}],"curies":[{"name":"wp","href":"https:\/\/api.w.org\/{rel}","templated":true}]}}