{"id":9763,"date":"2023-04-20T14:50:38","date_gmt":"2023-04-20T05:50:38","guid":{"rendered":"http:\/\/xavier.sc.kr\/wp\/francais\/?page_id=9763"},"modified":"2025-12-03T13:37:57","modified_gmt":"2025-12-03T04:37:57","slug":"reglement-interieur","status":"publish","type":"page","link":"http:\/\/xavier.sc.kr\/wp\/francais\/?page_id=9763","title":{"rendered":"R\u00e8glement int\u00e9rieur"},"content":{"rendered":"\t\t<div data-elementor-type=\"wp-page\" data-elementor-id=\"9763\" class=\"elementor elementor-9763\" data-elementor-settings=\"[]\">\n\t\t\t\t\t\t\t<div class=\"elementor-section-wrap\">\n\t\t\t\t\t\t\t<div class=\"elementor-section elementor-top-section elementor-element elementor-element-f049d0e elementor-section-full_width elementor-section-stretched sub_visual elementor-section-height-default elementor-section-height-default\" data-id=\"f049d0e\" data-element_type=\"section\" data-settings=\"{&quot;stretch_section&quot;:&quot;section-stretched&quot;,&quot;background_background&quot;:&quot;classic&quot;}\">\n\t\t\t\t\t\t<div class=\"elementor-container elementor-column-gap-default\">\n\t\t\t\t\t<div class=\"elementor-column elementor-col-100 elementor-top-column elementor-element elementor-element-0384a82\" data-id=\"0384a82\" data-element_type=\"column\">\n\t\t\t<div class=\"elementor-widget-wrap elementor-element-populated\">\n\t\t\t\t\t\t\t\t<div class=\"elementor-element elementor-element-8ea728f elementor-widget elementor-widget-heading\" data-id=\"8ea728f\" data-element_type=\"widget\" data-widget_type=\"heading.default\">\n\t\t\t\t<div class=\"elementor-widget-container\">\n\t\t\t<style>\/*! elementor - v3.5.5 - 03-02-2022 *\/\n.elementor-heading-title{padding:0;margin:0;line-height:1}.elementor-widget-heading .elementor-heading-title[class*=elementor-size-]>a{color:inherit;font-size:inherit;line-height:inherit}.elementor-widget-heading .elementor-heading-title.elementor-size-small{font-size:15px}.elementor-widget-heading .elementor-heading-title.elementor-size-medium{font-size:19px}.elementor-widget-heading .elementor-heading-title.elementor-size-large{font-size:29px}.elementor-widget-heading .elementor-heading-title.elementor-size-xl{font-size:39px}.elementor-widget-heading .elementor-heading-title.elementor-size-xxl{font-size:59px}<\/style><h2 class=\"elementor-heading-title elementor-size-default\">INFORMATIONS<\/h2>\t\t<\/div>\n\t\t\t\t<\/div>\n\t\t\t\t<div class=\"elementor-element elementor-element-66fdebd elementor-widget elementor-widget-html\" data-id=\"66fdebd\" data-element_type=\"widget\" data-widget_type=\"html.default\">\n\t\t\t\t<div class=\"elementor-widget-container\">\n\t\t\t<div class=\"sub_path\">\n    <a class=\"home\" href=\"\/wp\/francais\/\">\n        <img src=\"\/image\/sub_visual_home_btn.png\"\/>\n    <\/a>\n    <div class=\"depth01\">\n        <p>INFORMATIONS<\/p>\n    <\/div>\n    <div class=\"depth02\">\n        <p>Informations pratiques<\/p>\n    <\/div>\n<\/div>\t\t<\/div>\n\t\t\t\t<\/div>\n\t\t\t\t\t<\/div>\n\t\t<\/div>\n\t\t\t\t\t\t\t<\/div>\n\t\t<\/div>\n\t\t\t\t<div class=\"elementor-section elementor-top-section elementor-element elementor-element-5f0ae9c tab_contents elementor-section-boxed elementor-section-height-default elementor-section-height-default\" data-id=\"5f0ae9c\" data-element_type=\"section\">\n\t\t\t\t\t\t<div class=\"elementor-container elementor-column-gap-default\">\n\t\t\t\t\t<div class=\"elementor-column elementor-col-100 elementor-top-column elementor-element elementor-element-8848801\" data-id=\"8848801\" data-element_type=\"column\">\n\t\t\t<div class=\"elementor-widget-wrap elementor-element-populated\">\n\t\t\t\t\t\t\t\t<div class=\"elementor-element elementor-element-bdd972d elementor-widget elementor-widget-html\" data-id=\"bdd972d\" data-element_type=\"widget\" data-widget_type=\"html.default\">\n\t\t\t\t<div class=\"elementor-widget-container\">\n\t\t\t<div class=\"sub_tab grid7\">\r\n\t<ul>\r\n        <li class=\"on\"><a href=\"http:\/\/xavier.sc.kr\/wp\/francais\/?page_id=9763\"><span>R\u00e8glement int\u00e9rieur<\/span><\/a><\/li>\r\n        <li><a href=\"\/wp\/francais\/?page_id=8962\"><span>Circulaires<\/span><\/a><\/li>\r\n        <li><a href=\"\/wp\/francais\/?page_id=8964\"><span>Scolarit\u00e9 des Fran\u00e7ais<\/span><\/a><\/li>\r\n        <li><a href=\"\/wp\/francais\/?page_id=8966\"><span>Internat<\/span><\/a><\/li><br\/>\r\n        <li><a href=\"\/wp\/francais\/?page_id=8968\"><span>Uniforme<\/span><\/a><\/li>\r\n        <li><a href=\"\/wp\/francais\/?page_id=8970\"><span>Status de l\u2019\u00e9tablissement scolaire<\/span><\/a><\/li>\r\n        <li><a href=\"\/wp\/francais\/?page_id=8972\"><span>Menus de la cantine<\/span><\/a><\/li>\r\n        <li><a href=\"\/wp\/francais\/?page_id=8974\"><span>Pollution<\/span><\/a><\/li>\r\n    <\/ul>\r\n<\/div>\r\n<div class=\"sub_tit\">\r\n\t<h3>R\u00e8glement int\u00e9rieur<\/h3>\r\n<\/div>\r\n\r\n\r\n\r\n\r\n\r\n\r\n\r\n\t\t<\/div>\n\t\t\t\t<\/div>\n\t\t\t\t<div class=\"elementor-element elementor-element-8839106 elementor-widget elementor-widget-image\" data-id=\"8839106\" data-element_type=\"widget\" data-widget_type=\"image.default\">\n\t\t\t\t<div class=\"elementor-widget-container\">\n\t\t\t<style>\/*! elementor - v3.5.5 - 03-02-2022 *\/\n.elementor-widget-image{text-align:center}.elementor-widget-image a{display:inline-block}.elementor-widget-image a img[src$=\".svg\"]{width:48px}.elementor-widget-image img{vertical-align:middle;display:inline-block}<\/style>\t\t\t\t\t\t\t\t\t\t\t\t<img src=\"http:\/\/xavier.sc.kr\/wp\/francais\/wp-content\/uploads\/sites\/2\/2025\/04\/Reglement-interieur-2024.pdf\" title=\"\" alt=\"\" \/>\t\t\t\t\t\t\t\t\t\t\t\t\t\t\t<\/div>\n\t\t\t\t<\/div>\n\t\t\t\t<div class=\"elementor-element elementor-element-4007456 elementor-widget elementor-widget-image\" data-id=\"4007456\" data-element_type=\"widget\" data-widget_type=\"image.default\">\n\t\t\t\t<div class=\"elementor-widget-container\">\n\t\t\t\t\t\t\t\t\t\t\t\t\t\t\t<img src=\"http:\/\/xavier.sc.kr\/wp\/francais\/wp-content\/uploads\/sites\/2\/2025\/04\/Reglement-interieur-2024-2.pdf\" title=\"\" alt=\"\" \/>\t\t\t\t\t\t\t\t\t\t\t\t\t\t\t<\/div>\n\t\t\t\t<\/div>\n\t\t\t\t<div class=\"elementor-element elementor-element-4d4aa91 elementor-widget elementor-widget-image\" data-id=\"4d4aa91\" data-element_type=\"widget\" data-widget_type=\"image.default\">\n\t\t\t\t<div class=\"elementor-widget-container\">\n\t\t\t\t\t\t\t\t\t\t\t\t\t\t\t<img src=\"http:\/\/xavier.sc.kr\/wp\/francais\/wp-content\/uploads\/sites\/2\/2025\/10\/Reglement_interieur_2025_page_1-scaled.jpg\" title=\"Reglement_interieur_2025_page_1\" alt=\"Reglement_interieur_2025_page_1\" \/>\t\t\t\t\t\t\t\t\t\t\t\t\t\t\t<\/div>\n\t\t\t\t<\/div>\n\t\t\t\t<div class=\"elementor-element elementor-element-7e7d72b elementor-widget elementor-widget-image\" data-id=\"7e7d72b\" data-element_type=\"widget\" data-widget_type=\"image.default\">\n\t\t\t\t<div class=\"elementor-widget-container\">\n\t\t\t\t\t\t\t\t\t\t\t\t\t\t\t<img src=\"http:\/\/xavier.sc.kr\/wp\/francais\/wp-content\/uploads\/sites\/2\/2025\/09\/page_2-2-scaled.jpg\" title=\"page_2 (2)\" alt=\"page_2 (2)\" \/>\t\t\t\t\t\t\t\t\t\t\t\t\t\t\t<\/div>\n\t\t\t\t<\/div>\n\t\t\t\t<div class=\"elementor-element elementor-element-7d2ba67 elementor-widget elementor-widget-image\" data-id=\"7d2ba67\" data-element_type=\"widget\" data-widget_type=\"image.default\">\n\t\t\t\t<div class=\"elementor-widget-container\">\n\t\t\t\t\t\t\t\t\t\t\t\t\t\t\t<img width=\"1811\" height=\"2560\" src=\"http:\/\/xavier.sc.kr\/wp\/francais\/wp-content\/uploads\/sites\/2\/2025\/09\/page_3-1-scaled.jpg\" class=\"attachment-full size-full\" alt=\"\" loading=\"lazy\" srcset=\"http:\/\/xavier.sc.kr\/wp\/francais\/wp-content\/uploads\/sites\/2\/2025\/09\/page_3-1-scaled.jpg 1811w, http:\/\/xavier.sc.kr\/wp\/francais\/wp-content\/uploads\/sites\/2\/2025\/09\/page_3-1-212x300.jpg 212w, http:\/\/xavier.sc.kr\/wp\/francais\/wp-content\/uploads\/sites\/2\/2025\/09\/page_3-1-724x1024.jpg 724w, http:\/\/xavier.sc.kr\/wp\/francais\/wp-content\/uploads\/sites\/2\/2025\/09\/page_3-1-768x1086.jpg 768w\" sizes=\"(max-width: 1811px) 100vw, 1811px\" \/>\t\t\t\t\t\t\t\t\t\t\t\t\t\t\t<\/div>\n\t\t\t\t<\/div>\n\t\t\t\t<div class=\"elementor-element elementor-element-f4ab162 elementor-widget elementor-widget-image\" data-id=\"f4ab162\" data-element_type=\"widget\" data-widget_type=\"image.default\">\n\t\t\t\t<div class=\"elementor-widget-container\">\n\t\t\t\t\t\t\t\t\t\t\t\t\t\t\t<img width=\"1811\" height=\"2560\" src=\"http:\/\/xavier.sc.kr\/wp\/francais\/wp-content\/uploads\/sites\/2\/2025\/09\/page_4-1-scaled.jpg\" class=\"attachment-full size-full\" alt=\"\" loading=\"lazy\" srcset=\"http:\/\/xavier.sc.kr\/wp\/francais\/wp-content\/uploads\/sites\/2\/2025\/09\/page_4-1-scaled.jpg 1811w, http:\/\/xavier.sc.kr\/wp\/francais\/wp-content\/uploads\/sites\/2\/2025\/09\/page_4-1-212x300.jpg 212w, http:\/\/xavier.sc.kr\/wp\/francais\/wp-content\/uploads\/sites\/2\/2025\/09\/page_4-1-724x1024.jpg 724w, http:\/\/xavier.sc.kr\/wp\/francais\/wp-content\/uploads\/sites\/2\/2025\/09\/page_4-1-768x1086.jpg 768w\" sizes=\"(max-width: 1811px) 100vw, 1811px\" \/>\t\t\t\t\t\t\t\t\t\t\t\t\t\t\t<\/div>\n\t\t\t\t<\/div>\n\t\t\t\t<div class=\"elementor-element elementor-element-3a63d0d elementor-widget elementor-widget-image\" data-id=\"3a63d0d\" data-element_type=\"widget\" data-widget_type=\"image.default\">\n\t\t\t\t<div class=\"elementor-widget-container\">\n\t\t\t\t\t\t\t\t\t\t\t\t\t\t\t<img width=\"1811\" height=\"2560\" src=\"http:\/\/xavier.sc.kr\/wp\/francais\/wp-content\/uploads\/sites\/2\/2025\/09\/page_5-1-scaled.jpg\" class=\"attachment-full size-full\" alt=\"\" loading=\"lazy\" srcset=\"http:\/\/xavier.sc.kr\/wp\/francais\/wp-content\/uploads\/sites\/2\/2025\/09\/page_5-1-scaled.jpg 1811w, http:\/\/xavier.sc.kr\/wp\/francais\/wp-content\/uploads\/sites\/2\/2025\/09\/page_5-1-212x300.jpg 212w, http:\/\/xavier.sc.kr\/wp\/francais\/wp-content\/uploads\/sites\/2\/2025\/09\/page_5-1-724x1024.jpg 724w, http:\/\/xavier.sc.kr\/wp\/francais\/wp-content\/uploads\/sites\/2\/2025\/09\/page_5-1-768x1086.jpg 768w\" sizes=\"(max-width: 1811px) 100vw, 1811px\" \/>\t\t\t\t\t\t\t\t\t\t\t\t\t\t\t<\/div>\n\t\t\t\t<\/div>\n\t\t\t\t<div class=\"elementor-element elementor-element-da97fa0 elementor-widget elementor-widget-image\" data-id=\"da97fa0\" data-element_type=\"widget\" data-widget_type=\"image.default\">\n\t\t\t\t<div class=\"elementor-widget-container\">\n\t\t\t\t\t\t\t\t\t\t\t\t\t\t\t<img width=\"1811\" height=\"2560\" src=\"http:\/\/xavier.sc.kr\/wp\/francais\/wp-content\/uploads\/sites\/2\/2025\/09\/page_6-1-scaled.jpg\" class=\"attachment-full size-full\" alt=\"\" loading=\"lazy\" srcset=\"http:\/\/xavier.sc.kr\/wp\/francais\/wp-content\/uploads\/sites\/2\/2025\/09\/page_6-1-scaled.jpg 1811w, http:\/\/xavier.sc.kr\/wp\/francais\/wp-content\/uploads\/sites\/2\/2025\/09\/page_6-1-212x300.jpg 212w, http:\/\/xavier.sc.kr\/wp\/francais\/wp-content\/uploads\/sites\/2\/2025\/09\/page_6-1-724x1024.jpg 724w, http:\/\/xavier.sc.kr\/wp\/francais\/wp-content\/uploads\/sites\/2\/2025\/09\/page_6-1-768x1086.jpg 768w\" sizes=\"(max-width: 1811px) 100vw, 1811px\" \/>\t\t\t\t\t\t\t\t\t\t\t\t\t\t\t<\/div>\n\t\t\t\t<\/div>\n\t\t\t\t<div class=\"elementor-element elementor-element-6f56ca5 elementor-widget elementor-widget-image\" data-id=\"6f56ca5\" data-element_type=\"widget\" data-widget_type=\"image.default\">\n\t\t\t\t<div class=\"elementor-widget-container\">\n\t\t\t\t\t\t\t\t\t\t\t\t\t\t\t<img width=\"1811\" height=\"2560\" src=\"http:\/\/xavier.sc.kr\/wp\/francais\/wp-content\/uploads\/sites\/2\/2025\/09\/page_7-1-scaled.jpg\" class=\"attachment-full size-full\" alt=\"\" loading=\"lazy\" srcset=\"http:\/\/xavier.sc.kr\/wp\/francais\/wp-content\/uploads\/sites\/2\/2025\/09\/page_7-1-scaled.jpg 1811w, http:\/\/xavier.sc.kr\/wp\/francais\/wp-content\/uploads\/sites\/2\/2025\/09\/page_7-1-212x300.jpg 212w, http:\/\/xavier.sc.kr\/wp\/francais\/wp-content\/uploads\/sites\/2\/2025\/09\/page_7-1-724x1024.jpg 724w, http:\/\/xavier.sc.kr\/wp\/francais\/wp-content\/uploads\/sites\/2\/2025\/09\/page_7-1-768x1086.jpg 768w\" sizes=\"(max-width: 1811px) 100vw, 1811px\" \/>\t\t\t\t\t\t\t\t\t\t\t\t\t\t\t<\/div>\n\t\t\t\t<\/div>\n\t\t\t\t\t<\/div>\n\t\t<\/div>\n\t\t\t\t\t\t\t<\/div>\n\t\t<\/div>\n\t\t\t\t\t\t<\/div>\n\t\t\t\t\t<\/div>\n\t\t","protected":false},"excerpt":{"rendered":"<p>INFORMATIONS INFORMATIONS Informations pratiques R\u00e8glement int\u00e9rieur Circulaires Scolarit\u00e9 des Fran\u00e7ais Internat Uniforme Status de l\u2019\u00e9tablissement scolaire Menus de la cantine Pollution R\u00e8glement int\u00e9rieur<\/p>\n","protected":false},"author":9,"featured_media":0,"parent":0,"menu_order":0,"comment_status":"closed","ping_status":"closed","template":"","meta":[],"_links":{"self":[{"href":"http:\/\/xavier.sc.kr\/wp\/francais\/index.php?rest_route=\/wp\/v2\/pages\/9763"}],"collection":[{"href":"http:\/\/xavier.sc.kr\/wp\/francais\/index.php?rest_route=\/wp\/v2\/pages"}],"about":[{"href":"http:\/\/xavier.sc.kr\/wp\/francais\/index.php?rest_route=\/wp\/v2\/types\/page"}],"author":[{"embeddable":true,"href":"http:\/\/xavier.sc.kr\/wp\/francais\/index.php?rest_route=\/wp\/v2\/users\/9"}],"replies":[{"embeddable":true,"href":"http:\/\/xavier.sc.kr\/wp\/francais\/index.php?rest_route=%2Fwp%2Fv2%2Fcomments&post=9763"}],"version-history":[{"count":59,"href":"http:\/\/xavier.sc.kr\/wp\/francais\/index.php?rest_route=\/wp\/v2\/pages\/9763\/revisions"}],"predecessor-version":[{"id":10463,"href":"http:\/\/xavier.sc.kr\/wp\/francais\/index.php?rest_route=\/wp\/v2\/pages\/9763\/revisions\/10463"}],"wp:attachment":[{"href":"http:\/\/xavier.sc.kr\/wp\/francais\/index.php?rest_route=%2Fwp%2Fv2%2Fmedia&parent=9763"}],"curies":[{"name":"wp","href":"https:\/\/api.w.org\/{rel}","templated":true}]}}