{"id":9022,"date":"2022-06-07T18:35:22","date_gmt":"2022-06-07T09:35:22","guid":{"rendered":"https:\/\/xavier.vizensoft.com\/wp\/francais\/?page_id=9022"},"modified":"2025-10-09T10:56:50","modified_gmt":"2025-10-09T01:56:50","slug":"parents","status":"publish","type":"page","link":"http:\/\/xavier.sc.kr\/wp\/francais\/?page_id=9022","title":{"rendered":"Parents"},"content":{"rendered":"\t\t<div data-elementor-type=\"wp-page\" data-elementor-id=\"9022\" class=\"elementor elementor-9022\" data-elementor-settings=\"[]\">\n\t\t\t\t\t\t\t<div class=\"elementor-section-wrap\">\n\t\t\t\t\t\t\t<div class=\"elementor-section elementor-top-section elementor-element elementor-element-e7c83cd elementor-section-full_width elementor-section-stretched sub_visual elementor-section-height-default elementor-section-height-default\" data-id=\"e7c83cd\" data-element_type=\"section\" data-settings=\"{&quot;stretch_section&quot;:&quot;section-stretched&quot;,&quot;background_background&quot;:&quot;classic&quot;}\">\n\t\t\t\t\t\t<div class=\"elementor-container elementor-column-gap-default\">\n\t\t\t\t\t<div class=\"elementor-column elementor-col-100 elementor-top-column elementor-element elementor-element-df27308\" data-id=\"df27308\" data-element_type=\"column\">\n\t\t\t<div class=\"elementor-widget-wrap elementor-element-populated\">\n\t\t\t\t\t\t\t\t<div class=\"elementor-element elementor-element-8a06d96 elementor-widget elementor-widget-heading\" data-id=\"8a06d96\" data-element_type=\"widget\" data-widget_type=\"heading.default\">\n\t\t\t\t<div class=\"elementor-widget-container\">\n\t\t\t<style>\/*! elementor - v3.5.5 - 03-02-2022 *\/\n.elementor-heading-title{padding:0;margin:0;line-height:1}.elementor-widget-heading .elementor-heading-title[class*=elementor-size-]>a{color:inherit;font-size:inherit;line-height:inherit}.elementor-widget-heading .elementor-heading-title.elementor-size-small{font-size:15px}.elementor-widget-heading .elementor-heading-title.elementor-size-medium{font-size:19px}.elementor-widget-heading .elementor-heading-title.elementor-size-large{font-size:29px}.elementor-widget-heading .elementor-heading-title.elementor-size-xl{font-size:39px}.elementor-widget-heading .elementor-heading-title.elementor-size-xxl{font-size:59px}<\/style><h2 class=\"elementor-heading-title elementor-size-default\">COMMUNAUT\u00c9<\/h2>\t\t<\/div>\n\t\t\t\t<\/div>\n\t\t\t\t<div class=\"elementor-element elementor-element-d4ce750 elementor-widget elementor-widget-html\" data-id=\"d4ce750\" data-element_type=\"widget\" data-widget_type=\"html.default\">\n\t\t\t\t<div class=\"elementor-widget-container\">\n\t\t\t<div class=\"sub_path\">\n    <a class=\"home\" href=\"\/wp\/\">\n        <img src=\"\/image\/sub_visual_home_btn.png\"\/>\n    <\/a>\n    <div class=\"depth01\">\n        <p>COMMUNAUT\u00c9<\/p>\n    <\/div>\n    <div class=\"depth02\">\n        <p>Parents<\/p>\n    <\/div>\n<\/div>\t\t<\/div>\n\t\t\t\t<\/div>\n\t\t\t\t\t<\/div>\n\t\t<\/div>\n\t\t\t\t\t\t\t<\/div>\n\t\t<\/div>\n\t\t\t\t<div class=\"elementor-section elementor-top-section elementor-element elementor-element-a16bd7c tab_contents elementor-section-boxed elementor-section-height-default elementor-section-height-default\" data-id=\"a16bd7c\" data-element_type=\"section\">\n\t\t\t\t\t\t<div class=\"elementor-container elementor-column-gap-default\">\n\t\t\t\t\t<div class=\"elementor-column elementor-col-100 elementor-top-column elementor-element elementor-element-428c829\" data-id=\"428c829\" data-element_type=\"column\">\n\t\t\t<div class=\"elementor-widget-wrap elementor-element-populated\">\n\t\t\t\t\t\t\t\t<div class=\"elementor-element elementor-element-29ee699 elementor-widget elementor-widget-html\" data-id=\"29ee699\" data-element_type=\"widget\" data-widget_type=\"html.default\">\n\t\t\t\t<div class=\"elementor-widget-container\">\n\t\t\t<div class=\"sub_tab grid2\">\r\n    <ul>\r\n        <li class=\"on\"><a href=\"\/wp\/francais\/?page_id=9022\"><span>APELIX<\/span><\/a><\/li>\r\n        <li><a href=\"\/wp\/francais\/?page_id=9171\"><span>T\u00e9moignages des parents<\/span><\/a><\/li>\r\n    <\/ul>\r\n<\/div>\r\n<div class=\"sub_tit\">\r\n\t<h3>Parents<\/h3>\r\n\t<h5>Amicale des Parents d\u2019\u00e9l\u00e8ves du Lyc\u00e9e International Xavier<\/h5>\r\n\t\t<h5>APELIX \/ Votre association de parents d\u2019\u00e9l\u00e8ves<\/h5>\r\n\t<\/div>\r\n<\/div>\r\n<div class=\"rule_top info\">\r\n\t<div class=\"box\">\r\n\t\t<div class=\"tit01\">\r\n\t\t\t<span class=\"num poppins\">1<\/span>\r\n\t\t\t<p>Qu\u2019est-ce que l\u2019APELIX ?<\/p>\r\n\t\t<\/div>\r\n\t\t<div class=\"desc\">\r\n\t\t\t<p>\r\n\t\t\t\tConstitu\u00e9e en une association \u00e0 but non lucratif, l'APELIX a \u00e9t\u00e9 cr\u00e9\u00e9e \u00e0 la rentr\u00e9e scolaire 2019\/2020. Tous les parents ayant au moins un enfant scolaris\u00e9 au LIX en sont membres de droit. Le but de notre association est de f\u00e9d\u00e9rer la communaut\u00e9 de parents d\u2019\u00e9l\u00e8ves afin de :<\/P>\r\n            <P>\r\n                -\tinformer les familles sur les sp\u00e9cificit\u00e9s d\u2019une scolarisation au LIX,<br\/>\r\n                -\trepr\u00e9senter les parents d\u2019\u00e9l\u00e8ves au sein des instances du LIX : Conseil d'\u00c9cole, Conseil d\u2019\u00c9tablissement, etc\u2026<br\/>\r\n                -\torganiser des activit\u00e9s, pour les \u00e9l\u00e8ves, parfois en lien avec les projets p\u00e9dagogiques de l\u2019\u00e9quipe \u00e9ducative, et pour les parents afin de renforcer la coh\u00e9sion au sein de l\u2019\u00e9cole<br\/>\r\n                -\tfavoriser la communication et les \u00e9changes entre les parents d\u2019\u00e9l\u00e8ves, et avec le personnel et la direction du LIX<br\/>\r\n                -\tporter le projet d\u2019envergure du March\u00e9 de No\u00ebl <\/P>\r\n            <P>\r\n                Des parents d\u2019\u00e9l\u00e8ves b\u00e9n\u00e9voles et motiv\u00e9s consacrent une partie de leur temps et de leur \u00e9nergie pour animer et soutenir des activit\u00e9s au LIX.<\/P>\r\n \t\t\t<div class=\"note\">\r\n\t\t\t\t<ul>\r\n\t\t\t\t\t<li>\r\n\t\t\t\t\t\t<span class=\"color01\">Quelques exemples :<\/span> <br\/>\r\n\t\t\t\t\t\tCaf\u00e9 offert aux parents \u00e0 la rentr\u00e9e scolaire, r\u00e9unions sur des th\u00e8mes sp\u00e9cifiques, apr\u00e8s-midi \u00ab jeux de soci\u00e9t\u00e9 & galette des rois \u00bb, chasse aux \u0153ufs, f\u00eate de fin d\u2019ann\u00e9e\u2026\r\n\t\t\t\t\t<\/li>\r\n\t\t\t\t<\/ul>\r\n\t\t\t<\/div>\r\n\t\t<\/div>\r\n\t<\/div>\r\n\t<div class=\"box\">\r\n\t\t<div class=\"tit01\">\r\n\t\t\t<span class=\"num poppins\">2<\/span>\r\n\t\t\t<p>Comment nous rejoindre ?<\/p>\r\n\t\t<\/div>\r\n\t\t<div class=\"desc\">\r\n\t\t\t<p>\r\n\t\t\t\tTous les parents qui le souhaitent peuvent s\u2019impliquer selon leur envie et leurs possibilit\u00e9s en qualit\u00e9 de :\r\n\t\t\t<\/p>\r\n\t\t\t<p>\r\n\t\t\t    -\tB\u00e9n\u00e9voles pour aider \u00e0 l\u2019organisation des \u00e9v\u00e8nements le jour J<br\/>\r\n                -\tMembres actifs en participant aux r\u00e9unions mensuelles pour suivre les activit\u00e9s de l\u2019APELIX<br\/>\r\n                -\tMembres du Conseil d\u2019Administration<\/p>\r\n            <p>\r\n                Le montant de la cotisation est de 5 000 wons pour l\u2019ann\u00e9e scolaire. Les fonds collect\u00e9s permettent \u00e0 l\u2019APELIX de financer les activit\u00e9s au b\u00e9n\u00e9fice des \u00e9l\u00e8ves.<br\/>\r\n                Lors de l\u2019Assembl\u00e9e G\u00e9n\u00e9rale Annuelle de l\u2019APELIX qui a lieu en octobre, un appel aux parents d\u2019\u00e9l\u00e8ves qui souhaitent s\u2019investir est lanc\u00e9 pour :<\/p>\r\n            <p>\r\n                -\tConstituer le Bureau de l\u2019APELIX,<br\/>\r\n                -\tEnr\u00f4ler des parents d\u2019\u00e9l\u00e8ves pour repr\u00e9senter leurs pairs au sein des instances du LIX,<br\/>\r\n                -\tMobiliser des membres pour participer activement aux activit\u00e9s.<br\/>\r\n                Mais vous pouvez aussi nous rejoindre tout au long de l\u2019ann\u00e9e !\r\n\t\t\t<\/p>\r\n\t\t<\/div>\r\n\t<\/div>\r\n\t<div class=\"box\">\r\n\t\t<div class=\"tit01\">\r\n\t\t\t<span class=\"num poppins\">3<\/span>\r\n\t\t\t<p>Comment nous contacter ?<\/p>\r\n\t\t<\/div>\r\n\t\t<div class=\"desc\">\r\n\t\t\t<p>\r\n\t\t\t\tCompte tenu de la diversit\u00e9 de profils des familles, l\u2019APELIX reste \u00e0 votre \u00e9coute quelque soit votre langue de pr\u00e9dilection. Les informations et communications de l\u2019APELIX seront, autant que nos possibilit\u00e9s nous le permettent, partager en fran\u00e7ais, en anglais et en cor\u00e9en.<br\/>\r\n                Pour toute question, remarque ou suggestion et si vous souhaitez vous investir plus particuli\u00e8rement sur certains aspects de la vie du LIX, l\u2019APELIX reste \u00e0 votre \u00e9coute.<br\/>\r\n                Vous pouvez contacter directement le bureau de l\u2019APELIX par mail : <a href=\"mailto:teamapelix@gmail.com\">teamapelix@gmail.com <i class=\"shortcut\"><\/i><\/a><br\/>\r\n                En vous joignant \u00e0 une conversation de groupe ouverte sur Kakao, vous pouvez \u00e9changer avec les autres parents d\u2019\u00e9l\u00e8ves, notamment avec les repr\u00e9sentants des parents d\u2019\u00e9l\u00e8ves si\u00e9geant dans les diff\u00e9rentes instances du LIX. <br\/> \r\n                kakao Lix Open Chat : <a href=\"https:\/\/open.kakao.com\/o\/g57CVbQh\" target=\"_blank\">https:\/\/open.kakao.com\/o\/g57CVbQh <i class=\"shortcut\"><\/i><\/a>\r\n            <\/p>\r\n\t\t<\/div>\r\n\t<\/div>\r\n\t<div class=\"box\">\r\n\t\t<div class=\"tit01\">\r\n\t\t\t<span class=\"num poppins\">4<\/span>\r\n\t\t\t<p>Votre bureau APELIX<\/p>\r\n\t\t<\/div>\r\n\t\t<div class=\"desc\">\r\n\t\t\t<div class=\"account_box\">\r\n\t\t\t\t<p><span class=\"type01 poppins\">Michael ZENATTI&nbsp;&nbsp;&nbsp;\/&nbsp;&nbsp;&nbsp;<\/span>APELIX Pr\u00e9sident<\/p>\r\n\t\t\t\t<p><span class=\"type01 poppins\">Danielle ACCAME&nbsp;&nbsp;&nbsp;\/&nbsp;&nbsp;&nbsp;<\/span>APELIX Vice-pr\u00e9sident<\/p>\r\n\t\t\t\t<p><span class=\"type01 poppins\">Stanislas LE M\u00c9ZO&nbsp;&nbsp;&nbsp;\/&nbsp;&nbsp;&nbsp;<\/span>APELIX Secr\u00e9taire<\/p>\r\n\t\t\t\t<p><span class=\"type01 poppins\">Anna DECAUX&nbsp;&nbsp;&nbsp;\/&nbsp;&nbsp;&nbsp;<\/span>APELIX Tr\u00e9sorier<\/p>\r\n\t\t\t\t\t<p><span class=\"type01 poppins\">C\u00e9line BERTHAUD-REBOUILLAT&nbsp;&nbsp;&nbsp;\/&nbsp;&nbsp;&nbsp;<\/span>APELIX Coordinatrice activit\u00e9s <\/p>\r\n\t\t\t<\/div>\r\n\t\t<\/div>\r\n\t<\/div>\r\n<\/div>\t\t<\/div>\n\t\t\t\t<\/div>\n\t\t\t\t\t<\/div>\n\t\t<\/div>\n\t\t\t\t\t\t\t<\/div>\n\t\t<\/div>\n\t\t\t\t\t\t<\/div>\n\t\t\t\t\t<\/div>\n\t\t","protected":false},"excerpt":{"rendered":"<p>COMMUNAUT\u00c9 COMMUNAUT\u00c9 Parents APELIX T\u00e9moignages des parents Parents Amicale des Parents d\u2019\u00e9l\u00e8ves du Lyc\u00e9e International Xavier APELIX \/ Votre association de parents d\u2019\u00e9l\u00e8ves 1 Qu\u2019est-ce que l\u2019APELIX ? Constitu\u00e9e en une association \u00e0 but non lucratif, l&rsquo;APELIX a \u00e9t\u00e9 cr\u00e9\u00e9e \u00e0 la rentr\u00e9e scolaire 2019\/2020. Tous les parents ayant au moins un enfant scolaris\u00e9 au LIX en sont membres de droit. Le but de notre association est de f\u00e9d\u00e9rer la communaut\u00e9 de parents d\u2019\u00e9l\u00e8ves afin de : &#8211; informer les familles sur les sp\u00e9cificit\u00e9s d\u2019une scolarisation au LIX, &#8211; repr\u00e9senter les parents d\u2019\u00e9l\u00e8ves au sein des instances du LIX : Conseil d&rsquo;\u00c9cole, Conseil d\u2019\u00c9tablissement, etc\u2026 &#8211; organiser des activit\u00e9s, pour les \u00e9l\u00e8ves, parfois en lien avec les projets p\u00e9dagogiques de l\u2019\u00e9quipe \u00e9ducative, et pour les parents afin de renforcer la coh\u00e9sion au sein de l\u2019\u00e9cole &#8211; favoriser la communication et les \u00e9changes entre les parents d\u2019\u00e9l\u00e8ves, et avec le personnel et la direction du LIX &#8211; porter le projet d\u2019envergure du March\u00e9 de No\u00ebl Des parents d\u2019\u00e9l\u00e8ves b\u00e9n\u00e9voles et motiv\u00e9s consacrent une partie de leur temps et de leur \u00e9nergie pour animer et soutenir des activit\u00e9s au LIX. Quelques exemples : Caf\u00e9 offert aux parents \u00e0 la rentr\u00e9e scolaire, r\u00e9unions sur des th\u00e8mes sp\u00e9cifiques, apr\u00e8s-midi \u00ab jeux de soci\u00e9t\u00e9 &#038; galette des rois \u00bb, chasse aux \u0153ufs, f\u00eate de fin d\u2019ann\u00e9e\u2026 2 Comment nous rejoindre ? Tous les parents qui le souhaitent peuvent s\u2019impliquer selon leur envie et leurs possibilit\u00e9s en qualit\u00e9 de : &#8211; B\u00e9n\u00e9voles pour aider \u00e0 l\u2019organisation des \u00e9v\u00e8nements le jour J &#8211; Membres actifs en participant aux r\u00e9unions mensuelles pour suivre les activit\u00e9s de l\u2019APELIX &#8211; Membres du Conseil d\u2019Administration Le montant de la cotisation est de 5 000 wons pour l\u2019ann\u00e9e scolaire. Les fonds collect\u00e9s permettent \u00e0 l\u2019APELIX de financer les activit\u00e9s au b\u00e9n\u00e9fice des \u00e9l\u00e8ves. Lors de l\u2019Assembl\u00e9e G\u00e9n\u00e9rale Annuelle de l\u2019APELIX qui a lieu en octobre, un appel aux parents d\u2019\u00e9l\u00e8ves qui souhaitent s\u2019investir est lanc\u00e9 pour : &#8211; Constituer le Bureau de l\u2019APELIX, &#8211; Enr\u00f4ler des parents d\u2019\u00e9l\u00e8ves pour repr\u00e9senter leurs pairs au sein des instances du LIX, &#8211; Mobiliser des membres pour participer activement aux activit\u00e9s. Mais vous pouvez aussi nous rejoindre tout au long de l\u2019ann\u00e9e ! 3 Comment nous contacter ? Compte tenu de la diversit\u00e9 de profils des familles, l\u2019APELIX reste \u00e0 votre \u00e9coute quelque soit votre langue de pr\u00e9dilection. Les informations et communications de l\u2019APELIX seront, autant que nos possibilit\u00e9s nous le permettent, partager en fran\u00e7ais, en anglais et en cor\u00e9en. Pour toute question, remarque ou suggestion et si vous souhaitez vous investir plus particuli\u00e8rement sur certains aspects de la vie du LIX, l\u2019APELIX reste \u00e0 votre \u00e9coute. Vous pouvez contacter directement le bureau de l\u2019APELIX par mail : teamapelix@gmail.com En vous joignant \u00e0 une conversation de groupe ouverte sur Kakao, vous pouvez \u00e9changer avec les autres parents d\u2019\u00e9l\u00e8ves, notamment avec les repr\u00e9sentants des parents d\u2019\u00e9l\u00e8ves si\u00e9geant dans les diff\u00e9rentes instances du LIX. kakao Lix Open Chat : https:\/\/open.kakao.com\/o\/g57CVbQh 4 Votre bureau APELIX Michael ZENATTI&nbsp;&nbsp;&nbsp;\/&nbsp;&nbsp;&nbsp;APELIX Pr\u00e9sident Danielle ACCAME&nbsp;&nbsp;&nbsp;\/&nbsp;&nbsp;&nbsp;APELIX Vice-pr\u00e9sident Stanislas LE M\u00c9ZO&nbsp;&nbsp;&nbsp;\/&nbsp;&nbsp;&nbsp;APELIX Secr\u00e9taire Anna DECAUX&nbsp;&nbsp;&nbsp;\/&nbsp;&nbsp;&nbsp;APELIX Tr\u00e9sorier C\u00e9line BERTHAUD-REBOUILLAT&nbsp;&nbsp;&nbsp;\/&nbsp;&nbsp;&nbsp;APELIX Coordinatrice activit\u00e9s<\/p>\n","protected":false},"author":1,"featured_media":0,"parent":0,"menu_order":0,"comment_status":"closed","ping_status":"closed","template":"","meta":[],"_links":{"self":[{"href":"http:\/\/xavier.sc.kr\/wp\/francais\/index.php?rest_route=\/wp\/v2\/pages\/9022"}],"collection":[{"href":"http:\/\/xavier.sc.kr\/wp\/francais\/index.php?rest_route=\/wp\/v2\/pages"}],"about":[{"href":"http:\/\/xavier.sc.kr\/wp\/francais\/index.php?rest_route=\/wp\/v2\/types\/page"}],"author":[{"embeddable":true,"href":"http:\/\/xavier.sc.kr\/wp\/francais\/index.php?rest_route=\/wp\/v2\/users\/1"}],"replies":[{"embeddable":true,"href":"http:\/\/xavier.sc.kr\/wp\/francais\/index.php?rest_route=%2Fwp%2Fv2%2Fcomments&post=9022"}],"version-history":[{"count":58,"href":"http:\/\/xavier.sc.kr\/wp\/francais\/index.php?rest_route=\/wp\/v2\/pages\/9022\/revisions"}],"predecessor-version":[{"id":10368,"href":"http:\/\/xavier.sc.kr\/wp\/francais\/index.php?rest_route=\/wp\/v2\/pages\/9022\/revisions\/10368"}],"wp:attachment":[{"href":"http:\/\/xavier.sc.kr\/wp\/francais\/index.php?rest_route=%2Fwp%2Fv2%2Fmedia&parent=9022"}],"curies":[{"name":"wp","href":"https:\/\/api.w.org\/{rel}","templated":true}]}}