{"id":8726,"date":"2022-05-12T10:47:28","date_gmt":"2022-05-12T01:47:28","guid":{"rendered":"https:\/\/xavier.vizensoft.com\/wp\/francais\/?page_id=8726"},"modified":"2022-07-05T10:36:57","modified_gmt":"2022-07-05T01:36:57","slug":"presentation_mot-du-directeur%ef%bf%bc%ef%bf%bc","status":"publish","type":"page","link":"http:\/\/xavier.sc.kr\/wp\/francais\/?page_id=8726","title":{"rendered":"Pr\u00e9sentation_Mot du Directeur\ufffc\ufffc"},"content":{"rendered":"\t\t<div data-elementor-type=\"wp-page\" data-elementor-id=\"8726\" class=\"elementor elementor-8726\" data-elementor-settings=\"[]\">\n\t\t\t\t\t\t\t<div class=\"elementor-section-wrap\">\n\t\t\t\t\t\t\t<div class=\"elementor-section elementor-top-section elementor-element elementor-element-53b2389 elementor-section-full_width elementor-section-stretched sub_visual elementor-section-height-default elementor-section-height-default\" data-id=\"53b2389\" data-element_type=\"section\" data-settings=\"{&quot;stretch_section&quot;:&quot;section-stretched&quot;,&quot;background_background&quot;:&quot;classic&quot;}\">\n\t\t\t\t\t\t<div class=\"elementor-container elementor-column-gap-default\">\n\t\t\t\t\t<div class=\"elementor-column elementor-col-100 elementor-top-column elementor-element elementor-element-94b01d6\" data-id=\"94b01d6\" data-element_type=\"column\">\n\t\t\t<div class=\"elementor-widget-wrap elementor-element-populated\">\n\t\t\t\t\t\t\t\t<div class=\"elementor-element elementor-element-c6503a0 elementor-widget elementor-widget-heading\" data-id=\"c6503a0\" data-element_type=\"widget\" data-widget_type=\"heading.default\">\n\t\t\t\t<div class=\"elementor-widget-container\">\n\t\t\t<style>\/*! elementor - v3.5.5 - 03-02-2022 *\/\n.elementor-heading-title{padding:0;margin:0;line-height:1}.elementor-widget-heading .elementor-heading-title[class*=elementor-size-]>a{color:inherit;font-size:inherit;line-height:inherit}.elementor-widget-heading .elementor-heading-title.elementor-size-small{font-size:15px}.elementor-widget-heading .elementor-heading-title.elementor-size-medium{font-size:19px}.elementor-widget-heading .elementor-heading-title.elementor-size-large{font-size:29px}.elementor-widget-heading .elementor-heading-title.elementor-size-xl{font-size:39px}.elementor-widget-heading .elementor-heading-title.elementor-size-xxl{font-size:59px}<\/style><h2 class=\"elementor-heading-title elementor-size-default\">\u00c9TABLISSEMENT<\/h2>\t\t<\/div>\n\t\t\t\t<\/div>\n\t\t\t\t<div class=\"elementor-element elementor-element-df92091 elementor-widget elementor-widget-html\" data-id=\"df92091\" data-element_type=\"widget\" data-widget_type=\"html.default\">\n\t\t\t\t<div class=\"elementor-widget-container\">\n\t\t\t<div class=\"sub_path\">\n    <a class=\"home\" href=\"\/wp\/francais\/\">\n        <img src=\"\/image\/sub_visual_home_btn.png\"\/>\n    <\/a>\n    <div class=\"depth01\">\n        <p>\u00c9TABLISSEMENT<\/p>\n    <\/div>\n    <div class=\"depth02\">\n        <p>Pr\u00e9sentation<\/p>\n    <\/div>\n<\/div>\t\t<\/div>\n\t\t\t\t<\/div>\n\t\t\t\t\t<\/div>\n\t\t<\/div>\n\t\t\t\t\t\t\t<\/div>\n\t\t<\/div>\n\t\t\t\t<div class=\"elementor-section elementor-top-section elementor-element elementor-element-7af80bf tab_contents elementor-section-boxed elementor-section-height-default elementor-section-height-default\" data-id=\"7af80bf\" data-element_type=\"section\">\n\t\t\t\t\t\t<div class=\"elementor-container elementor-column-gap-default\">\n\t\t\t\t\t<div class=\"elementor-column elementor-col-100 elementor-top-column elementor-element elementor-element-08570ab\" data-id=\"08570ab\" data-element_type=\"column\">\n\t\t\t<div class=\"elementor-widget-wrap elementor-element-populated\">\n\t\t\t\t\t\t\t\t<div class=\"elementor-element elementor-element-2e814cb elementor-widget elementor-widget-html\" data-id=\"2e814cb\" data-element_type=\"widget\" data-widget_type=\"html.default\">\n\t\t\t\t<div class=\"elementor-widget-container\">\n\t\t\t<div class=\"sub_tab grid3\">\r\n    <ul>\r\n        <li><a href=\"\/wp\/francais\/?page_id=8505\"><span>LIX<\/span><\/a><\/li>\r\n        <li class=\"on\"><a href=\"\/wp\/francais\/?page_id=8726\"><span>Mot du Directeur<\/span><\/a><\/li>\r\n        <li><a href=\"\/wp\/francais\/?page_id=8725\"><span>Historique<\/span><\/a><\/li>\r\n    <\/ul>\r\n<\/div>\t\t<\/div>\n\t\t\t\t<\/div>\n\t\t\t\t<div class=\"elementor-section elementor-inner-section elementor-element elementor-element-74b742a sub_contents elementor-section-boxed elementor-section-height-default elementor-section-height-default\" data-id=\"74b742a\" data-element_type=\"section\">\n\t\t\t\t\t\t<div class=\"elementor-container elementor-column-gap-default\">\n\t\t\t\t\t<div class=\"elementor-column elementor-col-100 elementor-inner-column elementor-element elementor-element-1ee16e8\" data-id=\"1ee16e8\" data-element_type=\"column\">\n\t\t\t<div class=\"elementor-widget-wrap elementor-element-populated\">\n\t\t\t\t\t\t\t\t<div class=\"elementor-element elementor-element-12f62ef elementor-widget elementor-widget-html\" data-id=\"12f62ef\" data-element_type=\"widget\" data-widget_type=\"html.default\">\n\t\t\t\t<div class=\"elementor-widget-container\">\n\t\t\t<div class=\"tab_content intro_tab02\">\r\n    <div class=\"sub_tit\">\r\n        <h3>Mot du Directeur<\/h3>\r\n    <\/div>\r\n    <div class=\"greeting_layout01 type02\">\r\n    \t<div class=\"top\">\r\n    \t   <div class=\"txt_box\">\r\n    \t   \t\t<h5>Grandir en humanit\u00e9<\/h5>\r\n    \t\t\t<p>\r\n\t\t\t\t\tLe Lyc\u00e9e International Xavier (LIX) a ouvert ses portes en 2002 dans le but de former des jeunes \u00e0 l\u2019esprit et au c\u0153ur larges, aptes \u00e0 r\u00e9pondre aux besoins d\u2019un monde multiculturel.\r\n    \t\t\t<\/p>\r\n    \t\t<\/div>\r\n    \t\t<div class=\"img_box\">\r\n    \t\t\t<div class=\"name_box\">\r\n    \t\t\t\t<i><\/i>\r\n    \t\t\t\t<p>J\u00e9r\u00f4me Pinot<\/p>\r\n    \t\t\t\t<span>Directeur<\/span>\r\n    \t\t\t<\/div>\r\n    \t\t\t<div class=\"img\">\r\n    \t\t\t\t<img src=\"\/image\/intro_tab02_img01.png\" \/>\r\n    \t\t\t<\/div>\r\n    \t\t<\/div> \r\n    \t<\/div>\r\n    \t<div class=\"bottom\">\r\n    \t\t<p>\r\n    \t\t\tSitu\u00e9 dans le cadre exceptionnel du parc national du Bukhansan, \u00e0 15 minutes du centre de S\u00e9oul, les \u00e9l\u00e8ves b\u00e9n\u00e9ficient d\u2019un environnement calme et agr\u00e9able, dans des locaux spacieux et harmonieux, propices \u00e0 l\u2019\u00e9tude et au bien vivre.\r\n    \t\t<\/p>\r\n    \t\t<p>\r\n    \t\t\tNous accueillons des \u00e9l\u00e8ves de tous horizons, pour suivre un cursus scolaire fran\u00e7ais, menant aux examens nationaux du brevet et du baccalaur\u00e9at, avec la perspective d\u2019\u00e9tudes sup\u00e9rieures en France, en Cor\u00e9e ou \u00e0 l\u2019\u00e9tranger.\r\n    \t\t<\/p>\r\n    \t\t<p>\r\n    \t\t\tNotre \u00e9tablissement, fond\u00e9 par la communaut\u00e9 Saint-Fran\u00e7ois-Xavier, fait partie du r\u00e9seau Dani\u00e9lou qui s\u2019appuie sur une tradition \u00e9ducative plus que centenaire. Affili\u00e9 \u00e0 la Mission La\u00efque Fran\u00e7aise (MLF) et membre de l\u2019Agence pour l\u2019Enseignement Fran\u00e7ais \u00e0 l\u2019\u00c9tranger (AEFE) depuis 2012, le LIX a \u00e9galement des partenariats avec d\u2019autres \u00e9tablissements scolaires en France, en Cor\u00e9e et \u00e0 l\u2019\u00e9tranger.\r\n    \t\t<\/p>\r\n    \t\t<p>\r\n    \t\t\tAvec de petits effectifs, un suivi individualis\u00e9 de nos \u00e9l\u00e8ves par toute l\u2019\u00e9quipe \u00e9ducative et la pr\u00e9sence permanente de la communaut\u00e9, le LIX est plus qu\u2019une \u00e9cole, c\u2019est un lieu de vie, de travail, de d\u00e9tente et d\u2019accomplissement, toujours ouvert sur l\u2019ext\u00e9rieur : \u00ab Pour \u00e9duquer un enfant il faut un village \u00bb, dit l\u2019adage africain.\r\n    \t\t<\/p>\r\n    \t\t<p>\r\n    \t\t\tNos exigences sont \u00e9lev\u00e9es, mais nous accompagnons nos \u00e9l\u00e8ves dans leur parcours. Nous suivons les programmes officiels fran\u00e7ais, et n\u2019h\u00e9sitons pas \u00e0 aller au-del\u00e0 quand cela est b\u00e9n\u00e9fique. Associant l\u2019\u00e9ducation \u00e0 l\u2019enseignement, nous nous effor\u00e7ons de d\u00e9couvrir en chaque \u00e9l\u00e8ve \u00ab son propre \u00e9lan cr\u00e9ateur \u00bb, afin de former des jeunes :\r\n    \t\t<\/p>\r\n    \t\t<p>\r\n    \t\t\t<span>d\u00e9veloppant une pens\u00e9e personnelle, et capables, en toutes les circonstances, d\u2019agir avec le sens des responsabilit\u00e9s et pour le bien commun.<\/span> <br\/>\r\n    \t\t\t<span>par leur connaissance approfondie des langues et des cultures, ouverts \u00e0 l\u2019autre et d\u00e9sireuse de se mettre au service de la coop\u00e9ration entre les peuples<\/span>\r\n    \t\t<\/p>\r\n    \t\t<p>\r\n    \t\t\tNous esp\u00e9rons par cette formation, que vos enfants deviendront \u00e0 leur tour des personnes aidant les autres \u00e0 grandir en humanit\u00e9.\r\n    \t\t<\/p>\r\n    \t<\/div>\r\n    <\/div>\r\n<\/div>\t\t<\/div>\n\t\t\t\t<\/div>\n\t\t\t\t\t<\/div>\n\t\t<\/div>\n\t\t\t\t\t\t\t<\/div>\n\t\t<\/div>\n\t\t\t\t\t<\/div>\n\t\t<\/div>\n\t\t\t\t\t\t\t<\/div>\n\t\t<\/div>\n\t\t\t\t\t\t<\/div>\n\t\t\t\t\t<\/div>\n\t\t","protected":false},"excerpt":{"rendered":"<p>\u00c9TABLISSEMENT \u00c9TABLISSEMENT Pr\u00e9sentation LIX Mot du Directeur Historique Mot du Directeur Grandir en humanit\u00e9 Le Lyc\u00e9e International Xavier (LIX) a ouvert ses portes en 2002 dans le but de former des jeunes \u00e0 l\u2019esprit et au c\u0153ur larges, aptes \u00e0 r\u00e9pondre aux besoins d\u2019un monde multiculturel. J\u00e9r\u00f4me Pinot Directeur Situ\u00e9 dans le cadre exceptionnel du parc national du Bukhansan, \u00e0 15 minutes du centre de S\u00e9oul, les \u00e9l\u00e8ves b\u00e9n\u00e9ficient d\u2019un environnement calme et agr\u00e9able, dans des locaux spacieux et harmonieux, propices \u00e0 l\u2019\u00e9tude et au bien vivre. Nous accueillons des \u00e9l\u00e8ves de tous horizons, pour suivre un cursus scolaire fran\u00e7ais, menant aux examens nationaux du brevet et du baccalaur\u00e9at, avec la perspective d\u2019\u00e9tudes sup\u00e9rieures en France, en Cor\u00e9e ou \u00e0 l\u2019\u00e9tranger. Notre \u00e9tablissement, fond\u00e9 par la communaut\u00e9 Saint-Fran\u00e7ois-Xavier, fait partie du r\u00e9seau Dani\u00e9lou qui s\u2019appuie sur une tradition \u00e9ducative plus que centenaire. Affili\u00e9 \u00e0 la Mission La\u00efque Fran\u00e7aise (MLF) et membre de l\u2019Agence pour l\u2019Enseignement Fran\u00e7ais \u00e0 l\u2019\u00c9tranger (AEFE) depuis 2012, le LIX a \u00e9galement des partenariats avec d\u2019autres \u00e9tablissements scolaires en France, en Cor\u00e9e et \u00e0 l\u2019\u00e9tranger. Avec de petits effectifs, un suivi individualis\u00e9 de nos \u00e9l\u00e8ves par toute l\u2019\u00e9quipe \u00e9ducative et la pr\u00e9sence permanente de la communaut\u00e9, le LIX est plus qu\u2019une \u00e9cole, c\u2019est un lieu de vie, de travail, de d\u00e9tente et d\u2019accomplissement, toujours ouvert sur l\u2019ext\u00e9rieur : \u00ab Pour \u00e9duquer un enfant il faut un village \u00bb, dit l\u2019adage africain. Nos exigences sont \u00e9lev\u00e9es, mais nous accompagnons nos \u00e9l\u00e8ves dans leur parcours. Nous suivons les programmes officiels fran\u00e7ais, et n\u2019h\u00e9sitons pas \u00e0 aller au-del\u00e0 quand cela est b\u00e9n\u00e9fique. Associant l\u2019\u00e9ducation \u00e0 l\u2019enseignement, nous nous effor\u00e7ons de d\u00e9couvrir en chaque \u00e9l\u00e8ve \u00ab son propre \u00e9lan cr\u00e9ateur \u00bb, afin de former des jeunes : d\u00e9veloppant une pens\u00e9e personnelle, et capables, en toutes les circonstances, d\u2019agir avec le sens des responsabilit\u00e9s et pour le bien commun. par leur connaissance approfondie des langues et des cultures, ouverts \u00e0 l\u2019autre et d\u00e9sireuse de se mettre au service de la coop\u00e9ration entre les peuples Nous esp\u00e9rons par cette formation, que vos enfants deviendront \u00e0 leur tour des personnes aidant les autres \u00e0 grandir en humanit\u00e9.<\/p>\n","protected":false},"author":1,"featured_media":0,"parent":0,"menu_order":0,"comment_status":"closed","ping_status":"closed","template":"","meta":[],"_links":{"self":[{"href":"http:\/\/xavier.sc.kr\/wp\/francais\/index.php?rest_route=\/wp\/v2\/pages\/8726"}],"collection":[{"href":"http:\/\/xavier.sc.kr\/wp\/francais\/index.php?rest_route=\/wp\/v2\/pages"}],"about":[{"href":"http:\/\/xavier.sc.kr\/wp\/francais\/index.php?rest_route=\/wp\/v2\/types\/page"}],"author":[{"embeddable":true,"href":"http:\/\/xavier.sc.kr\/wp\/francais\/index.php?rest_route=\/wp\/v2\/users\/1"}],"replies":[{"embeddable":true,"href":"http:\/\/xavier.sc.kr\/wp\/francais\/index.php?rest_route=%2Fwp%2Fv2%2Fcomments&post=8726"}],"version-history":[{"count":25,"href":"http:\/\/xavier.sc.kr\/wp\/francais\/index.php?rest_route=\/wp\/v2\/pages\/8726\/revisions"}],"predecessor-version":[{"id":9189,"href":"http:\/\/xavier.sc.kr\/wp\/francais\/index.php?rest_route=\/wp\/v2\/pages\/8726\/revisions\/9189"}],"wp:attachment":[{"href":"http:\/\/xavier.sc.kr\/wp\/francais\/index.php?rest_route=%2Fwp%2Fv2%2Fmedia&parent=8726"}],"curies":[{"name":"wp","href":"https:\/\/api.w.org\/{rel}","templated":true}]}}