{"id":8291,"date":"2021-03-18T10:15:03","date_gmt":"2021-03-18T01:15:03","guid":{"rendered":"http:\/\/xavier.sc.kr\/wp\/francais\/?page_id=8291"},"modified":"2021-03-30T08:41:25","modified_gmt":"2021-03-29T23:41:25","slug":"association-de-parents-deleves-apelix","status":"publish","type":"page","link":"http:\/\/xavier.sc.kr\/wp\/francais\/?page_id=8291","title":{"rendered":"Association de parents d\u2019\u00e9l\u00e8ves (APELIX)"},"content":{"rendered":"<h2 style=\"text-align: center;\"><strong>&lt; APELIX \/ Votre association de parents d\u2019\u00e9l\u00e8ves &gt;<\/strong><\/h2>\n<p>&nbsp;<\/p>\n<h5>Pr\u00e9sentation de l\u2019association<\/h5>\n<h4><strong>Qu\u2019est-ce que l\u2019APELIX\u00a0?<\/strong><\/h4>\n<ul class=\"list01\">\n<li>Nous sommes une tr\u00e8s jeune association \u00e0 but non lucratif (loi 1901) cr\u00e9\u00e9e \u00e0 la rentr\u00e9e 2019\/20 et ouverte \u00e0 tous les parents ayant au moins un enfant scolaris\u00e9 au LIX. Notre but est de d\u00e9velopper une communaut\u00e9 de parents autour du LIX, de permettre \u00e0 chaque parent d\u2019\u00eatre inform\u00e9 et de se sentir v\u00e9ritablement acteur de la vie de l\u2019\u00e9cole.<br \/>\nCette association est constitu\u00e9e de parents d\u2019\u00e9l\u00e8ves b\u00e9n\u00e9voles qui donnent de leur temps et de leur \u00e9nergie pour participer et soutenir les diff\u00e9rents aspects de la vie du LIX et de ses instances repr\u00e9sentatives.<br \/>\n<u>Quelques exemples d\u2019action initi\u00e9es par l\u2019APELIX :<\/u> cr\u00e9ation et participation \u00e0 la commission cantine et au comit\u00e9 contre la violence, initiation de la r\u00e9union d\u2019information de rentr\u00e9e du LIX, tenue de r\u00e9unions de pr\u00e9paration trimestriels aux conseils d\u2019\u00e9cole et d\u2019\u00e9tablissement, aide \u00e0 la compr\u00e9hension des instances et m\u00e9canismes en places, contacts r\u00e9guliers avec la direction du LIX, etc.<\/li>\n<\/ul>\n<h4><strong>Comment nous rejoindre\u00a0?<\/strong><\/h4>\n<ul class=\"list01\">\n<li>En d\u00e9but d\u2019ann\u00e9e scolaire, une Assembl\u00e9e G\u00e9n\u00e9rale de l\u2019Association (AGA) est tenue et un appel est fait pour les parents qui d\u00e9sirent s\u2019investir plus particuli\u00e8rement, devenir membre de l\u2019association ou participer aux diff\u00e9rentes activit\u00e9s (bureau de l\u2019association, repr\u00e9sentants des parents d\u2019\u00e9l\u00e8ves pour le conseil d\u2019\u00e9cole et d\u2019\u00e9tablissement, commission cantine, \u2026). Tous les parents qui le souhaitent peuvent adh\u00e9rer \u00e0 l\u2019association lors de l\u2019AGA ou en cours d\u2019ann\u00e9e scolaire. L\u2019adh\u00e9sion donne acc\u00e8s aux informations et mat\u00e9riels pr\u00e9par\u00e9s par l\u2019association et aide \u00e0 promouvoir les projets port\u00e9s par l\u2019APELIX et les parents d\u2019\u00e9l\u00e8ves.<br \/>\n<u>Cotisation annuelle :<\/u> * ann\u00e9e scolaire 2020\/21 (en cours) = KRW 5,000 par parent<br \/>\n<span style=\"padding-left: 119px;\">\u00a0<\/span>* ann\u00e9e scolaire 2021\/22 = KRW 10,000 par famille<\/li>\n<\/ul>\n<h4><strong>Qui peut participer ?<\/strong><\/h4>\n<ul class=\"list01\">\n<li>L\u2019AGA et les r\u00e9unions organis\u00e9es durant l\u2019ann\u00e9e sont ouvertes \u00e0 tous les adh\u00e9rents. Compte-tenu de la diversit\u00e9 de profils des familles, l\u2019APELIX reste \u00e0 votre \u00e9coute quelle que soit votre langue de pr\u00e9dilection.<br \/>\nPour la compr\u00e9hension, participation et repr\u00e9sentation du plus grand nombre, les r\u00e9unions se tiennent g\u00e9n\u00e9ralement en anglais d\u00e8s qu\u2019un membre non-francophone est pr\u00e9sent. Nous essayons autant que possible de partager les informations en plusieurs langues, selon les capacit\u00e9s de nos membres volontaires.<\/li>\n<\/ul>\n<h4><strong>Comment nous contacter ?<\/strong><\/h4>\n<ul>\n<li>Que vous soyez adh\u00e9rent ou non, que vous ayez une question ponctuelle ou que vous souhaitiez vous investir plus particuli\u00e8rement sur certains aspects de la vie du LIX, l\u2019APELIX est \u00e0 votre \u00e9coute !<br \/>\nVous pouvez nous contacter directement par email, et nous rejoindre sur notre Kakao Group ouvert pour discuter et \u00e9changer librement. Vous pouvez y poser vos questions directement \u00e0 vos repr\u00e9sentants des parents \u00e9lus dans les instances repr\u00e9sentatives du LIX.<\/li>\n<\/ul>\n<div class=\"body-outer-wrapper\" style=\"margin-top: 10px;\">\n<p><u>Votre bureau APELIX pour l\u2019ann\u00e9e scolaire 2020\/2021\u00a0:<\/u><\/p>\n<ul>\n<li>Renaud BECHADE \/ APELIX Pr\u00e9sident<\/li>\n<li>R\u00e9mi DARMANDIEU \/ APELIX Vice-Pr\u00e9sident<\/li>\n<li>Romain TENOT \/ APELIX Secr\u00e9taire ex\u00e9cutif<\/li>\n<li>Anna DECAUX \/ APELIX Tr\u00e9sori\u00e8re ex\u00e9cutive<\/li>\n<li>Christophe MARRAST \/ APELIX \/ Charg\u00e9 de mission cantine<\/li>\n<li><strong>Email APELIX<\/strong> = <a href=\"mailto:apelix@googlegroups.com\"><strong>apelix@googlegroups.com<\/strong><\/a><\/li>\n<li><strong>Lien KakaoGroup ouvert<\/strong> (via mobile) = <a href=\"https:\/\/open.kakao.com\/o\/gLMM4nQc\"><strong>https:\/\/open.kakao.com\/o\/gLMM4nQc<\/strong><\/a><\/li>\n<li><strong>Site internet<\/strong> = (en cours)<\/li>\n<\/ul>\n<\/div>\n","protected":false},"excerpt":{"rendered":"<p>&lt; APELIX \/ Votre association de parents d\u2019\u00e9l\u00e8ves &gt; &nbsp; Pr\u00e9sentation de l\u2019association Qu\u2019est-ce que l\u2019APELIX\u00a0? Nous sommes une tr\u00e8s jeune association \u00e0 but non lucratif (loi 1901) cr\u00e9\u00e9e \u00e0 la rentr\u00e9e 2019\/20 et ouverte \u00e0 tous les parents ayant au moins un enfant scolaris\u00e9 au LIX. Notre but est de d\u00e9velopper une communaut\u00e9 de parents autour du LIX, de permettre \u00e0 chaque parent d\u2019\u00eatre inform\u00e9 et de se sentir v\u00e9ritablement acteur de la vie de l\u2019\u00e9cole. Cette association est constitu\u00e9e de parents d\u2019\u00e9l\u00e8ves b\u00e9n\u00e9voles qui donnent de leur temps et de leur \u00e9nergie pour participer et soutenir les diff\u00e9rents aspects de la vie du LIX et de ses instances repr\u00e9sentatives. Quelques exemples d\u2019action initi\u00e9es par l\u2019APELIX : cr\u00e9ation et participation \u00e0 la commission cantine et au comit\u00e9 contre la violence, initiation de la r\u00e9union d\u2019information de rentr\u00e9e du LIX, tenue de r\u00e9unions de pr\u00e9paration trimestriels aux conseils d\u2019\u00e9cole et d\u2019\u00e9tablissement, aide \u00e0 la compr\u00e9hension des instances et m\u00e9canismes en places, contacts r\u00e9guliers avec la direction du LIX, etc. Comment nous rejoindre\u00a0? En d\u00e9but d\u2019ann\u00e9e scolaire, une Assembl\u00e9e G\u00e9n\u00e9rale de l\u2019Association (AGA) est tenue et un appel est fait pour les parents qui d\u00e9sirent s\u2019investir plus particuli\u00e8rement, devenir membre de l\u2019association ou participer aux diff\u00e9rentes activit\u00e9s (bureau de l\u2019association, repr\u00e9sentants des parents d\u2019\u00e9l\u00e8ves pour le conseil d\u2019\u00e9cole et d\u2019\u00e9tablissement, commission cantine, \u2026). Tous les parents qui le souhaitent peuvent adh\u00e9rer \u00e0 l\u2019association lors de l\u2019AGA ou en cours d\u2019ann\u00e9e scolaire. L\u2019adh\u00e9sion donne acc\u00e8s aux informations et mat\u00e9riels pr\u00e9par\u00e9s par l\u2019association et aide \u00e0 promouvoir les projets port\u00e9s par l\u2019APELIX et les parents d\u2019\u00e9l\u00e8ves. Cotisation annuelle : * ann\u00e9e scolaire 2020\/21 (en cours) = KRW 5,000 par parent \u00a0* ann\u00e9e scolaire 2021\/22 = KRW 10,000 par famille Qui peut participer ? L\u2019AGA et les r\u00e9unions organis\u00e9es durant l\u2019ann\u00e9e sont ouvertes \u00e0 tous les adh\u00e9rents. Compte-tenu de la diversit\u00e9 de profils des familles, l\u2019APELIX reste \u00e0 votre \u00e9coute quelle que soit votre langue de pr\u00e9dilection. Pour la compr\u00e9hension, participation et repr\u00e9sentation du plus grand nombre, les r\u00e9unions se tiennent g\u00e9n\u00e9ralement en anglais d\u00e8s qu\u2019un membre non-francophone est pr\u00e9sent. Nous essayons autant que possible de partager les informations en plusieurs langues, selon les capacit\u00e9s de nos membres volontaires. Comment nous contacter ? Que vous soyez adh\u00e9rent ou non, que vous ayez une question ponctuelle ou que vous souhaitiez vous investir plus particuli\u00e8rement sur certains aspects de la vie du LIX, l\u2019APELIX est \u00e0 votre \u00e9coute ! Vous pouvez nous contacter directement par email, et nous rejoindre sur notre Kakao Group ouvert pour discuter et \u00e9changer librement. Vous pouvez y poser vos questions directement \u00e0 vos repr\u00e9sentants des parents \u00e9lus dans les instances repr\u00e9sentatives du LIX. Votre bureau APELIX pour l\u2019ann\u00e9e scolaire 2020\/2021\u00a0: Renaud BECHADE \/ APELIX Pr\u00e9sident R\u00e9mi DARMANDIEU \/ APELIX Vice-Pr\u00e9sident Romain TENOT \/ APELIX Secr\u00e9taire ex\u00e9cutif Anna DECAUX \/ APELIX Tr\u00e9sori\u00e8re ex\u00e9cutive Christophe MARRAST \/ APELIX \/ Charg\u00e9 de mission cantine Email APELIX = apelix@googlegroups.com Lien KakaoGroup ouvert (via mobile) = https:\/\/open.kakao.com\/o\/gLMM4nQc Site internet = (en cours)<\/p>\n","protected":false},"author":1,"featured_media":0,"parent":4522,"menu_order":5,"comment_status":"closed","ping_status":"closed","template":"","meta":[],"_links":{"self":[{"href":"http:\/\/xavier.sc.kr\/wp\/francais\/index.php?rest_route=\/wp\/v2\/pages\/8291"}],"collection":[{"href":"http:\/\/xavier.sc.kr\/wp\/francais\/index.php?rest_route=\/wp\/v2\/pages"}],"about":[{"href":"http:\/\/xavier.sc.kr\/wp\/francais\/index.php?rest_route=\/wp\/v2\/types\/page"}],"author":[{"embeddable":true,"href":"http:\/\/xavier.sc.kr\/wp\/francais\/index.php?rest_route=\/wp\/v2\/users\/1"}],"replies":[{"embeddable":true,"href":"http:\/\/xavier.sc.kr\/wp\/francais\/index.php?rest_route=%2Fwp%2Fv2%2Fcomments&post=8291"}],"version-history":[{"count":13,"href":"http:\/\/xavier.sc.kr\/wp\/francais\/index.php?rest_route=\/wp\/v2\/pages\/8291\/revisions"}],"predecessor-version":[{"id":8317,"href":"http:\/\/xavier.sc.kr\/wp\/francais\/index.php?rest_route=\/wp\/v2\/pages\/8291\/revisions\/8317"}],"up":[{"embeddable":true,"href":"http:\/\/xavier.sc.kr\/wp\/francais\/index.php?rest_route=\/wp\/v2\/pages\/4522"}],"wp:attachment":[{"href":"http:\/\/xavier.sc.kr\/wp\/francais\/index.php?rest_route=%2Fwp%2Fv2%2Fmedia&parent=8291"}],"curies":[{"name":"wp","href":"https:\/\/api.w.org\/{rel}","templated":true}]}}