{"id":6319,"date":"2015-03-17T13:02:47","date_gmt":"2015-03-17T04:02:47","guid":{"rendered":"http:\/\/xavier.sc.kr\/wp\/francais\/?page_id=6319"},"modified":"2018-10-30T14:22:34","modified_gmt":"2018-10-30T05:22:34","slug":"information-sur-la-pollution","status":"publish","type":"page","link":"http:\/\/xavier.sc.kr\/wp\/francais\/?page_id=6319","title":{"rendered":"Information sur la pollution"},"content":{"rendered":"<h2><strong>Pollution de l&rsquo;air<\/strong><\/h2>\n<div class=\"message-box-content\"><script type=\"text\/javascript\" src=\"http:\/\/aqicn.org\/?city=korea\/seoul\/eunpyeong-gu&amp;widgetscript&amp;size=small&amp;id=5507914822a4f6.97904276\"><\/script><noscript>Get the <a href='http:\/\/aqicn.org\/'><b>Seoul<\/b> Air Quality.<\/a> widget! Not seeing a widget? (<a href='http:\/\/aqicn.org\/'>More info<\/a>)<\/noscript><\/div>\n<p>Indice de qualit\u00e9 de l&rsquo;air IQA : les indices de la pollution et les codes de couleurs disponibles sur ce site Web utilisent le standard de l&rsquo;EPA :<\/p>\n<table>\n<thead>\n<tr>\n<td style=\"text-align: center;\">IQA<\/td>\n<td style=\"text-align: center;\">Niveau de pollution de l&rsquo;air<\/td>\n<td>Impact sur la sant\u00e9<\/td>\n<td>R\u00e9ponse \u00e9tablissement<\/td>\n<\/tr>\n<\/thead>\n<tbody>\n<tr style=\"background-color: #009966; color: white;\">\n<td style=\"text-align: center;\" nowrap=\"nowrap\">0 &#8211; 49<\/td>\n<td style=\"text-align: center;\">Bon<\/td>\n<td>La qualit\u00e9 de l&rsquo;air est jug\u00e9e satisfaisante, et la pollution de l&rsquo;air pose peu ou pas de risque.<\/td>\n<td>Activit\u00e9s normales.<\/td>\n<\/tr>\n<tr style=\"background-color: #ffde33;\">\n<td style=\"text-align: center;\" nowrap=\"nowrap\">50 &#8211; 99<\/td>\n<td style=\"text-align: center;\">Mod\u00e9r\u00e9<\/td>\n<td>La qualit\u00e9 de l&rsquo;air est acceptable ; cependant, pour certains polluants, il peut y avoir un risque mod\u00e9r\u00e9 pour la sant\u00e9 d&rsquo;un tr\u00e8s petit nombre de personnes particuli\u00e8rement sensibles \u00e0 la pollution atmosph\u00e9rique.<\/td>\n<td>Activit\u00e9s normales.<\/td>\n<\/tr>\n<tr style=\"background-color: #ff9933; color: white;\">\n<td style=\"text-align: center;\" nowrap=\"nowrap\">100 &#8211; 129<\/td>\n<td style=\"text-align: center;\">Mauvais pour les groupes sensibles<\/td>\n<td>La qualit\u00e9 de l&rsquo;air est acceptable ; cependant, pour certains polluants, il peut y avoir un probl\u00e8me de sant\u00e9 mod\u00e9r\u00e9 pour un tr\u00e8s petit nombre de personnes qui sont particuli\u00e8rement sensibles \u00e0 la pollution de l&rsquo;air.<\/td>\n<td>Limitation des activit\u00e9s physiques pour les \u00e9l\u00e8ves ayant une pathologie respiratoire. Maternelle : autant que possible, \u00e9l\u00e8ves confin\u00e9s \u00e0 l&rsquo;int\u00e9rieur, activit\u00e9s ext\u00e9rieures annul\u00e9es.<\/td>\n<\/tr>\n<tr style=\"background-color: #cc0033; color: white;\">\n<td style=\"text-align: center;\" nowrap=\"nowrap\">130 &#8211; 199<\/td>\n<td style=\"text-align: center;\">Mauvais<\/td>\n<td>Tout le monde peut commencer \u00e0 ressentir des effets sur la sant\u00e9 ; les membres des groupes sensibles peuvent ressentir des effets de sant\u00e9 plus graves.<\/td>\n<td>Primaire et secondaire : autant que possible, \u00e9l\u00e8ves confin\u00e9s \u00e0 l&rsquo;int\u00e9rieur, activit\u00e9s ext\u00e9rieures annul\u00e9es.<\/td>\n<\/tr>\n<tr style=\"background-color: #660099; color: white;\">\n<td style=\"text-align: center;\" nowrap=\"nowrap\">200 &#8211; 299<\/td>\n<td style=\"text-align: center;\">Tr\u00e8s mauvais<\/td>\n<td>Avertissements sur la sant\u00e9. Toute la population est susceptible d&rsquo;\u00eatre affect\u00e9e.<\/td>\n<td>Autant que possible, tous les personnels confin\u00e9s \u00e0 l&rsquo;int\u00e9rieur, activit\u00e9s ext\u00e9rieures annul\u00e9es.<\/td>\n<\/tr>\n<tr style=\"background-color: #7e0023; color: white;\">\n<td style=\"text-align: center;\" nowrap=\"nowrap\">300+<\/td>\n<td style=\"text-align: center;\">Dangereux<\/td>\n<td>Alerte sur la sant\u00e9 : tout le monde peut ressentir des effets plus graves.<\/td>\n<td>\u00c9tablissement ferm\u00e9.<\/td>\n<\/tr>\n<\/tbody>\n<\/table>\n<p>&nbsp;<\/p>\n<h2><strong>Sable jaune<\/strong><\/h2>\n<p>Les informations concernant le sable jaune sont disponibles sur <a href=\"http:\/\/www.weather.go.kr\/weather\/asiandust\/graph.jsp?view=1&amp;area=1&amp;stnId=108\">le site du gouvernement cor\u00e9en<\/a>.<\/p>\n<table>\n<thead>\n<tr>\n<td style=\"text-align: center;\">Concentration de sable jaune (mg\/m\u00b3)<\/td>\n<td>R\u00e9ponse \u00e9tablissement<\/td>\n<\/tr>\n<\/thead>\n<tbody>\n<tr style=\"background-color: #009966; color: white;\">\n<td style=\"text-align: center;\" nowrap=\"nowrap\">0 &#8211; 299<\/td>\n<td>Activit\u00e9s normales.<\/td>\n<\/tr>\n<tr style=\"background-color: #ff9933; color: white;\">\n<td style=\"text-align: center;\" nowrap=\"nowrap\">300 &#8211; 399<\/td>\n<td>Primaire : autant que possible, \u00e9l\u00e8ves confin\u00e9s \u00e0 l&rsquo;int\u00e9rieur, activit\u00e9s ext\u00e9rieures annul\u00e9es.<\/td>\n<\/tr>\n<tr style=\"background-color: #cc0033; ; color: white;\">\n<td style=\"text-align: center;\" nowrap=\"nowrap\">400 &#8211; 799<\/td>\n<td>Autant que possible, tous les \u00e9l\u00e8ves confin\u00e9s \u00e0 l&rsquo;int\u00e9rieur, activit\u00e9s ext\u00e9rieures annul\u00e9es.<\/td>\n<\/tr>\n<tr style=\"background-color: #660099; color: white;\">\n<td style=\"text-align: center;\" nowrap=\"nowrap\">800+<\/td>\n<td>\u00c9tablissement ferm\u00e9.<\/td>\n<\/tr>\n<\/tbody>\n<\/table>\n","protected":false},"excerpt":{"rendered":"<p>Pollution de l&rsquo;air Get the Seoul Air Quality. widget! Not seeing a widget? (More info) Indice de qualit\u00e9 de l&rsquo;air IQA : les indices de la pollution et les codes de couleurs disponibles sur ce site Web utilisent le standard de l&rsquo;EPA : IQA Niveau de pollution de l&rsquo;air Impact sur la sant\u00e9 R\u00e9ponse \u00e9tablissement 0 &#8211; 49 Bon La qualit\u00e9 de l&rsquo;air est jug\u00e9e satisfaisante, et la pollution de l&rsquo;air pose peu ou pas de risque. Activit\u00e9s normales. 50 &#8211; 99 Mod\u00e9r\u00e9 La qualit\u00e9 de l&rsquo;air est acceptable ; cependant, pour certains polluants, il peut y avoir un risque mod\u00e9r\u00e9 pour la sant\u00e9 d&rsquo;un tr\u00e8s petit nombre de personnes particuli\u00e8rement sensibles \u00e0 la pollution atmosph\u00e9rique. Activit\u00e9s normales. 100 &#8211; 129 Mauvais pour les groupes sensibles La qualit\u00e9 de l&rsquo;air est acceptable ; cependant, pour certains polluants, il peut y avoir un probl\u00e8me de sant\u00e9 mod\u00e9r\u00e9 pour un tr\u00e8s petit nombre de personnes qui sont particuli\u00e8rement sensibles \u00e0 la pollution de l&rsquo;air. Limitation des activit\u00e9s physiques pour les \u00e9l\u00e8ves ayant une pathologie respiratoire. Maternelle : autant que possible, \u00e9l\u00e8ves confin\u00e9s \u00e0 l&rsquo;int\u00e9rieur, activit\u00e9s ext\u00e9rieures annul\u00e9es. 130 &#8211; 199 Mauvais Tout le monde peut commencer \u00e0 ressentir des effets sur la sant\u00e9 ; les membres des groupes sensibles peuvent ressentir des effets de sant\u00e9 plus graves. Primaire et secondaire : autant que possible, \u00e9l\u00e8ves confin\u00e9s \u00e0 l&rsquo;int\u00e9rieur, activit\u00e9s ext\u00e9rieures annul\u00e9es. 200 &#8211; 299 Tr\u00e8s mauvais Avertissements sur la sant\u00e9. Toute la population est susceptible d&rsquo;\u00eatre affect\u00e9e. Autant que possible, tous les personnels confin\u00e9s \u00e0 l&rsquo;int\u00e9rieur, activit\u00e9s ext\u00e9rieures annul\u00e9es. 300+ Dangereux Alerte sur la sant\u00e9 : tout le monde peut ressentir des effets plus graves. \u00c9tablissement ferm\u00e9. &nbsp; Sable jaune Les informations concernant le sable jaune sont disponibles sur le site du gouvernement cor\u00e9en. Concentration de sable jaune (mg\/m\u00b3) R\u00e9ponse \u00e9tablissement 0 &#8211; 299 Activit\u00e9s normales. 300 &#8211; 399 Primaire : autant que possible, \u00e9l\u00e8ves confin\u00e9s \u00e0 l&rsquo;int\u00e9rieur, activit\u00e9s ext\u00e9rieures annul\u00e9es. 400 &#8211; 799 Autant que possible, tous les \u00e9l\u00e8ves confin\u00e9s \u00e0 l&rsquo;int\u00e9rieur, activit\u00e9s ext\u00e9rieures annul\u00e9es. 800+ \u00c9tablissement ferm\u00e9.<\/p>\n","protected":false},"author":1,"featured_media":0,"parent":0,"menu_order":0,"comment_status":"closed","ping_status":"open","template":"","meta":[],"_links":{"self":[{"href":"http:\/\/xavier.sc.kr\/wp\/francais\/index.php?rest_route=\/wp\/v2\/pages\/6319"}],"collection":[{"href":"http:\/\/xavier.sc.kr\/wp\/francais\/index.php?rest_route=\/wp\/v2\/pages"}],"about":[{"href":"http:\/\/xavier.sc.kr\/wp\/francais\/index.php?rest_route=\/wp\/v2\/types\/page"}],"author":[{"embeddable":true,"href":"http:\/\/xavier.sc.kr\/wp\/francais\/index.php?rest_route=\/wp\/v2\/users\/1"}],"replies":[{"embeddable":true,"href":"http:\/\/xavier.sc.kr\/wp\/francais\/index.php?rest_route=%2Fwp%2Fv2%2Fcomments&post=6319"}],"version-history":[{"count":47,"href":"http:\/\/xavier.sc.kr\/wp\/francais\/index.php?rest_route=\/wp\/v2\/pages\/6319\/revisions"}],"predecessor-version":[{"id":7624,"href":"http:\/\/xavier.sc.kr\/wp\/francais\/index.php?rest_route=\/wp\/v2\/pages\/6319\/revisions\/7624"}],"wp:attachment":[{"href":"http:\/\/xavier.sc.kr\/wp\/francais\/index.php?rest_route=%2Fwp%2Fv2%2Fmedia&parent=6319"}],"curies":[{"name":"wp","href":"https:\/\/api.w.org\/{rel}","templated":true}]}}