{"id":3637,"date":"2013-10-01T04:38:56","date_gmt":"2013-10-01T04:38:56","guid":{"rendered":"http:\/\/xavier2013.cafe24.com\/wp\/?page_id=3637"},"modified":"2020-10-19T10:48:04","modified_gmt":"2020-10-19T01:48:04","slug":"premiere-baccalaureat","status":"publish","type":"page","link":"http:\/\/xavier.sc.kr\/wp\/francais\/?page_id=3637","title":{"rendered":"La classe de premi\u00e8re"},"content":{"rendered":"<h4>Classe de Premi\u00e8re<\/h4>\n<ul>\n<li>Avec la r\u00e9forme du bac 2021\u00a0:<\/li>\n<\/ul>\n<ol>\n<li>3 enseignements de sp\u00e9cialit\u00e9\u00a0choisis parmi\u00a0:<br \/>\n&#8211; Math\u00e9matiques<br \/>\n&#8211; Physique-chimie<br \/>\n&#8211; Sciences de la Vie et de la Terre (SVT)<br \/>\n&#8211; Sciences Economiques et Sociales (SES)<br \/>\n&#8211; Histoire G\u00e9ographie, G\u00e9opolitique et Sciences Politiques (HGGSP)<br \/>\n&#8211; Humanit\u00e9s, Litt\u00e9rature et Philosophie (HLP)<br \/>\n&#8211; Langues, Litt\u00e9ratures et Cultures Etrang\u00e8res (LLCE anglais)<br \/>\n&#8211; NSI (Num\u00e9rique et Sciences Informatiques), Arts plastiques <em>\u00e9ventuellement possibles \u00e0 partir de 2020 <\/em><\/li>\n<\/ol>\n<ol start=\"2\">\n<li>Bacs blancs au 2<sup>\u00e8me<\/sup> et 3<sup>\u00e8me<\/sup> trimestre<\/li>\n<li>Baccalaur\u00e9at en juin\u00a0:<br \/>\n&#8211; fran\u00e7ais (\u00e9crit et oral)<br \/>\n&#8211; sp\u00e9cialit\u00e9 (<em>celle qui ne sera pas\u00a0 gard\u00e9e en Terminale<\/em>)<\/li>\n<\/ol>\n<ol start=\"4\">\n<li>Entra\u00eenement \u00e0 l\u2019oral et au grand oral<\/li>\n<\/ol>\n<ul>\n<li>\u00c9tude dirig\u00e9e sur les m\u00e9thodes de travail<\/li>\n<li>FHS\u00a0: confiance en soi, confiance dans les autres, confiance en Dieu (<em>pour ceux qui sont croyants<\/em>)<\/li>\n<li>Orientation\u00a0: forum des m\u00e9tiers, informations sur les \u00e9tudes post-bac, tests de personnalit\u00e9, entretiens individuels r\u00e9guliers\u2026<\/li>\n<li>Pr\u00e9paration et participation au MUN\u00a0: Paris International Model of United Nations en mai 2019<\/li>\n<\/ul>\n","protected":false},"excerpt":{"rendered":"<p>Classe de Premi\u00e8re Avec la r\u00e9forme du bac 2021\u00a0: 3 enseignements de sp\u00e9cialit\u00e9\u00a0choisis parmi\u00a0: &#8211; Math\u00e9matiques &#8211; Physique-chimie &#8211; Sciences de la Vie et de la Terre (SVT) &#8211; Sciences Economiques et Sociales (SES) &#8211; Histoire G\u00e9ographie, G\u00e9opolitique et Sciences Politiques (HGGSP) &#8211; Humanit\u00e9s, Litt\u00e9rature et Philosophie (HLP) &#8211; Langues, Litt\u00e9ratures et Cultures Etrang\u00e8res (LLCE anglais) &#8211; NSI (Num\u00e9rique et Sciences Informatiques), Arts plastiques \u00e9ventuellement possibles \u00e0 partir de 2020 Bacs blancs au 2\u00e8me et 3\u00e8me trimestre Baccalaur\u00e9at en juin\u00a0: &#8211; fran\u00e7ais (\u00e9crit et oral) &#8211; sp\u00e9cialit\u00e9 (celle qui ne sera pas\u00a0 gard\u00e9e en Terminale) Entra\u00eenement \u00e0 l\u2019oral et au grand oral \u00c9tude dirig\u00e9e sur les m\u00e9thodes de travail FHS\u00a0: confiance en soi, confiance dans les autres, confiance en Dieu (pour ceux qui sont croyants) Orientation\u00a0: forum des m\u00e9tiers, informations sur les \u00e9tudes post-bac, tests de personnalit\u00e9, entretiens individuels r\u00e9guliers\u2026 Pr\u00e9paration et participation au MUN\u00a0: Paris International Model of United Nations en mai 2019<\/p>\n","protected":false},"author":3,"featured_media":0,"parent":3631,"menu_order":4,"comment_status":"closed","ping_status":"closed","template":"","meta":[],"_links":{"self":[{"href":"http:\/\/xavier.sc.kr\/wp\/francais\/index.php?rest_route=\/wp\/v2\/pages\/3637"}],"collection":[{"href":"http:\/\/xavier.sc.kr\/wp\/francais\/index.php?rest_route=\/wp\/v2\/pages"}],"about":[{"href":"http:\/\/xavier.sc.kr\/wp\/francais\/index.php?rest_route=\/wp\/v2\/types\/page"}],"author":[{"embeddable":true,"href":"http:\/\/xavier.sc.kr\/wp\/francais\/index.php?rest_route=\/wp\/v2\/users\/3"}],"replies":[{"embeddable":true,"href":"http:\/\/xavier.sc.kr\/wp\/francais\/index.php?rest_route=%2Fwp%2Fv2%2Fcomments&post=3637"}],"version-history":[{"count":11,"href":"http:\/\/xavier.sc.kr\/wp\/francais\/index.php?rest_route=\/wp\/v2\/pages\/3637\/revisions"}],"predecessor-version":[{"id":8211,"href":"http:\/\/xavier.sc.kr\/wp\/francais\/index.php?rest_route=\/wp\/v2\/pages\/3637\/revisions\/8211"}],"up":[{"embeddable":true,"href":"http:\/\/xavier.sc.kr\/wp\/francais\/index.php?rest_route=\/wp\/v2\/pages\/3631"}],"wp:attachment":[{"href":"http:\/\/xavier.sc.kr\/wp\/francais\/index.php?rest_route=%2Fwp%2Fv2%2Fmedia&parent=3637"}],"curies":[{"name":"wp","href":"https:\/\/api.w.org\/{rel}","templated":true}]}}