{"id":3635,"date":"2013-10-01T04:38:28","date_gmt":"2013-10-01T04:38:28","guid":{"rendered":"http:\/\/xavier2013.cafe24.com\/wp\/?page_id=3635"},"modified":"2020-01-08T11:29:48","modified_gmt":"2020-01-08T02:29:48","slug":"%ea%b5%90%ec%9c%a1-%eb%aa%a9%ed%91%9c","status":"publish","type":"page","link":"http:\/\/xavier.sc.kr\/wp\/francais\/?page_id=3635","title":{"rendered":"Le lyc\u00e9e et ses objectifs"},"content":{"rendered":"<h4><strong>Lyc\u00e9e<\/strong><\/h4>\n<p>Le lyc\u00e9e propose un large socle de culture commune, humaniste et scientifique et des sp\u00e9cialit\u00e9s choisies par l\u2019\u00e9l\u00e8ve.<br \/>\nDes enseignements facultatifs permettent \u00e0 l\u2019\u00e9l\u00e8ve de personnaliser son parcours. Tout au long du lyc\u00e9e, un temps d\u2019aide personnelle<br \/>\n\u00e0 l\u2019orientation permet de pr\u00e9parer le choix du parcours qui d\u00e9bouchera dans l\u2019enseignement sup\u00e9rieur.<br \/>\nLes \u00e9l\u00e8ves passent le baccalaur\u00e9at en fin de 1re et en fin de terminale.<\/p>\n<p style=\"text-align: left;\">\u00ab\u00a0<span style=\"color: #000000;\">Gardez un esprit ouvert.<br \/>\n<\/span><span style=\"color: #000000;\">Regardez avec sympathie pour les comprendre ceux qui ne sont pas de votre pays,<br \/>\n<\/span><span style=\"color: #000000;\">de votre famille, de votre milieu habituel ou de votre groupe.<br \/>\n<\/span><span style=\"color: #000000;\">Apprenez \u00e0 admirer. \u00bb<br \/>\n<\/span><\/p>\n<p style=\"text-align: left;\"><span style=\"color: #000000;\">\u00a0 \u00a0 \u00a0 \u00a0 \u00a0 \u00a0 \u00a0 \u00a0 \u00a0 \u00a0 \u00a0 \u00a0 \u00a0 \u00a0 \u00a0 \u00a0 \u00a0 \u00a0 \u00a0 \u00a0 \u00a0 \u00a0 \u00a0 \u00a0 \u00a0 \u00a0 \u00a0 \u00a0 \u00a0 \u00a0 \u00a0 \u00a0 \u00a0 \u00a0 \u00a0 \u00a0 \u00a0 \u00a0 \u00a0 \u00a0 \u00a0 \u00a0 \u00a0 \u00a0 \u00a0 \u00a0 \u00a0 \u00a0 \u00a0 \u00a0 \u00a0Madeleine Dani\u00e9lou\u00a0<\/span><span style=\"color: #000000;\">en 1936<\/span><\/p>\n<h5><\/h5>\n","protected":false},"excerpt":{"rendered":"<p>Lyc\u00e9e Le lyc\u00e9e propose un large socle de culture commune, humaniste et scientifique et des sp\u00e9cialit\u00e9s choisies par l\u2019\u00e9l\u00e8ve. Des enseignements facultatifs permettent \u00e0 l\u2019\u00e9l\u00e8ve de personnaliser son parcours. Tout au long du lyc\u00e9e, un temps d\u2019aide personnelle \u00e0 l\u2019orientation permet de pr\u00e9parer le choix du parcours qui d\u00e9bouchera dans l\u2019enseignement sup\u00e9rieur. Les \u00e9l\u00e8ves passent le baccalaur\u00e9at en fin de 1re et en fin de terminale. \u00ab\u00a0Gardez un esprit ouvert. Regardez avec sympathie pour les comprendre ceux qui ne sont pas de votre pays, de votre famille, de votre milieu habituel ou de votre groupe. Apprenez \u00e0 admirer. \u00bb \u00a0 \u00a0 \u00a0 \u00a0 \u00a0 \u00a0 \u00a0 \u00a0 \u00a0 \u00a0 \u00a0 \u00a0 \u00a0 \u00a0 \u00a0 \u00a0 \u00a0 \u00a0 \u00a0 \u00a0 \u00a0 \u00a0 \u00a0 \u00a0 \u00a0 \u00a0 \u00a0 \u00a0 \u00a0 \u00a0 \u00a0 \u00a0 \u00a0 \u00a0 \u00a0 \u00a0 \u00a0 \u00a0 \u00a0 \u00a0 \u00a0 \u00a0 \u00a0 \u00a0 \u00a0 \u00a0 \u00a0 \u00a0 \u00a0 \u00a0 \u00a0Madeleine Dani\u00e9lou\u00a0en 1936<\/p>\n","protected":false},"author":3,"featured_media":0,"parent":3631,"menu_order":1,"comment_status":"closed","ping_status":"closed","template":"","meta":[],"_links":{"self":[{"href":"http:\/\/xavier.sc.kr\/wp\/francais\/index.php?rest_route=\/wp\/v2\/pages\/3635"}],"collection":[{"href":"http:\/\/xavier.sc.kr\/wp\/francais\/index.php?rest_route=\/wp\/v2\/pages"}],"about":[{"href":"http:\/\/xavier.sc.kr\/wp\/francais\/index.php?rest_route=\/wp\/v2\/types\/page"}],"author":[{"embeddable":true,"href":"http:\/\/xavier.sc.kr\/wp\/francais\/index.php?rest_route=\/wp\/v2\/users\/3"}],"replies":[{"embeddable":true,"href":"http:\/\/xavier.sc.kr\/wp\/francais\/index.php?rest_route=%2Fwp%2Fv2%2Fcomments&post=3635"}],"version-history":[{"count":15,"href":"http:\/\/xavier.sc.kr\/wp\/francais\/index.php?rest_route=\/wp\/v2\/pages\/3635\/revisions"}],"predecessor-version":[{"id":8003,"href":"http:\/\/xavier.sc.kr\/wp\/francais\/index.php?rest_route=\/wp\/v2\/pages\/3635\/revisions\/8003"}],"up":[{"embeddable":true,"href":"http:\/\/xavier.sc.kr\/wp\/francais\/index.php?rest_route=\/wp\/v2\/pages\/3631"}],"wp:attachment":[{"href":"http:\/\/xavier.sc.kr\/wp\/francais\/index.php?rest_route=%2Fwp%2Fv2%2Fmedia&parent=3635"}],"curies":[{"name":"wp","href":"https:\/\/api.w.org\/{rel}","templated":true}]}}