{"id":3564,"date":"2013-10-01T04:22:08","date_gmt":"2013-10-01T04:22:08","guid":{"rendered":"http:\/\/xavier2013.cafe24.com\/wp\/?page_id=3564"},"modified":"2021-05-11T14:52:33","modified_gmt":"2021-05-11T05:52:33","slug":"%ea%b8%b0%ec%88%99%ec%82%ac","status":"publish","type":"page","link":"http:\/\/xavier.sc.kr\/wp\/francais\/?page_id=3564","title":{"rendered":"Internat"},"content":{"rendered":"<div class=\"sub0205\">\n<h4>L\u2019internat<\/h4>\n<ul class=\"list01\">\n<li>1. On peut rentrer \u00e0 l\u2019internat le dimanche soir de 19h \u00e0 21h ou le lundi matin avant 8h15.<\/li>\n<li>2. \u00c0 apporter : couette, lampe de chevet et n\u00e9cessaire de toilette.<\/li>\n<li>3. On peut apporter un s\u00e8che-cheveux.<br \/>\n<span style=\"color: #ff0000;\">* Les PC portables sont interdits<\/span><\/li>\n<\/ul>\n<h3 style=\"text-align: center;\"><strong>VIE A L&rsquo;INTERNAT<\/strong><\/h3>\n<table>\n<tbody>\n<tr>\n<th valign=\"center\"><b>Horaires<\/b><\/th>\n<th valign=\"center\"><b>Coll\u00e8ge<\/b><\/th>\n<th valign=\"center\"><b>Lyc\u00e9e<\/b><\/th>\n<\/tr>\n<tr>\n<td valign=\"center\">\n<p align=\"center\">7h 15<\/p>\n<p align=\"center\">7h 45 &#8211; 8h 10<\/p>\n<\/td>\n<td colspan=\"2\" valign=\"center\">\n<p align=\"center\">R\u00e9veil<\/p>\n<p align=\"center\">Petit d\u00e9jeuner \u00e0 la cantine<\/p>\n<\/td>\n<\/tr>\n<tr>\n<td valign=\"center\">8h 20<\/td>\n<td colspan=\"2\" valign=\"center\">\u00c0 l\u2019 \u00e9cole (les portes sont ferm\u00e9es)<\/td>\n<\/tr>\n<tr>\n<td valign=\"center\">18h &#8211; 18h 30<\/td>\n<td colspan=\"2\" valign=\"center\">D\u00eener \u00e0 la cantine<\/td>\n<\/tr>\n<tr>\n<td valign=\"center\">19h &#8211; 21h<\/td>\n<td colspan=\"2\" valign=\"center\">\u00c0 l\u2019 \u00e9tude (Lundi\u2192Jeudi)<\/td>\n<\/tr>\n<tr>\n<td valign=\"center\">22h 00<\/td>\n<td colspan=\"2\" valign=\"center\">Coucher<\/td>\n<\/tr>\n<\/tbody>\n<\/table>\n<div class=\"clear10\"><img loading=\"lazy\" class=\"aligncenter size-full wp-image-5025\" src=\"http:\/\/xavier2013.cafe24.com\/wp\/francais\/wp-content\/uploads\/sites\/2\/2013\/10\/\uae30\uc219\uc0ac.jpg\" alt=\"\uae30\uc219\uc0ac\" width=\"870\" height=\"215\" srcset=\"http:\/\/xavier.sc.kr\/wp\/francais\/wp-content\/uploads\/sites\/2\/2013\/10\/\uae30\uc219\uc0ac.jpg 870w, http:\/\/xavier.sc.kr\/wp\/francais\/wp-content\/uploads\/sites\/2\/2013\/10\/\uae30\uc219\uc0ac-300x74.jpg 300w\" sizes=\"(max-width: 870px) 100vw, 870px\" \/><\/div>\n<\/div>\n","protected":false},"excerpt":{"rendered":"<p>L\u2019internat 1. On peut rentrer \u00e0 l\u2019internat le dimanche soir de 19h \u00e0 21h ou le lundi matin avant 8h15. 2. \u00c0 apporter : couette, lampe de chevet et n\u00e9cessaire de toilette. 3. On peut apporter un s\u00e8che-cheveux. * Les PC portables sont interdits VIE A L&rsquo;INTERNAT Horaires Coll\u00e8ge Lyc\u00e9e 7h 15 7h 45 &#8211; 8h 10 R\u00e9veil Petit d\u00e9jeuner \u00e0 la cantine 8h 20 \u00c0 l\u2019 \u00e9cole (les portes sont ferm\u00e9es) 18h &#8211; 18h 30 D\u00eener \u00e0 la cantine 19h &#8211; 21h \u00c0 l\u2019 \u00e9tude (Lundi\u2192Jeudi) 22h 00 Coucher<\/p>\n","protected":false},"author":3,"featured_media":0,"parent":3554,"menu_order":4,"comment_status":"open","ping_status":"closed","template":"","meta":[],"_links":{"self":[{"href":"http:\/\/xavier.sc.kr\/wp\/francais\/index.php?rest_route=\/wp\/v2\/pages\/3564"}],"collection":[{"href":"http:\/\/xavier.sc.kr\/wp\/francais\/index.php?rest_route=\/wp\/v2\/pages"}],"about":[{"href":"http:\/\/xavier.sc.kr\/wp\/francais\/index.php?rest_route=\/wp\/v2\/types\/page"}],"author":[{"embeddable":true,"href":"http:\/\/xavier.sc.kr\/wp\/francais\/index.php?rest_route=\/wp\/v2\/users\/3"}],"replies":[{"embeddable":true,"href":"http:\/\/xavier.sc.kr\/wp\/francais\/index.php?rest_route=%2Fwp%2Fv2%2Fcomments&post=3564"}],"version-history":[{"count":17,"href":"http:\/\/xavier.sc.kr\/wp\/francais\/index.php?rest_route=\/wp\/v2\/pages\/3564\/revisions"}],"predecessor-version":[{"id":8340,"href":"http:\/\/xavier.sc.kr\/wp\/francais\/index.php?rest_route=\/wp\/v2\/pages\/3564\/revisions\/8340"}],"up":[{"embeddable":true,"href":"http:\/\/xavier.sc.kr\/wp\/francais\/index.php?rest_route=\/wp\/v2\/pages\/3554"}],"wp:attachment":[{"href":"http:\/\/xavier.sc.kr\/wp\/francais\/index.php?rest_route=%2Fwp%2Fv2%2Fmedia&parent=3564"}],"curies":[{"name":"wp","href":"https:\/\/api.w.org\/{rel}","templated":true}]}}