{"id":3562,"date":"2013-10-01T04:21:52","date_gmt":"2013-10-01T04:21:52","guid":{"rendered":"http:\/\/xavier2013.cafe24.com\/wp\/?page_id=3562"},"modified":"2022-01-04T16:19:39","modified_gmt":"2022-01-04T07:19:39","slug":"%ea%b5%90%eb%b3%b5","status":"publish","type":"page","link":"http:\/\/xavier.sc.kr\/wp\/francais\/?page_id=3562","title":{"rendered":"Uniforme"},"content":{"rendered":"<div class=\"sub0204\">\n<h4>Prix des uniformes\u00a02020 \u2013 2021<\/h4>\n<h5>Primaire<\/h5>\n<table cellspacing=\"0\" cellpadding=\"0\">\n<colgroup>\n<col width=\"250\" \/>\n<col \/>\n<col width=\"250\" \/>\n<col \/><\/colgroup>\n<tbody>\n<tr>\n<th>T-shirts<\/th>\n<td>25 000 KRW<\/td>\n<th><\/th>\n<td><\/td>\n<\/tr>\n<tr>\n<th>Gilet<\/th>\n<td>32 000 KRW<\/td>\n<th><\/th>\n<td><\/td>\n<\/tr>\n<tr>\n<th>Cardigan<\/th>\n<td>52 000 KRW<\/td>\n<th><\/th>\n<td><\/td>\n<\/tr>\n<tr>\n<th>Pantalon ou jupe d\u2019\u00e9t\u00e9<\/th>\n<td>45 000 KRW<\/td>\n<th>Pantalon ou jupe d\u2019hiver<\/th>\n<td>50 000 KRW<\/td>\n<\/tr>\n<tr>\n<th>Uniforme sportif d\u2019\u00e9t\u00e9<\/th>\n<td>40 000 KRW<\/td>\n<th>Uniforme sportif d\u2019hiver<\/th>\n<td>45 000 KRW<\/td>\n<\/tr>\n<tr>\n<th>T-shirts \u00e0 capuche<\/th>\n<td>35 000 KRW<\/td>\n<th><\/th>\n<td><\/td>\n<\/tr>\n<\/tbody>\n<\/table>\n<p>&nbsp;<\/p>\n<h5>Secondaire (coll\u00e8ge et lyc\u00e9e)<\/h5>\n<table cellspacing=\"0\" cellpadding=\"0\">\n<colgroup>\n<col width=\"250\" \/>\n<col \/>\n<col width=\"250\" \/>\n<col \/><\/colgroup>\n<tbody>\n<tr>\n<th>T-shirts<\/th>\n<td>25 000 KRW<\/td>\n<th><\/th>\n<td><\/td>\n<\/tr>\n<tr>\n<th>Gilet<\/th>\n<td>32 000 KRW<\/td>\n<th><\/th>\n<td><\/td>\n<\/tr>\n<tr>\n<th>Cardigan<\/th>\n<td>52 000 KRW<\/td>\n<th><\/th>\n<td><\/td>\n<\/tr>\n<tr>\n<th>Pantalon ou jupe d\u2019\u00e9t\u00e9<\/th>\n<td>50 000 KRW<\/td>\n<th>Pantalon ou jupe d\u2019hiver<\/th>\n<td>50 000 KRW<\/td>\n<\/tr>\n<tr>\n<th>T-shirts \u00e0 capuche<\/th>\n<td>35 000 KRW<\/td>\n<th><\/th>\n<td><\/td>\n<\/tr>\n<\/tbody>\n<\/table>\n<p>&nbsp;<\/p>\n<h4>Vente d\u2019uniformes<\/h4>\n<p>Uniquement sur rendez-vous<\/p>\n<p>Entre le 5 janvier 2022 et le 18 f\u00e9vrier 2022, -20 % de remise sur tous les uniformes.<\/p>\n<\/div>\n","protected":false},"excerpt":{"rendered":"<p>Prix des uniformes\u00a02020 \u2013 2021 Primaire T-shirts 25 000 KRW Gilet 32 000 KRW Cardigan 52 000 KRW Pantalon ou jupe d\u2019\u00e9t\u00e9 45 000 KRW Pantalon ou jupe d\u2019hiver 50 000 KRW Uniforme sportif d\u2019\u00e9t\u00e9 40 000 KRW Uniforme sportif d\u2019hiver 45 000 KRW T-shirts \u00e0 capuche 35 000 KRW &nbsp; Secondaire (coll\u00e8ge et lyc\u00e9e) T-shirts 25 000 KRW Gilet 32 000 KRW Cardigan 52 000 KRW Pantalon ou jupe d\u2019\u00e9t\u00e9 50 000 KRW Pantalon ou jupe d\u2019hiver 50 000 KRW T-shirts \u00e0 capuche 35 000 KRW &nbsp; Vente d\u2019uniformes Uniquement sur rendez-vous Entre le 5 janvier 2022 et le 18 f\u00e9vrier 2022, -20 % de remise sur tous les uniformes.<\/p>\n","protected":false},"author":3,"featured_media":0,"parent":3554,"menu_order":3,"comment_status":"open","ping_status":"closed","template":"","meta":[],"_links":{"self":[{"href":"http:\/\/xavier.sc.kr\/wp\/francais\/index.php?rest_route=\/wp\/v2\/pages\/3562"}],"collection":[{"href":"http:\/\/xavier.sc.kr\/wp\/francais\/index.php?rest_route=\/wp\/v2\/pages"}],"about":[{"href":"http:\/\/xavier.sc.kr\/wp\/francais\/index.php?rest_route=\/wp\/v2\/types\/page"}],"author":[{"embeddable":true,"href":"http:\/\/xavier.sc.kr\/wp\/francais\/index.php?rest_route=\/wp\/v2\/users\/3"}],"replies":[{"embeddable":true,"href":"http:\/\/xavier.sc.kr\/wp\/francais\/index.php?rest_route=%2Fwp%2Fv2%2Fcomments&post=3562"}],"version-history":[{"count":39,"href":"http:\/\/xavier.sc.kr\/wp\/francais\/index.php?rest_route=\/wp\/v2\/pages\/3562\/revisions"}],"predecessor-version":[{"id":8464,"href":"http:\/\/xavier.sc.kr\/wp\/francais\/index.php?rest_route=\/wp\/v2\/pages\/3562\/revisions\/8464"}],"up":[{"embeddable":true,"href":"http:\/\/xavier.sc.kr\/wp\/francais\/index.php?rest_route=\/wp\/v2\/pages\/3554"}],"wp:attachment":[{"href":"http:\/\/xavier.sc.kr\/wp\/francais\/index.php?rest_route=%2Fwp%2Fv2%2Fmedia&parent=3562"}],"curies":[{"name":"wp","href":"https:\/\/api.w.org\/{rel}","templated":true}]}}