{"id":6277,"date":"2022-06-02T17:38:04","date_gmt":"2022-06-02T08:38:04","guid":{"rendered":"https:\/\/xavier.vizensoft.com\/wp\/english\/?page_id=6277"},"modified":"2025-12-03T13:43:35","modified_gmt":"2025-12-03T04:43:35","slug":"pollution","status":"publish","type":"page","link":"http:\/\/xavier.sc.kr\/wp\/english\/?page_id=6277","title":{"rendered":"Pollution"},"content":{"rendered":"\t\t<div data-elementor-type=\"wp-page\" data-elementor-id=\"6277\" class=\"elementor elementor-6277\" data-elementor-settings=\"[]\">\n\t\t\t\t\t\t\t<div class=\"elementor-section-wrap\">\n\t\t\t\t\t\t\t<div class=\"elementor-section elementor-top-section elementor-element elementor-element-ff549db elementor-section-full_width elementor-section-stretched sub_visual elementor-section-height-default elementor-section-height-default\" data-id=\"ff549db\" data-element_type=\"section\" data-settings=\"{&quot;stretch_section&quot;:&quot;section-stretched&quot;,&quot;background_background&quot;:&quot;classic&quot;}\">\n\t\t\t\t\t\t<div class=\"elementor-container elementor-column-gap-default\">\n\t\t\t\t\t<div class=\"elementor-column elementor-col-100 elementor-top-column elementor-element elementor-element-dd0ad34\" data-id=\"dd0ad34\" data-element_type=\"column\">\n\t\t\t<div class=\"elementor-widget-wrap elementor-element-populated\">\n\t\t\t\t\t\t\t\t<div class=\"elementor-element elementor-element-87dc094 elementor-widget elementor-widget-heading\" data-id=\"87dc094\" data-element_type=\"widget\" data-widget_type=\"heading.default\">\n\t\t\t\t<div class=\"elementor-widget-container\">\n\t\t\t<style>\/*! elementor - v3.5.5 - 03-02-2022 *\/\n.elementor-heading-title{padding:0;margin:0;line-height:1}.elementor-widget-heading .elementor-heading-title[class*=elementor-size-]>a{color:inherit;font-size:inherit;line-height:inherit}.elementor-widget-heading .elementor-heading-title.elementor-size-small{font-size:15px}.elementor-widget-heading .elementor-heading-title.elementor-size-medium{font-size:19px}.elementor-widget-heading .elementor-heading-title.elementor-size-large{font-size:29px}.elementor-widget-heading .elementor-heading-title.elementor-size-xl{font-size:39px}.elementor-widget-heading .elementor-heading-title.elementor-size-xxl{font-size:59px}<\/style><h2 class=\"elementor-heading-title elementor-size-default\">INFORMATION<\/h2>\t\t<\/div>\n\t\t\t\t<\/div>\n\t\t\t\t<div class=\"elementor-element elementor-element-4d86402 elementor-widget elementor-widget-html\" data-id=\"4d86402\" data-element_type=\"widget\" data-widget_type=\"html.default\">\n\t\t\t\t<div class=\"elementor-widget-container\">\n\t\t\t<div class=\"sub_path\">\n    <a class=\"home\" href=\"\/wp\/english\/\">\n        <img src=\"\/image\/sub_visual_home_btn.png\"\/>\n    <\/a>\n    <div class=\"depth01\">\n        <p>INFORMATION<\/p>\n    <\/div>\n    <div class=\"depth02\">\n        <p>Practical Information<\/p>\n    <\/div>\n<\/div>\t\t<\/div>\n\t\t\t\t<\/div>\n\t\t\t\t\t<\/div>\n\t\t<\/div>\n\t\t\t\t\t\t\t<\/div>\n\t\t<\/div>\n\t\t\t\t<div class=\"elementor-section elementor-top-section elementor-element elementor-element-b6c4890 tab_contents elementor-section-boxed elementor-section-height-default elementor-section-height-default\" data-id=\"b6c4890\" data-element_type=\"section\">\n\t\t\t\t\t\t<div class=\"elementor-container elementor-column-gap-default\">\n\t\t\t\t\t<div class=\"elementor-column elementor-col-100 elementor-top-column elementor-element elementor-element-2cceefc\" data-id=\"2cceefc\" data-element_type=\"column\">\n\t\t\t<div class=\"elementor-widget-wrap elementor-element-populated\">\n\t\t\t\t\t\t\t\t<div class=\"elementor-element elementor-element-2d78576 elementor-widget elementor-widget-html\" data-id=\"2d78576\" data-element_type=\"widget\" data-widget_type=\"html.default\">\n\t\t\t\t<div class=\"elementor-widget-container\">\n\t\t\t<div class=\"sub_tab grid7\">\r\n\t<ul>\r\n        <li><a href=\"http:\/\/xavier.sc.kr\/wp\/english\/?page_id=7074\"><span>School rules<\/span><\/a><\/li>\r\n        <li><a href=\"\/wp\/english\/?page_id=6265\"><span>Bulletins<\/span><\/a><\/li>\r\n        <li><a href=\"\/wp\/english\/?page_id=6267\"><span>Education of French Students<\/span><\/a><\/li>\r\n        <li><a href=\"\/wp\/english\/?page_id=6269\"><span>Dormitory<\/span><\/a><\/li><br\/>\r\n        <li><a href=\"\/wp\/english\/?page_id=6271\"><span>Uniform<\/span><\/a><\/li>\r\n        <li><a href=\"\/wp\/english\/?page_id=6273\"><span>School Statutes<\/span><\/a><\/li>\r\n        <li><a href=\"\/wp\/english\/?page_id=6275\"><span>Cafeteria Menu<\/span><\/a><\/li>\r\n        <li class=\"on\"><a href=\"\/wp\/english\/?page_id=6277\"><span>Pollution<\/span><\/a><\/li>\r\n    <\/ul>\r\n<\/div>\r\n<div class=\"sub_con\">\r\n\t<div class=\"sub_tit\">\r\n\t\t<h3>Pollution<\/h3>\r\n\t\t<p><a href=\"\/\/aqicn.org\/city\/korea\/seoul\/eunpyeong-gu\/\" target=\"_blank\">http:\/\/aqicn.org\/city\/korea\/seoul\/eunpyeong-gu\/<\/a><\/p>\r\n\t<\/div>\r\n\t<div class=\"rule_top info\">\r\n\t\t<div class=\"table_box\">\r\n\t\t\t<div class=\"top_txt\">\r\n\t\t\t\t<p>Indice de qualit\u00e9 de l\u2019air IQA : les indices de la pollution et les codes de couleurs disponibles sur ce site Web utilisent le standard de l\u2019EPA<\/p>\r\n\t\t\t\t<div class=\"widget_box\">\r\n\t\t\t\t\t<script type='text\/javascript' src='\/\/widgets.waqi.info\/jswgt\/?size=small&city=@1688&lang=fr'><\/script><noscript>Not seeing a widget? (<a href='\/\/aqicn.org\/'>More info<\/a>)<\/noscript>\r\n\t\t\t\t<\/div>\r\n\t\t\t<\/div>\r\n\t\t\t<div class=\"table_layout01 m_scroll type_sm\">\r\n\t\t\t\t<table>\r\n\t\t\t\t\t<colgroup>\r\n\t\t\t\t\t\t<col class=\"col01\"\/>\r\n\t\t\t\t\t\t<col width=\"*\"\/>\r\n\t\t\t\t\t\t<col width=\"34.2%\"\/>\r\n\t\t\t\t\t\t<col width=\"34.2%\"\/>\r\n\t\t\t\t\t<\/colgroup>\r\n\t\t\t\t\t<thead>\r\n\t\t\t\t\t\t<tr>\r\n\t\t\t\t\t\t\t<th>IQA<\/th>\r\n\t\t\t\t\t\t\t<th>Niveau de pollution de l\u2019air<\/th>\r\n\t\t\t\t\t\t\t<th>Impact sur la sant\u00e9<\/th>\r\n\t\t\t\t\t\t\t<th>R\u00e9ponse \u00e9tablissement<\/th>\r\n\t\t\t\t\t\t<\/tr>\r\n\t\t\t\t\t<\/thead>\r\n\t\t\t\t\t<tbody>\r\n\t\t\t\t\t\t<tr>\r\n\t\t\t\t\t\t\t<th>0 \u2013 49<\/th>\r\n\t\t\t\t\t\t\t<td>Bon<\/td>\r\n\t\t\t\t\t\t\t<td>La qualit\u00e9 de l\u2019air est jug\u00e9e satisfaisante, et la pollution de l\u2019air pose peu ou pas de risque.<\/td>\r\n\t\t\t\t\t\t\t<td>Activit\u00e9s normales.<\/td>\r\n\t\t\t\t\t\t<\/tr>\r\n\t\t\t\t\t\t<tr>\r\n\t\t\t\t\t\t\t<th>50 \u2013 99<\/th>\r\n\t\t\t\t\t\t\t<td>Mod\u00e9r\u00e9<\/td>\r\n\t\t\t\t\t\t\t<td>La qualit\u00e9 de l\u2019air est acceptable ; cependant, pour certains polluants, il peut y avoir un risque mod\u00e9r\u00e9 pour la sant\u00e9 d\u2019un tr\u00e8s petit nombre de personnes particuli\u00e8rement sensibles \u00e0 la pollution atmosph\u00e9rique.<\/td>\r\n\t\t\t\t\t\t\t<td>Activit\u00e9s normales.<\/td>\r\n\t\t\t\t\t\t<\/tr>\r\n\t\t\t\t\t\t<tr>\r\n\t\t\t\t\t\t\t<th>100 \u2013 129<\/th>\r\n\t\t\t\t\t\t\t<td>Mauvais pour les groupes sensibles<\/td>\r\n\t\t\t\t\t\t\t<td>La qualit\u00e9 de l\u2019air est acceptable ; cependant, pour certains polluants, il peut y avoir un probl\u00e8me de sant\u00e9 mod\u00e9r\u00e9 pour un tr\u00e8s petit nombre de personnes qui sont particuli\u00e8rement sensibles \u00e0 la pollution de l\u2019air.<\/td>\r\n\t\t\t\t\t\t\t<td>Limitation des activit\u00e9s physiques pour les \u00e9l\u00e8ves ayant une pathologie respiratoire. <br\/>\r\n\t\t\t\t\t\t\tMaternelle : autant que possible, \u00e9l\u00e8ves confin\u00e9s \u00e0 l\u2019int\u00e9rieur, activit\u00e9s ext\u00e9rieures annul\u00e9es.<\/td>\r\n\t\t\t\t\t\t<\/tr>\r\n\t\t\t\t\t\t<tr>\r\n\t\t\t\t\t\t\t<th>130 \u2013 199<\/th>\r\n\t\t\t\t\t\t\t<td>Mauvais<\/td>\r\n\t\t\t\t\t\t\t<td>Tout le monde peut commencer \u00e0 ressentir des effets sur la sant\u00e9 ; les membres des groupes sensibles peuvent ressentir des effets de sant\u00e9 plus graves.<\/td>\r\n\t\t\t\t\t\t\t<td>Primaire et secondaire : autant que possible, \u00e9l\u00e8ves confin\u00e9s \u00e0 l\u2019int\u00e9rieur, activit\u00e9s ext\u00e9rieures annul\u00e9es.<\/td>\r\n\t\t\t\t\t\t<\/tr>\r\n\t\t\t\t\t\t<tr>\r\n\t\t\t\t\t\t\t<th>200 \u2013 299<\/th>\r\n\t\t\t\t\t\t\t<td>Tr\u00e8s mauvais<\/td>\r\n\t\t\t\t\t\t\t<td>Avertissements sur la sant\u00e9. Toute la population est susceptible d\u2019\u00eatre affect\u00e9e.<\/td>\r\n\t\t\t\t\t\t\t<td>Autant que possible, tous les personnels confin\u00e9s \u00e0 l\u2019int\u00e9rieur, activit\u00e9s ext\u00e9rieures annul\u00e9es.<\/td>\r\n\t\t\t\t\t\t<\/tr>\r\n\t\t\t\t\t\t<tr>\r\n\t\t\t\t\t\t\t<th>300+<\/th>\r\n\t\t\t\t\t\t\t<td>Dangereux<\/td>\r\n\t\t\t\t\t\t\t<td>Alerte sur la sant\u00e9 : tout le monde peut ressentir des effets plus graves.<\/td>\r\n\t\t\t\t\t\t\t<td>\u00c9tablissement ferm\u00e9.<\/td>\r\n\t\t\t\t\t\t<\/tr>\r\n\t\t\t\t\t<\/tbody>\r\n\t\t\t\t<\/table>\r\n\t\t\t<\/div>\r\n\t\t<\/div>\r\n\t<\/div>\r\n<\/div>\r\n<div class=\"sub_con\">\r\n\t<div class=\"sub_tit\">\r\n\t\t<h3>Sable jaune<\/h3>\r\n\t<\/div>\r\n\t<div class=\"rule_top info\">\r\n\t\t<div class=\"table_box\">\r\n\t\t\t<p>Les informations concernant le sable jaune sont disponibles sur le site du gouvernement cor\u00e9en.<\/p>\r\n\t\t\t<div class=\"table_layout01 type_sm\">\r\n\t\t\t\t<table>\r\n\t\t\t\t\t<colgroup>\r\n\t\t\t\t\t\t<col width=\"25.3%\"\/>\r\n\t\t\t\t\t\t<col width=\"*\"\/>\r\n\t\t\t\t\t<\/colgroup>\r\n\t\t\t\t\t<thead>\r\n\t\t\t\t\t\t<tr>\r\n\t\t\t\t\t\t\t<th>Concentration de sable jaune (mg\/m\u00b3)<\/th>\r\n\t\t\t\t\t\t\t<th>R\u00e9ponse \u00e9tablissement<\/th>\r\n\t\t\t\t\t\t<\/tr>\r\n\t\t\t\t\t<\/thead>\r\n\t\t\t\t\t<tbody>\r\n\t\t\t\t\t\t<tr>\r\n\t\t\t\t\t\t\t<th>0 \u2013 299<\/th>\r\n\t\t\t\t\t\t\t<td>Activit\u00e9s normales.<\/td>\r\n\t\t\t\t\t\t<\/tr>\r\n\t\t\t\t\t\t<tr>\r\n\t\t\t\t\t\t\t<th>300 \u2013 399<\/th>\r\n\t\t\t\t\t\t\t<td>Primaire : autant que possible, \u00e9l\u00e8ves confin\u00e9s \u00e0 l\u2019int\u00e9rieur, activit\u00e9s ext\u00e9rieures annul\u00e9es.<\/td>\r\n\t\t\t\t\t\t<\/tr>\r\n\t\t\t\t\t\t<tr>\r\n\t\t\t\t\t\t\t<th>400 \u2013 799<\/th>\r\n\t\t\t\t\t\t\t<td>Autant que possible, tous les \u00e9l\u00e8ves confin\u00e9s \u00e0 l\u2019int\u00e9rieur, activit\u00e9s ext\u00e9rieures annul\u00e9es.<\/td>\r\n\t\t\t\t\t\t<\/tr>\r\n\t\t\t\t\t\t<tr>\r\n\t\t\t\t\t\t\t<th>800+<\/th>\r\n\t\t\t\t\t\t\t<td>\u00c9tablissement ferm\u00e9.<\/td>\r\n\t\t\t\t\t\t<\/tr>\r\n\t\t\t\t\t<\/tbody>\r\n\t\t\t\t<\/table>\r\n\t\t\t<\/div>\r\n\t\t<\/div>\r\n\t<\/div>\r\n<\/div>\t\t<\/div>\n\t\t\t\t<\/div>\n\t\t\t\t\t<\/div>\n\t\t<\/div>\n\t\t\t\t\t\t\t<\/div>\n\t\t<\/div>\n\t\t\t\t\t\t<\/div>\n\t\t\t\t\t<\/div>\n\t\t","protected":false},"excerpt":{"rendered":"<p>INFORMATION INFORMATION Practical Information School rules Bulletins Education of French Students Dormitory Uniform School Statutes Cafeteria Menu Pollution Pollution http:\/\/aqicn.org\/city\/korea\/seoul\/eunpyeong-gu\/ Indice de qualit\u00e9 de l\u2019air IQA : les indices de la pollution et les codes de couleurs disponibles sur ce site Web utilisent le standard de l\u2019EPA Not seeing a widget? (More info) IQA Niveau de pollution de l\u2019air Impact sur la sant\u00e9 R\u00e9ponse \u00e9tablissement 0 \u2013 49 Bon La qualit\u00e9 de l\u2019air est jug\u00e9e satisfaisante, et la pollution de l\u2019air pose peu ou pas de risque. Activit\u00e9s normales. 50 \u2013 99 Mod\u00e9r\u00e9 La qualit\u00e9 de l\u2019air est acceptable ; cependant, pour certains polluants, il peut y avoir un risque mod\u00e9r\u00e9 pour la sant\u00e9 d\u2019un tr\u00e8s petit nombre de personnes particuli\u00e8rement sensibles \u00e0 la pollution atmosph\u00e9rique. Activit\u00e9s normales. 100 \u2013 129 Mauvais pour les groupes sensibles La qualit\u00e9 de l\u2019air est acceptable ; cependant, pour certains polluants, il peut y avoir un probl\u00e8me de sant\u00e9 mod\u00e9r\u00e9 pour un tr\u00e8s petit nombre de personnes qui sont particuli\u00e8rement sensibles \u00e0 la pollution de l\u2019air. Limitation des activit\u00e9s physiques pour les \u00e9l\u00e8ves ayant une pathologie respiratoire. Maternelle : autant que possible, \u00e9l\u00e8ves confin\u00e9s \u00e0 l\u2019int\u00e9rieur, activit\u00e9s ext\u00e9rieures annul\u00e9es. 130 \u2013 199 Mauvais Tout le monde peut commencer \u00e0 ressentir des effets sur la sant\u00e9 ; les membres des groupes sensibles peuvent ressentir des effets de sant\u00e9 plus graves. Primaire et secondaire : autant que possible, \u00e9l\u00e8ves confin\u00e9s \u00e0 l\u2019int\u00e9rieur, activit\u00e9s ext\u00e9rieures annul\u00e9es. 200 \u2013 299 Tr\u00e8s mauvais Avertissements sur la sant\u00e9. Toute la population est susceptible d\u2019\u00eatre affect\u00e9e. Autant que possible, tous les personnels confin\u00e9s \u00e0 l\u2019int\u00e9rieur, activit\u00e9s ext\u00e9rieures annul\u00e9es. 300+ Dangereux Alerte sur la sant\u00e9 : tout le monde peut ressentir des effets plus graves. \u00c9tablissement ferm\u00e9. Sable jaune Les informations concernant le sable jaune sont disponibles sur le site du gouvernement cor\u00e9en. Concentration de sable jaune (mg\/m\u00b3) R\u00e9ponse \u00e9tablissement 0 \u2013 299 Activit\u00e9s normales. 300 \u2013 399 Primaire : autant que possible, \u00e9l\u00e8ves confin\u00e9s \u00e0 l\u2019int\u00e9rieur, activit\u00e9s ext\u00e9rieures annul\u00e9es. 400 \u2013 799 Autant que possible, tous les \u00e9l\u00e8ves confin\u00e9s \u00e0 l\u2019int\u00e9rieur, activit\u00e9s ext\u00e9rieures annul\u00e9es. 800+ \u00c9tablissement ferm\u00e9.<\/p>\n","protected":false},"author":1,"featured_media":0,"parent":0,"menu_order":0,"comment_status":"closed","ping_status":"closed","template":"","meta":[],"_links":{"self":[{"href":"http:\/\/xavier.sc.kr\/wp\/english\/index.php?rest_route=\/wp\/v2\/pages\/6277"}],"collection":[{"href":"http:\/\/xavier.sc.kr\/wp\/english\/index.php?rest_route=\/wp\/v2\/pages"}],"about":[{"href":"http:\/\/xavier.sc.kr\/wp\/english\/index.php?rest_route=\/wp\/v2\/types\/page"}],"author":[{"embeddable":true,"href":"http:\/\/xavier.sc.kr\/wp\/english\/index.php?rest_route=\/wp\/v2\/users\/1"}],"replies":[{"embeddable":true,"href":"http:\/\/xavier.sc.kr\/wp\/english\/index.php?rest_route=%2Fwp%2Fv2%2Fcomments&post=6277"}],"version-history":[{"count":22,"href":"http:\/\/xavier.sc.kr\/wp\/english\/index.php?rest_route=\/wp\/v2\/pages\/6277\/revisions"}],"predecessor-version":[{"id":7668,"href":"http:\/\/xavier.sc.kr\/wp\/english\/index.php?rest_route=\/wp\/v2\/pages\/6277\/revisions\/7668"}],"wp:attachment":[{"href":"http:\/\/xavier.sc.kr\/wp\/english\/index.php?rest_route=%2Fwp%2Fv2%2Fmedia&parent=6277"}],"curies":[{"name":"wp","href":"https:\/\/api.w.org\/{rel}","templated":true}]}}